{"id":11378,"date":"2022-11-30T14:29:16","date_gmt":"2022-11-30T19:29:16","guid":{"rendered":"https:\/\/starmed.care\/cam-va-cum\/"},"modified":"2022-11-30T14:29:22","modified_gmt":"2022-11-30T19:29:22","slug":"cam-va-cum","status":"publish","type":"page","link":"https:\/\/starmed.care\/vi\/cam-va-cum\/","title":{"rendered":"C\u1ea3m v\u00e0 c\u00fam"},"content":{"rendered":"\t\t<div data-elementor-type=\"wp-page\" data-elementor-id=\"11378\" class=\"elementor elementor-11378\" data-elementor-post-type=\"page\">\n\t\t\t\t\t\t<section class=\"elementor-section elementor-top-section elementor-element elementor-element-be72890 elementor-section-boxed elementor-section-height-default elementor-section-height-default\" data-id=\"be72890\" data-element_type=\"section\">\n\t\t\t\t\t\t\t<div class=\"elementor-background-overlay\"><\/div>\n\t\t\t\t\t\t\t<div class=\"elementor-container elementor-column-gap-default\">\n\t\t\t\t\t<div class=\"elementor-column elementor-col-100 elementor-top-column elementor-element elementor-element-612c751\" data-id=\"612c751\" data-element_type=\"column\">\n\t\t\t<div class=\"elementor-widget-wrap elementor-element-populated\">\n\t\t\t\t\t\t<div class=\"elementor-element elementor-element-f1fe11b elementor-widget elementor-widget-heading\" data-id=\"f1fe11b\" data-element_type=\"widget\" data-widget_type=\"heading.default\">\n\t\t\t\t<div class=\"elementor-widget-container\">\n\t\t\t<h2 class=\"elementor-heading-title elementor-size-small\">C\u1ea3m v\u00e0 c\u00fam<\/h2>\t\t<\/div>\n\t\t\t\t<\/div>\n\t\t\t\t<div class=\"elementor-element elementor-element-a43149c elementor-widget elementor-widget-text-editor\" data-id=\"a43149c\" data-element_type=\"widget\" data-widget_type=\"text-editor.default\">\n\t\t\t\t<div class=\"elementor-widget-container\">\n\t\t\t\t\t\t\t<p>Nh\u1eadn x\u00e9t nghi\u1ec7m c\u00fam nhanh t\u1ea1i StarMed ngay h\u00f4m nay!<\/p>\n\t\t\t\t\t\t<\/div>\n\t\t\t\t<\/div>\n\t\t\t\t\t<\/div>\n\t\t<\/div>\n\t\t\t\t\t<\/div>\n\t\t<\/section>\n\t\t\t\t<section class=\"elementor-section elementor-top-section elementor-element elementor-element-c6f4bb4 elementor-section-boxed elementor-section-height-default elementor-section-height-default\" data-id=\"c6f4bb4\" data-element_type=\"section\">\n\t\t\t\t\t\t<div class=\"elementor-container elementor-column-gap-default\">\n\t\t\t\t\t<div class=\"elementor-column elementor-col-100 elementor-top-column elementor-element elementor-element-af1ff9c\" data-id=\"af1ff9c\" data-element_type=\"column\">\n\t\t\t<div class=\"elementor-widget-wrap elementor-element-populated\">\n\t\t\t\t\t\t<div class=\"elementor-element elementor-element-e844e26 elementor-widget elementor-widget-heading\" data-id=\"e844e26\" data-element_type=\"widget\" data-widget_type=\"heading.default\">\n\t\t\t\t<div class=\"elementor-widget-container\">\n\t\t\t<h2 class=\"elementor-heading-title elementor-size-default\">C\u1ea3m v\u00e0 c\u00fam<\/h2>\t\t<\/div>\n\t\t\t\t<\/div>\n\t\t\t\t\t<\/div>\n\t\t<\/div>\n\t\t\t\t\t<\/div>\n\t\t<\/section>\n\t\t\t\t<section class=\"elementor-section elementor-top-section elementor-element elementor-element-24ce8b1 elementor-section-boxed elementor-section-height-default elementor-section-height-default\" data-id=\"24ce8b1\" data-element_type=\"section\">\n\t\t\t\t\t\t<div class=\"elementor-container elementor-column-gap-default\">\n\t\t\t\t\t<div class=\"elementor-column elementor-col-100 elementor-top-column elementor-element elementor-element-4671b04\" data-id=\"4671b04\" data-element_type=\"column\">\n\t\t\t<div class=\"elementor-widget-wrap elementor-element-populated\">\n\t\t\t\t\t\t<div class=\"elementor-element elementor-element-b61a79a elementor-widget elementor-widget-text-editor\" data-id=\"b61a79a\" data-element_type=\"widget\" data-widget_type=\"text-editor.default\">\n\t\t\t\t<div class=\"elementor-widget-container\">\n\t\t\t\t\t\t\t<p>S\u1ed1t, \u0111au nh\u1ee9c c\u01a1 th\u1ec3 v\u00e0 \u0111au h\u1ecdng, \u0111\u00e2y c\u00f3 ph\u1ea3i l\u00e0 c\u1ea3m l\u1ea1nh kh\u00f4ng? Hay l\u00e0 C\u00daM?<\/p>\n<p>C\u1ea3m l\u1ea1nh th\u00f4ng th\u01b0\u1eddng v\u00e0 c\u00fam c\u00f3 nhi\u1ec1u tri\u1ec7u ch\u1ee9ng r\u1ea5t gi\u1ed1ng nhau. C\u1ea3m l\u1ea1nh th\u01b0\u1eddng nh\u1eb9 v\u00e0 kh\u00f4ng g\u00e2y ra c\u00e1c v\u1ea5n \u0111\u1ec1 s\u1ee9c kh\u1ecfe nghi\u00eam tr\u1ecdng, trong khi c\u00fam c\u00f3 th\u1ec3 khi\u1ebfn b\u1ea1n ph\u1ea3i nh\u1eadp vi\u1ec7n v\u1edbi c\u00e1c bi\u1ebfn ch\u1ee9ng nghi\u00eam tr\u1ecdng v\u00e0 th\u1eadm ch\u00ed \u0111e d\u1ecda \u0111\u1ebfn t\u00ednh m\u1ea1ng. C\u00e1ch duy nh\u1ea5t \u0111\u1ec3 bi\u1ebft b\u1ea1n \u0111ang b\u1ecb c\u1ea3m l\u1ea1nh hay c\u00fam l\u00e0 x\u00e9t nghi\u1ec7m c\u00fam nhanh ch\u00f3ng . H\u00e3y ki\u1ec3m tra ngay h\u00f4m nay t\u1ea1i v\u0103n ph\u00f2ng c\u1ee7a ch\u00fang t\u00f4i! Ch\u00fang t\u00f4i c\u00f3 th\u1ec3 gi\u00fap ch\u1ea9n \u0111o\u00e1n c\u00e1c tri\u1ec7u ch\u1ee9ng c\u1ee7a b\u1ea1n v\u00e0 cung c\u1ea5p ph\u01b0\u01a1ng ph\u00e1p \u0111i\u1ec1u tr\u1ecb m\u00e0 b\u1ea1n c\u1ea7n \u0111\u1ec3 b\u1eaft \u0111\u1ea7u c\u1ea3m th\u1ea5y t\u1ed1t h\u01a1n.<\/p>\n\t\t\t\t\t\t<\/div>\n\t\t\t\t<\/div>\n\t\t\t\t\t<\/div>\n\t\t<\/div>\n\t\t\t\t\t<\/div>\n\t\t<\/section>\n\t\t\t\t<section class=\"elementor-section elementor-top-section elementor-element elementor-element-b0d65b4 elementor-section-boxed elementor-section-height-default elementor-section-height-default\" data-id=\"b0d65b4\" data-element_type=\"section\">\n\t\t\t\t\t\t<div class=\"elementor-container elementor-column-gap-default\">\n\t\t\t\t\t<div class=\"elementor-column elementor-col-100 elementor-top-column elementor-element elementor-element-cdb868f\" data-id=\"cdb868f\" data-element_type=\"column\">\n\t\t\t<div class=\"elementor-widget-wrap elementor-element-populated\">\n\t\t\t\t\t\t<div class=\"elementor-element elementor-element-ed68e92 elementor-widget elementor-widget-heading\" data-id=\"ed68e92\" data-element_type=\"widget\" data-widget_type=\"heading.default\">\n\t\t\t\t<div class=\"elementor-widget-container\">\n\t\t\t<h2 class=\"elementor-heading-title elementor-size-default\">C\u00e1c tri\u1ec7u ch\u1ee9ng c\u1ee7a c\u1ea3m l\u1ea1nh th\u00f4ng th\u01b0\u1eddng th\u01b0\u1eddng nh\u1eb9, k\u00e9o d\u00e0i t\u1eeb 7-10 ng\u00e0y v\u00e0 bao g\u1ed3m:<\/h2>\t\t<\/div>\n\t\t\t\t<\/div>\n\t\t\t\t<div class=\"elementor-element elementor-element-3bdb216 elementor-icon-list--layout-traditional elementor-list-item-link-full_width elementor-widget elementor-widget-icon-list\" data-id=\"3bdb216\" data-element_type=\"widget\" data-widget_type=\"icon-list.default\">\n\t\t\t\t<div class=\"elementor-widget-container\">\n\t\t\t\t\t<ul class=\"elementor-icon-list-items\">\n\t\t\t\t\t\t\t<li class=\"elementor-icon-list-item\">\n\t\t\t\t\t\t\t\t\t\t\t<span class=\"elementor-icon-list-icon\">\n\t\t\t\t\t\t\t<i aria-hidden=\"true\" class=\"fas fa-check\"><\/i>\t\t\t\t\t\t<\/span>\n\t\t\t\t\t\t\t\t\t\t<span class=\"elementor-icon-list-text\">Vi\u00eam h\u1ecdng<\/span>\n\t\t\t\t\t\t\t\t\t<\/li>\n\t\t\t\t\t\t\t\t<li class=\"elementor-icon-list-item\">\n\t\t\t\t\t\t\t\t\t\t\t<span class=\"elementor-icon-list-icon\">\n\t\t\t\t\t\t\t<i aria-hidden=\"true\" class=\"fas fa-check\"><\/i>\t\t\t\t\t\t<\/span>\n\t\t\t\t\t\t\t\t\t\t<span class=\"elementor-icon-list-text\">S\u1ed5 m\u0169i ho\u1eb7c ngh\u1eb9t m\u0169i<\/span>\n\t\t\t\t\t\t\t\t\t<\/li>\n\t\t\t\t\t\t\t\t<li class=\"elementor-icon-list-item\">\n\t\t\t\t\t\t\t\t\t\t\t<span class=\"elementor-icon-list-icon\">\n\t\t\t\t\t\t\t<i aria-hidden=\"true\" class=\"fas fa-check\"><\/i>\t\t\t\t\t\t<\/span>\n\t\t\t\t\t\t\t\t\t\t<span class=\"elementor-icon-list-text\">H\u1eaft x\u00ec<\/span>\n\t\t\t\t\t\t\t\t\t<\/li>\n\t\t\t\t\t\t\t\t<li class=\"elementor-icon-list-item\">\n\t\t\t\t\t\t\t\t\t\t\t<span class=\"elementor-icon-list-icon\">\n\t\t\t\t\t\t\t<i aria-hidden=\"true\" class=\"fas fa-check\"><\/i>\t\t\t\t\t\t<\/span>\n\t\t\t\t\t\t\t\t\t\t<span class=\"elementor-icon-list-text\">Nh\u1ee9c m\u1ecfi c\u01a1 th\u1ec3<\/span>\n\t\t\t\t\t\t\t\t\t<\/li>\n\t\t\t\t\t\t\t\t<li class=\"elementor-icon-list-item\">\n\t\t\t\t\t\t\t\t\t\t\t<span class=\"elementor-icon-list-icon\">\n\t\t\t\t\t\t\t<i aria-hidden=\"true\" class=\"fas fa-check\"><\/i>\t\t\t\t\t\t<\/span>\n\t\t\t\t\t\t\t\t\t\t<span class=\"elementor-icon-list-text\">\u0110au \u0111\u1ea7u<\/span>\n\t\t\t\t\t\t\t\t\t<\/li>\n\t\t\t\t\t\t\t\t<li class=\"elementor-icon-list-item\">\n\t\t\t\t\t\t\t\t\t\t\t<span class=\"elementor-icon-list-icon\">\n\t\t\t\t\t\t\t<i aria-hidden=\"true\" class=\"fas fa-check\"><\/i>\t\t\t\t\t\t<\/span>\n\t\t\t\t\t\t\t\t\t\t<span class=\"elementor-icon-list-text\">Ch\u1ea3y n\u01b0\u1edbc m\u1eaft<\/span>\n\t\t\t\t\t\t\t\t\t<\/li>\n\t\t\t\t\t\t<\/ul>\n\t\t\t\t<\/div>\n\t\t\t\t<\/div>\n\t\t\t\t\t<\/div>\n\t\t<\/div>\n\t\t\t\t\t<\/div>\n\t\t<\/section>\n\t\t\t\t<section class=\"elementor-section elementor-top-section elementor-element elementor-element-b39e9b5 elementor-section-boxed elementor-section-height-default elementor-section-height-default\" data-id=\"b39e9b5\" data-element_type=\"section\">\n\t\t\t\t\t\t<div class=\"elementor-container elementor-column-gap-default\">\n\t\t\t\t\t<div class=\"elementor-column elementor-col-100 elementor-top-column elementor-element elementor-element-7f30537\" data-id=\"7f30537\" data-element_type=\"column\">\n\t\t\t<div class=\"elementor-widget-wrap elementor-element-populated\">\n\t\t\t\t\t\t<div class=\"elementor-element elementor-element-6252615 elementor-widget elementor-widget-heading\" data-id=\"6252615\" data-element_type=\"widget\" data-widget_type=\"heading.default\">\n\t\t\t\t<div class=\"elementor-widget-container\">\n\t\t\t<h2 class=\"elementor-heading-title elementor-size-default\">C\u00fam l\u00e0 do virus g\u00e2y ra. N\u00f3 x\u1ea3y ra theo m\u00f9a (t\u1eeb th\u00e1ng 10 \u0111\u1ebfn th\u00e1ng 5) v\u00e0 l\u00e2y lan qua c\u00e1c gi\u1ecdt nh\u1ecf khi ng\u01b0\u1eddi b\u1ecb c\u00fam ho, h\u1eaft h\u01a1i ho\u1eb7c n\u00f3i chuy\u1ec7n. C\u00e1c tri\u1ec7u ch\u1ee9ng c\u00fam c\u00f3 th\u1ec3 t\u1eeb nh\u1eb9 \u0111\u1ebfn n\u1eb7ng v\u00e0 bao g\u1ed3m<\/h2>\t\t<\/div>\n\t\t\t\t<\/div>\n\t\t\t\t<div class=\"elementor-element elementor-element-845c953 elementor-icon-list--layout-traditional elementor-list-item-link-full_width elementor-widget elementor-widget-icon-list\" data-id=\"845c953\" data-element_type=\"widget\" data-widget_type=\"icon-list.default\">\n\t\t\t\t<div class=\"elementor-widget-container\">\n\t\t\t\t\t<ul class=\"elementor-icon-list-items\">\n\t\t\t\t\t\t\t<li class=\"elementor-icon-list-item\">\n\t\t\t\t\t\t\t\t\t\t\t<span class=\"elementor-icon-list-icon\">\n\t\t\t\t\t\t\t<i aria-hidden=\"true\" class=\"fas fa-check\"><\/i>\t\t\t\t\t\t<\/span>\n\t\t\t\t\t\t\t\t\t\t<span class=\"elementor-icon-list-text\">Vi\u00eam h\u1ecdng<\/span>\n\t\t\t\t\t\t\t\t\t<\/li>\n\t\t\t\t\t\t\t\t<li class=\"elementor-icon-list-item\">\n\t\t\t\t\t\t\t\t\t\t\t<span class=\"elementor-icon-list-icon\">\n\t\t\t\t\t\t\t<i aria-hidden=\"true\" class=\"fas fa-check\"><\/i>\t\t\t\t\t\t<\/span>\n\t\t\t\t\t\t\t\t\t\t<span class=\"elementor-icon-list-text\">S\u1ed5 m\u0169i ho\u1eb7c ngh\u1eb9t m\u0169i<\/span>\n\t\t\t\t\t\t\t\t\t<\/li>\n\t\t\t\t\t\t\t\t<li class=\"elementor-icon-list-item\">\n\t\t\t\t\t\t\t\t\t\t\t<span class=\"elementor-icon-list-icon\">\n\t\t\t\t\t\t\t<i aria-hidden=\"true\" class=\"fas fa-check\"><\/i>\t\t\t\t\t\t<\/span>\n\t\t\t\t\t\t\t\t\t\t<span class=\"elementor-icon-list-text\">Ho<\/span>\n\t\t\t\t\t\t\t\t\t<\/li>\n\t\t\t\t\t\t\t\t<li class=\"elementor-icon-list-item\">\n\t\t\t\t\t\t\t\t\t\t\t<span class=\"elementor-icon-list-icon\">\n\t\t\t\t\t\t\t<i aria-hidden=\"true\" class=\"fas fa-check\"><\/i>\t\t\t\t\t\t<\/span>\n\t\t\t\t\t\t\t\t\t\t<span class=\"elementor-icon-list-text\">\u0110au nh\u1ee9c c\u01a1 b\u1eafp ho\u1eb7c c\u01a1 th\u1ec3<\/span>\n\t\t\t\t\t\t\t\t\t<\/li>\n\t\t\t\t\t\t\t\t<li class=\"elementor-icon-list-item\">\n\t\t\t\t\t\t\t\t\t\t\t<span class=\"elementor-icon-list-icon\">\n\t\t\t\t\t\t\t<i aria-hidden=\"true\" class=\"fas fa-check\"><\/i>\t\t\t\t\t\t<\/span>\n\t\t\t\t\t\t\t\t\t\t<span class=\"elementor-icon-list-text\">\u0110au \u0111\u1ea7u<\/span>\n\t\t\t\t\t\t\t\t\t<\/li>\n\t\t\t\t\t\t\t\t<li class=\"elementor-icon-list-item\">\n\t\t\t\t\t\t\t\t\t\t\t<span class=\"elementor-icon-list-icon\">\n\t\t\t\t\t\t\t<i aria-hidden=\"true\" class=\"fas fa-check\"><\/i>\t\t\t\t\t\t<\/span>\n\t\t\t\t\t\t\t\t\t\t<span class=\"elementor-icon-list-text\">S\u1ed1t ho\u1eb7c c\u1ea3m th\u1ea5y s\u1ed1t\/\u1edbn l\u1ea1nh<\/span>\n\t\t\t\t\t\t\t\t\t<\/li>\n\t\t\t\t\t\t<\/ul>\n\t\t\t\t<\/div>\n\t\t\t\t<\/div>\n\t\t\t\t\t<\/div>\n\t\t<\/div>\n\t\t\t\t\t<\/div>\n\t\t<\/section>\n\t\t\t\t<section class=\"elementor-section elementor-top-section elementor-element elementor-element-02e651d elementor-section-boxed elementor-section-height-default elementor-section-height-default\" data-id=\"02e651d\" data-element_type=\"section\">\n\t\t\t\t\t\t<div class=\"elementor-container elementor-column-gap-default\">\n\t\t\t\t\t<div class=\"elementor-column elementor-col-100 elementor-top-column elementor-element elementor-element-d62a761\" data-id=\"d62a761\" data-element_type=\"column\">\n\t\t\t<div class=\"elementor-widget-wrap elementor-element-populated\">\n\t\t\t\t\t\t<div class=\"elementor-element elementor-element-07e183a elementor-widget elementor-widget-text-editor\" data-id=\"07e183a\" data-element_type=\"widget\" data-widget_type=\"text-editor.default\">\n\t\t\t\t<div class=\"elementor-widget-container\">\n\t\t\t\t\t\t\t<p>N\u1ebfu b\u1ea1n b\u1ecb c\u1ea3m l\u1ea1nh ho\u1eb7c c\u00fam, c\u00e1c nh\u00e0 cung c\u1ea5p d\u1ecbch v\u1ee5 c\u1ee7a ch\u00fang t\u00f4i c\u00f3 th\u1ec3 k\u00ea \u0111\u01a1n thu\u1ed1c kh\u00e1ng vi-r\u00fat \u0111\u00e3 \u0111\u01b0\u1ee3c ch\u1ee9ng minh l\u00e0 l\u00e0m gi\u1ea3m m\u1ee9c \u0111\u1ed9 nghi\u00eam tr\u1ecdng v\u00e0 th\u1eddi gian b\u1ec7nh c\u1ee7a b\u1ea1n.<\/p>\n\t\t\t\t\t\t<\/div>\n\t\t\t\t<\/div>\n\t\t\t\t<div class=\"elementor-element elementor-element-3be8a7c elementor-widget elementor-widget-spacer\" data-id=\"3be8a7c\" data-element_type=\"widget\" data-widget_type=\"spacer.default\">\n\t\t\t\t<div class=\"elementor-widget-container\">\n\t\t\t\t\t<div class=\"elementor-spacer\">\n\t\t\t<div class=\"elementor-spacer-inner\"><\/div>\n\t\t<\/div>\n\t\t\t\t<\/div>\n\t\t\t\t<\/div>\n\t\t\t\t\t<\/div>\n\t\t<\/div>\n\t\t\t\t\t<\/div>\n\t\t<\/section>\n\t\t\t\t<\/div>\n\t\t","protected":false},"excerpt":{"rendered":"<p>C\u1ea3m v\u00e0 c\u00fam Nh\u1eadn x\u00e9t nghi\u1ec7m c\u00fam nhanh t\u1ea1i StarMed ngay h\u00f4m nay! C\u1ea3m v\u00e0 c\u00fam S\u1ed1t, \u0111au nh\u1ee9c c\u01a1 th\u1ec3 v\u00e0 \u0111au h\u1ecdng, \u0111\u00e2y c\u00f3 ph\u1ea3i l\u00e0 c\u1ea3m l\u1ea1nh kh\u00f4ng? Hay l\u00e0 C\u00daM? C\u1ea3m l\u1ea1nh th\u00f4ng th\u01b0\u1eddng v\u00e0 c\u00fam c\u00f3 nhi\u1ec1u tri\u1ec7u ch\u1ee9ng r\u1ea5t gi\u1ed1ng nhau. C\u1ea3m l\u1ea1nh th\u01b0\u1eddng nh\u1eb9 v\u00e0 kh\u00f4ng g\u00e2y ra [&hellip;]<\/p>\n","protected":false},"author":1,"featured_media":0,"parent":0,"menu_order":0,"comment_status":"closed","ping_status":"closed","template":"elementor_header_footer","meta":{"footnotes":""},"folder":[],"class_list":["post-11378","page","type-page","status-publish","hentry","clearfix"],"yoast_head":"<!-- This site is optimized with the Yoast SEO plugin v23.9 - https:\/\/yoast.com\/wordpress\/plugins\/seo\/ -->\n<title>C\u1ea3m v\u00e0 c\u00fam - StarMed Healthcare<\/title>\n<meta name=\"description\" content=\"T\u00ecm hi\u1ec3u c\u00e1ch ph\u00e2n bi\u1ec7t v\u00e0 ch\u0103m s\u00f3c c\u1ea3m l\u1ea1nh th\u00f4ng th\u01b0\u1eddng v\u00e0 c\u00fam t\u1ea1i StarMed Family &amp; Emergency Care\" \/>\n<meta name=\"robots\" content=\"index, follow, max-snippet:-1, max-image-preview:large, max-video-preview:-1\" \/>\n<link rel=\"canonical\" href=\"https:\/\/starmed.care\/vi\/cam-va-cum\/\" \/>\n<meta property=\"og:locale\" content=\"vi_VN\" \/>\n<meta property=\"og:type\" content=\"article\" \/>\n<meta property=\"og:title\" content=\"C\u1ea3m v\u00e0 c\u00fam - StarMed Healthcare\" \/>\n<meta property=\"og:description\" content=\"T\u00ecm hi\u1ec3u c\u00e1ch ph\u00e2n bi\u1ec7t v\u00e0 ch\u0103m s\u00f3c c\u1ea3m l\u1ea1nh th\u00f4ng th\u01b0\u1eddng v\u00e0 c\u00fam t\u1ea1i StarMed Family &amp; Emergency Care\" \/>\n<meta property=\"og:url\" content=\"https:\/\/starmed.care\/vi\/cam-va-cum\/\" \/>\n<meta property=\"og:site_name\" content=\"StarMed Healthcare\" \/>\n<meta property=\"article:publisher\" content=\"https:\/\/www.facebook.com\/StarMedCare\/\" \/>\n<meta property=\"article:modified_time\" content=\"2022-11-30T19:29:22+00:00\" \/>\n<meta property=\"og:image\" content=\"https:\/\/starmed.care\/wp-content\/uploads\/2021\/04\/starmed-navy.png\" \/>\n\t<meta property=\"og:image:width\" content=\"350\" \/>\n\t<meta property=\"og:image:height\" content=\"95\" \/>\n\t<meta property=\"og:image:type\" content=\"image\/png\" \/>\n<meta name=\"twitter:card\" content=\"summary_large_image\" \/>\n<meta name=\"twitter:site\" content=\"@starmedcare\" \/>\n<meta name=\"twitter:label1\" content=\"Est. reading time\" \/>\n\t<meta name=\"twitter:data1\" content=\"2 minutes\" \/>\n<script type=\"application\/ld+json\" class=\"yoast-schema-graph\">{\"@context\":\"https:\/\/schema.org\",\"@graph\":[{\"@type\":\"WebPage\",\"@id\":\"https:\/\/starmed.care\/vi\/cam-va-cum\/\",\"url\":\"https:\/\/starmed.care\/vi\/cam-va-cum\/\",\"name\":\"C\u1ea3m v\u00e0 c\u00fam - StarMed Healthcare\",\"isPartOf\":{\"@id\":\"https:\/\/starmed.care\/#website\"},\"datePublished\":\"2022-11-30T19:29:16+00:00\",\"dateModified\":\"2022-11-30T19:29:22+00:00\",\"description\":\"T\u00ecm hi\u1ec3u c\u00e1ch ph\u00e2n bi\u1ec7t v\u00e0 ch\u0103m s\u00f3c c\u1ea3m l\u1ea1nh th\u00f4ng th\u01b0\u1eddng v\u00e0 c\u00fam t\u1ea1i StarMed Family & Emergency Care\",\"breadcrumb\":{\"@id\":\"https:\/\/starmed.care\/vi\/cam-va-cum\/#breadcrumb\"},\"inLanguage\":\"vi-VN\",\"potentialAction\":[{\"@type\":\"ReadAction\",\"target\":[\"https:\/\/starmed.care\/vi\/cam-va-cum\/\"]}]},{\"@type\":\"BreadcrumbList\",\"@id\":\"https:\/\/starmed.care\/vi\/cam-va-cum\/#breadcrumb\",\"itemListElement\":[{\"@type\":\"ListItem\",\"position\":1,\"name\":\"Home\",\"item\":\"https:\/\/starmed.care\/\"},{\"@type\":\"ListItem\",\"position\":2,\"name\":\"C\u1ea3m v\u00e0 c\u00fam\"}]},{\"@type\":\"WebSite\",\"@id\":\"https:\/\/starmed.care\/#website\",\"url\":\"https:\/\/starmed.care\/\",\"name\":\"StarMed Healthcare\",\"description\":\"\",\"publisher\":{\"@id\":\"https:\/\/starmed.care\/#organization\"},\"potentialAction\":[{\"@type\":\"SearchAction\",\"target\":{\"@type\":\"EntryPoint\",\"urlTemplate\":\"https:\/\/starmed.care\/?s={search_term_string}\"},\"query-input\":{\"@type\":\"PropertyValueSpecification\",\"valueRequired\":true,\"valueName\":\"search_term_string\"}}],\"inLanguage\":\"vi-VN\"},{\"@type\":\"Organization\",\"@id\":\"https:\/\/starmed.care\/#organization\",\"name\":\"StarMed Healthcare\",\"url\":\"https:\/\/starmed.care\/\",\"logo\":{\"@type\":\"ImageObject\",\"inLanguage\":\"vi-VN\",\"@id\":\"https:\/\/starmed.care\/#\/schema\/logo\/image\/\",\"url\":\"https:\/\/starmed.care\/wp-content\/uploads\/2021\/04\/starmed-navy.png\",\"contentUrl\":\"https:\/\/starmed.care\/wp-content\/uploads\/2021\/04\/starmed-navy.png\",\"width\":350,\"height\":95,\"caption\":\"StarMed Healthcare\"},\"image\":{\"@id\":\"https:\/\/starmed.care\/#\/schema\/logo\/image\/\"},\"sameAs\":[\"https:\/\/www.facebook.com\/StarMedCare\/\",\"https:\/\/x.com\/starmedcare\",\"https:\/\/www.instagram.com\/starmedcare\/\",\"https:\/\/www.youtube.com\/channel\/UClmSeca6AkvUerbHnX0SYkg\"]}]}<\/script>\n<!-- \/ Yoast SEO plugin. -->","yoast_head_json":{"title":"C\u1ea3m v\u00e0 c\u00fam - StarMed Healthcare","description":"T\u00ecm hi\u1ec3u c\u00e1ch ph\u00e2n bi\u1ec7t v\u00e0 ch\u0103m s\u00f3c c\u1ea3m l\u1ea1nh th\u00f4ng th\u01b0\u1eddng v\u00e0 c\u00fam t\u1ea1i StarMed Family & Emergency Care","robots":{"index":"index","follow":"follow","max-snippet":"max-snippet:-1","max-image-preview":"max-image-preview:large","max-video-preview":"max-video-preview:-1"},"canonical":"https:\/\/starmed.care\/vi\/cam-va-cum\/","og_locale":"vi_VN","og_type":"article","og_title":"C\u1ea3m v\u00e0 c\u00fam - StarMed Healthcare","og_description":"T\u00ecm hi\u1ec3u c\u00e1ch ph\u00e2n bi\u1ec7t v\u00e0 ch\u0103m s\u00f3c c\u1ea3m l\u1ea1nh th\u00f4ng th\u01b0\u1eddng v\u00e0 c\u00fam t\u1ea1i StarMed Family & Emergency Care","og_url":"https:\/\/starmed.care\/vi\/cam-va-cum\/","og_site_name":"StarMed Healthcare","article_publisher":"https:\/\/www.facebook.com\/StarMedCare\/","article_modified_time":"2022-11-30T19:29:22+00:00","og_image":[{"width":350,"height":95,"url":"https:\/\/starmed.care\/wp-content\/uploads\/2021\/04\/starmed-navy.png","type":"image\/png"}],"twitter_card":"summary_large_image","twitter_site":"@starmedcare","twitter_misc":{"Est. reading time":"2 minutes"},"schema":{"@context":"https:\/\/schema.org","@graph":[{"@type":"WebPage","@id":"https:\/\/starmed.care\/vi\/cam-va-cum\/","url":"https:\/\/starmed.care\/vi\/cam-va-cum\/","name":"C\u1ea3m v\u00e0 c\u00fam - StarMed Healthcare","isPartOf":{"@id":"https:\/\/starmed.care\/#website"},"datePublished":"2022-11-30T19:29:16+00:00","dateModified":"2022-11-30T19:29:22+00:00","description":"T\u00ecm hi\u1ec3u c\u00e1ch ph\u00e2n bi\u1ec7t v\u00e0 ch\u0103m s\u00f3c c\u1ea3m l\u1ea1nh th\u00f4ng th\u01b0\u1eddng v\u00e0 c\u00fam t\u1ea1i StarMed Family & Emergency Care","breadcrumb":{"@id":"https:\/\/starmed.care\/vi\/cam-va-cum\/#breadcrumb"},"inLanguage":"vi-VN","potentialAction":[{"@type":"ReadAction","target":["https:\/\/starmed.care\/vi\/cam-va-cum\/"]}]},{"@type":"BreadcrumbList","@id":"https:\/\/starmed.care\/vi\/cam-va-cum\/#breadcrumb","itemListElement":[{"@type":"ListItem","position":1,"name":"Home","item":"https:\/\/starmed.care\/"},{"@type":"ListItem","position":2,"name":"C\u1ea3m v\u00e0 c\u00fam"}]},{"@type":"WebSite","@id":"https:\/\/starmed.care\/#website","url":"https:\/\/starmed.care\/","name":"StarMed Healthcare","description":"","publisher":{"@id":"https:\/\/starmed.care\/#organization"},"potentialAction":[{"@type":"SearchAction","target":{"@type":"EntryPoint","urlTemplate":"https:\/\/starmed.care\/?s={search_term_string}"},"query-input":{"@type":"PropertyValueSpecification","valueRequired":true,"valueName":"search_term_string"}}],"inLanguage":"vi-VN"},{"@type":"Organization","@id":"https:\/\/starmed.care\/#organization","name":"StarMed Healthcare","url":"https:\/\/starmed.care\/","logo":{"@type":"ImageObject","inLanguage":"vi-VN","@id":"https:\/\/starmed.care\/#\/schema\/logo\/image\/","url":"https:\/\/starmed.care\/wp-content\/uploads\/2021\/04\/starmed-navy.png","contentUrl":"https:\/\/starmed.care\/wp-content\/uploads\/2021\/04\/starmed-navy.png","width":350,"height":95,"caption":"StarMed Healthcare"},"image":{"@id":"https:\/\/starmed.care\/#\/schema\/logo\/image\/"},"sameAs":["https:\/\/www.facebook.com\/StarMedCare\/","https:\/\/x.com\/starmedcare","https:\/\/www.instagram.com\/starmedcare\/","https:\/\/www.youtube.com\/channel\/UClmSeca6AkvUerbHnX0SYkg"]}]}},"_links":{"self":[{"href":"https:\/\/starmed.care\/vi\/wp-json\/wp\/v2\/pages\/11378","targetHints":{"allow":["GET"]}}],"collection":[{"href":"https:\/\/starmed.care\/vi\/wp-json\/wp\/v2\/pages"}],"about":[{"href":"https:\/\/starmed.care\/vi\/wp-json\/wp\/v2\/types\/page"}],"author":[{"embeddable":true,"href":"https:\/\/starmed.care\/vi\/wp-json\/wp\/v2\/users\/1"}],"replies":[{"embeddable":true,"href":"https:\/\/starmed.care\/vi\/wp-json\/wp\/v2\/comments?post=11378"}],"version-history":[{"count":0,"href":"https:\/\/starmed.care\/vi\/wp-json\/wp\/v2\/pages\/11378\/revisions"}],"wp:attachment":[{"href":"https:\/\/starmed.care\/vi\/wp-json\/wp\/v2\/media?parent=11378"}],"wp:term":[{"taxonomy":"folder","embeddable":true,"href":"https:\/\/starmed.care\/vi\/wp-json\/wp\/v2\/folder?post=11378"}],"curies":[{"name":"wp","href":"https:\/\/api.w.org\/{rel}","templated":true}]}}