{"id":11256,"date":"2022-11-30T14:23:47","date_gmt":"2022-11-30T19:23:47","guid":{"rendered":"https:\/\/starmed.care\/vac-xin\/"},"modified":"2023-04-04T11:47:24","modified_gmt":"2023-04-04T15:47:24","slug":"vac-xin","status":"publish","type":"page","link":"https:\/\/starmed.care\/vi\/vac-xin\/","title":{"rendered":"v\u1eafc xin"},"content":{"rendered":"\t\t<div data-elementor-type=\"wp-page\" data-elementor-id=\"11256\" class=\"elementor elementor-11256\" data-elementor-post-type=\"page\">\n\t\t\t\t\t\t<section class=\"elementor-section elementor-inner-section elementor-element elementor-element-5c9c31f2 elementor-section-boxed elementor-section-height-default elementor-section-height-default\" data-id=\"5c9c31f2\" data-element_type=\"section\" data-settings=\"{&quot;background_background&quot;:&quot;classic&quot;}\">\n\t\t\t\t\t\t\t<div class=\"elementor-background-overlay\"><\/div>\n\t\t\t\t\t\t\t<div class=\"elementor-container elementor-column-gap-default\">\n\t\t\t\t\t<div class=\"elementor-column elementor-col-100 elementor-inner-column elementor-element elementor-element-525a0324\" data-id=\"525a0324\" data-element_type=\"column\" data-settings=\"{&quot;background_background&quot;:&quot;classic&quot;}\">\n\t\t\t<div class=\"elementor-widget-wrap elementor-element-populated\">\n\t\t\t\t\t<div class=\"elementor-background-overlay\"><\/div>\n\t\t\t\t\t\t<div class=\"elementor-element elementor-element-6fc470a elementor-widget elementor-widget-heading\" data-id=\"6fc470a\" data-element_type=\"widget\" data-widget_type=\"heading.default\">\n\t\t\t\t<div class=\"elementor-widget-container\">\n\t\t\t<h2 class=\"elementor-heading-title elementor-size-small\">V\u1eafc-xin ph\u00f2ng ng\u1eeba covid-19<\/h2>\t\t<\/div>\n\t\t\t\t<\/div>\n\t\t\t\t<div class=\"elementor-element elementor-element-527db14c elementor-mobile-align-left elementor-tablet-align-left elementor-widget elementor-widget-button\" data-id=\"527db14c\" data-element_type=\"widget\" data-widget_type=\"button.default\">\n\t\t\t\t<div class=\"elementor-widget-container\">\n\t\t\t\t\t\t\t<div class=\"elementor-button-wrapper\">\n\t\t\t\t\t<a class=\"elementor-button elementor-button-link elementor-size-sm\" href=\"https:\/\/unityphr.com\/campaigns\/starmed\/vaccine\" target=\"_blank\">\n\t\t\t\t\t\t<span class=\"elementor-button-content-wrapper\">\n\t\t\t\t\t\t\t\t\t<span class=\"elementor-button-text\">V\u1eaeC XIN <b>\u2022<\/b> \u0110\u0102NG K\u00dd NGAY<\/span>\n\t\t\t\t\t<\/span>\n\t\t\t\t\t<\/a>\n\t\t\t\t<\/div>\n\t\t\t\t\t\t<\/div>\n\t\t\t\t<\/div>\n\t\t\t\t<div class=\"elementor-element elementor-element-35017db2 elementor-widget elementor-widget-text-editor\" data-id=\"35017db2\" data-element_type=\"widget\" data-widget_type=\"text-editor.default\">\n\t\t\t\t<div class=\"elementor-widget-container\">\n\t\t\t\t\t\t\t<p><span style=\"text-decoration: underline;\">PH\u1ee4 HUYNH<\/span> : \u0110\u1ec3 t\u00ecm hi\u1ec3u th\u00eam v\u1ec1 v\u1eafc-xin COVID-19 cho con b\u1ea1n, vui l\u00f2ng <span style=\"text-decoration: underline;\"><a href=\"https:\/\/starmed.care\/vi\/vac-xin-covid-19-cho-tre-em\/\">nh\u1ea5p v\u00e0o \u0111\u00e2y<\/a><\/span> .<\/p>\n\t\t\t\t\t\t<\/div>\n\t\t\t\t<\/div>\n\t\t\t\t<div class=\"elementor-element elementor-element-4deac57 elementor-widget elementor-widget-text-editor\" data-id=\"4deac57\" data-element_type=\"widget\" data-widget_type=\"text-editor.default\">\n\t\t\t\t<div class=\"elementor-widget-container\">\n\t\t\t\t\t\t\t<p>\u0110\u0103ng k\u00fd qua \u0111i\u1ec7n tho\u1ea1i: <a href=\"tel:9804459818\">980-445-9818<\/a><\/p>\n\t\t\t\t\t\t<\/div>\n\t\t\t\t<\/div>\n\t\t\t\t<div class=\"elementor-element elementor-element-bb38866 elementor-widget elementor-widget-text-editor\" data-id=\"bb38866\" data-element_type=\"widget\" data-widget_type=\"text-editor.default\">\n\t\t\t\t<div class=\"elementor-widget-container\">\n\t\t\t\t\t\t\t<p>B\u1ea1n \u0111ang t\u00ecm c\u00e1ch t\u1ed5 ch\u1ee9c m\u1ed9t s\u1ef1 ki\u1ec7n v\u1ec1 v\u1eafc-xin cho c\u1ed9ng \u0111\u1ed3ng c\u1ee7a m\u00ecnh? <span style=\"text-decoration: underline;\"><a href=\"https:\/\/starmed.care\/vi\/su-kien-vac-xin\/\">B\u1ea5m v\u00e0o \u0111\u00e2y<\/a><\/span> .<\/p>\n\t\t\t\t\t\t<\/div>\n\t\t\t\t<\/div>\n\t\t\t\t\t<\/div>\n\t\t<\/div>\n\t\t\t\t\t<\/div>\n\t\t<\/section>\n\t\t\t\t<section class=\"elementor-section elementor-top-section elementor-element elementor-element-c6f4bb4 elementor-section-boxed elementor-section-height-default elementor-section-height-default\" data-id=\"c6f4bb4\" data-element_type=\"section\">\n\t\t\t\t\t\t<div class=\"elementor-container elementor-column-gap-default\">\n\t\t\t\t\t<div class=\"elementor-column elementor-col-100 elementor-top-column elementor-element elementor-element-af1ff9c\" data-id=\"af1ff9c\" data-element_type=\"column\">\n\t\t\t<div class=\"elementor-widget-wrap elementor-element-populated\">\n\t\t\t\t\t\t<div class=\"elementor-element elementor-element-e844e26 elementor-widget elementor-widget-heading\" data-id=\"e844e26\" data-element_type=\"widget\" data-widget_type=\"heading.default\">\n\t\t\t\t<div class=\"elementor-widget-container\">\n\t\t\t<h2 class=\"elementor-heading-title elementor-size-default\">V\u1eaeC XIN V\u1eaeC XIN COVID-19<\/h2>\t\t<\/div>\n\t\t\t\t<\/div>\n\t\t\t\t<div class=\"elementor-element elementor-element-bd2d39a elementor-widget elementor-widget-heading\" data-id=\"bd2d39a\" data-element_type=\"widget\" data-widget_type=\"heading.default\">\n\t\t\t\t<div class=\"elementor-widget-container\">\n\t\t\t<h2 class=\"elementor-heading-title elementor-size-default\">B\u1ea1n n\u00ean bi\u1ebft \u0111i\u1ec1u g\u00ec.<\/h2>\t\t<\/div>\n\t\t\t\t<\/div>\n\t\t\t\t\t<\/div>\n\t\t<\/div>\n\t\t\t\t\t<\/div>\n\t\t<\/section>\n\t\t\t\t<section class=\"elementor-section elementor-top-section elementor-element elementor-element-24ce8b1 elementor-section-boxed elementor-section-height-default elementor-section-height-default\" data-id=\"24ce8b1\" data-element_type=\"section\">\n\t\t\t\t\t\t<div class=\"elementor-container elementor-column-gap-default\">\n\t\t\t\t\t<div class=\"elementor-column elementor-col-100 elementor-top-column elementor-element elementor-element-4671b04\" data-id=\"4671b04\" data-element_type=\"column\">\n\t\t\t<div class=\"elementor-widget-wrap elementor-element-populated\">\n\t\t\t\t\t\t<div class=\"elementor-element elementor-element-b61a79a elementor-widget elementor-widget-text-editor\" data-id=\"b61a79a\" data-element_type=\"widget\" data-widget_type=\"text-editor.default\">\n\t\t\t\t<div class=\"elementor-widget-container\">\n\t\t\t\t\t\t\t<p>C\u1ee5c Qu\u1ea3n l\u00fd Th\u1ef1c ph\u1ea9m v\u00e0 D\u01b0\u1ee3c ph\u1ea9m Hoa K\u1ef3 \u0111\u00e3 ph\u00ea duy\u1ec7t ba lo\u1ea1i v\u1eafc xin cho COVID-19; c\u00e1c t\u00f9y ch\u1ecdn Pfizer-BioNTech, Johnson &amp; Johnson v\u00e0 Moderna. <b>StarMed hi\u1ec7n ch\u1ec9 cung c\u1ea5p c\u00e1c t\u00f9y ch\u1ecdn Pfizer-BioNTech v\u00e0 Moderna.<\/b><\/p>\n<p>Vui l\u00f2ng \u0111\u1ecdc c\u00e1c t\u1edd th\u00f4ng tin d\u01b0\u1edbi \u0111\u00e2y \u0111\u1ec3 bi\u1ebft c\u00e2u tr\u1ea3 l\u1eddi cho c\u00e1c c\u00e2u h\u1ecfi th\u01b0\u1eddng g\u1eb7p.<\/p>\n\t\t\t\t\t\t<\/div>\n\t\t\t\t<\/div>\n\t\t\t\t\t<\/div>\n\t\t<\/div>\n\t\t\t\t\t<\/div>\n\t\t<\/section>\n\t\t\t\t<section class=\"elementor-section elementor-top-section elementor-element elementor-element-20497e4 elementor-section-boxed elementor-section-height-default elementor-section-height-default\" data-id=\"20497e4\" data-element_type=\"section\">\n\t\t\t\t\t\t<div class=\"elementor-container elementor-column-gap-default\">\n\t\t\t\t\t<div class=\"elementor-column elementor-col-100 elementor-top-column elementor-element elementor-element-003834a\" data-id=\"003834a\" data-element_type=\"column\">\n\t\t\t<div class=\"elementor-widget-wrap elementor-element-populated\">\n\t\t\t\t\t\t<div class=\"elementor-element elementor-element-b8b2881 elementor-widget-divider--view-line elementor-widget elementor-widget-divider\" data-id=\"b8b2881\" data-element_type=\"widget\" data-widget_type=\"divider.default\">\n\t\t\t\t<div class=\"elementor-widget-container\">\n\t\t\t\t\t<div class=\"elementor-divider\">\n\t\t\t<span class=\"elementor-divider-separator\">\n\t\t\t\t\t\t<\/span>\n\t\t<\/div>\n\t\t\t\t<\/div>\n\t\t\t\t<\/div>\n\t\t\t\t<div class=\"elementor-element elementor-element-1a65fe7 elementor-widget elementor-widget-image\" data-id=\"1a65fe7\" data-element_type=\"widget\" data-widget_type=\"image.default\">\n\t\t\t\t<div class=\"elementor-widget-container\">\n\t\t\t\t\t\t\t\t\t\t\t\t\t<img fetchpriority=\"high\" decoding=\"async\" width=\"400\" height=\"126\" src=\"https:\/\/starmed.care\/wp-content\/uploads\/2021\/01\/nc-shot.png\" class=\"attachment-full size-full wp-image-9881\" alt=\"\" srcset=\"https:\/\/starmed.care\/wp-content\/uploads\/2021\/01\/nc-shot.png 400w, https:\/\/starmed.care\/wp-content\/uploads\/2021\/01\/nc-shot-300x95.png 300w\" sizes=\"(max-width: 400px) 100vw, 400px\" \/>\t\t\t\t\t\t\t\t\t\t\t\t\t<\/div>\n\t\t\t\t<\/div>\n\t\t\t\t<div class=\"elementor-element elementor-element-1fa22a2 elementor-widget-divider--view-line elementor-widget elementor-widget-divider\" data-id=\"1fa22a2\" data-element_type=\"widget\" data-widget_type=\"divider.default\">\n\t\t\t\t<div class=\"elementor-widget-container\">\n\t\t\t\t\t<div class=\"elementor-divider\">\n\t\t\t<span class=\"elementor-divider-separator\">\n\t\t\t\t\t\t<\/span>\n\t\t<\/div>\n\t\t\t\t<\/div>\n\t\t\t\t<\/div>\n\t\t\t\t\t<\/div>\n\t\t<\/div>\n\t\t\t\t\t<\/div>\n\t\t<\/section>\n\t\t\t\t<section class=\"elementor-section elementor-top-section elementor-element elementor-element-bc0ab7c elementor-section-boxed elementor-section-height-default elementor-section-height-default\" data-id=\"bc0ab7c\" data-element_type=\"section\">\n\t\t\t\t\t\t<div class=\"elementor-container elementor-column-gap-default\">\n\t\t\t\t\t<div class=\"elementor-column elementor-col-100 elementor-top-column elementor-element elementor-element-4abdb11\" data-id=\"4abdb11\" data-element_type=\"column\" data-settings=\"{&quot;background_background&quot;:&quot;classic&quot;}\">\n\t\t\t<div class=\"elementor-widget-wrap elementor-element-populated\">\n\t\t\t\t\t\t<div class=\"elementor-element elementor-element-b5bbd68 elementor-widget elementor-widget-heading\" data-id=\"b5bbd68\" data-element_type=\"widget\" data-widget_type=\"heading.default\">\n\t\t\t\t<div class=\"elementor-widget-container\">\n\t\t\t<h2 class=\"elementor-heading-title elementor-size-default\">T\u1edd th\u00f4ng tin v\u1ec1 v\u1eafc xin \u0111\u1ec3 t\u1ea3i xu\u1ed1ng<\/h2>\t\t<\/div>\n\t\t\t\t<\/div>\n\t\t\t\t<div class=\"elementor-element elementor-element-476aa57 elementor-list-item-link-inline elementor-icon-list--layout-traditional elementor-widget elementor-widget-icon-list\" data-id=\"476aa57\" data-element_type=\"widget\" data-widget_type=\"icon-list.default\">\n\t\t\t\t<div class=\"elementor-widget-container\">\n\t\t\t\t\t<ul class=\"elementor-icon-list-items\">\n\t\t\t\t\t\t\t<li class=\"elementor-icon-list-item\">\n\t\t\t\t\t\t\t\t\t\t\t<a href=\"https:\/\/starmed.care\/wp-content\/uploads\/2021\/10\/EUA-27034-Pfizer-BioNTech-COVID-19-Vaccine-Fact-Sheet-for-RCGs-Final-10.20.2021.pdf\" target=\"_blank\">\n\n\t\t\t\t\t\t\t\t\t\t\t\t<span class=\"elementor-icon-list-icon\">\n\t\t\t\t\t\t\t<i aria-hidden=\"true\" class=\"fas fa-download\"><\/i>\t\t\t\t\t\t<\/span>\n\t\t\t\t\t\t\t\t\t\t<span class=\"elementor-icon-list-text\">T\u1edd th\u00f4ng tin Pfizer BioNTech d\u00e0nh cho Ng\u01b0\u1eddi nh\u1eadn v\u00e0 Ng\u01b0\u1eddi ch\u0103m s\u00f3c<\/span>\n\t\t\t\t\t\t\t\t\t\t\t<\/a>\n\t\t\t\t\t\t\t\t\t<\/li>\n\t\t\t\t\t\t\t\t<li class=\"elementor-icon-list-item\">\n\t\t\t\t\t\t\t\t\t\t\t<a href=\"https:\/\/starmed.care\/wp-content\/uploads\/2021\/10\/final2-fact-sheet-recipients-booster-clean-10.20.21.pdf\" target=\"_blank\">\n\n\t\t\t\t\t\t\t\t\t\t\t\t<span class=\"elementor-icon-list-icon\">\n\t\t\t\t\t\t\t<i aria-hidden=\"true\" class=\"fas fa-download\"><\/i>\t\t\t\t\t\t<\/span>\n\t\t\t\t\t\t\t\t\t\t<span class=\"elementor-icon-list-text\">T\u1edd th\u00f4ng tin Moderna d\u00e0nh cho ng\u01b0\u1eddi nh\u1eadn v\u00e0 ng\u01b0\u1eddi ch\u0103m s\u00f3c<\/span>\n\t\t\t\t\t\t\t\t\t\t\t<\/a>\n\t\t\t\t\t\t\t\t\t<\/li>\n\t\t\t\t\t\t\t\t<li class=\"elementor-icon-list-item\">\n\t\t\t\t\t\t\t\t\t\t\t<a href=\"https:\/\/starmed.care\/wp-content\/uploads\/2021\/03\/v-safe-information-sheet-508c.pdf\" target=\"_blank\">\n\n\t\t\t\t\t\t\t\t\t\t\t\t<span class=\"elementor-icon-list-icon\">\n\t\t\t\t\t\t\t<i aria-hidden=\"true\" class=\"fas fa-download\"><\/i>\t\t\t\t\t\t<\/span>\n\t\t\t\t\t\t\t\t\t\t<span class=\"elementor-icon-list-text\">M\u00e1y ki\u1ec3m tra s\u1ee9c kh\u1ecfe sau ti\u00eam ph\u00f2ng V-safe<\/span>\n\t\t\t\t\t\t\t\t\t\t\t<\/a>\n\t\t\t\t\t\t\t\t\t<\/li>\n\t\t\t\t\t\t<\/ul>\n\t\t\t\t<\/div>\n\t\t\t\t<\/div>\n\t\t\t\t\t<\/div>\n\t\t<\/div>\n\t\t\t\t\t<\/div>\n\t\t<\/section>\n\t\t\t\t<section class=\"elementor-section elementor-top-section elementor-element elementor-element-3a30233 elementor-section-boxed elementor-section-height-default elementor-section-height-default\" data-id=\"3a30233\" data-element_type=\"section\">\n\t\t\t\t\t\t<div class=\"elementor-container elementor-column-gap-default\">\n\t\t\t\t\t<div class=\"elementor-column elementor-col-100 elementor-top-column elementor-element elementor-element-d263123\" data-id=\"d263123\" data-element_type=\"column\">\n\t\t\t<div class=\"elementor-widget-wrap elementor-element-populated\">\n\t\t\t\t\t\t<div class=\"elementor-element elementor-element-19c877e elementor-widget elementor-widget-spacer\" data-id=\"19c877e\" data-element_type=\"widget\" data-widget_type=\"spacer.default\">\n\t\t\t\t<div class=\"elementor-widget-container\">\n\t\t\t\t\t<div class=\"elementor-spacer\">\n\t\t\t<div class=\"elementor-spacer-inner\"><\/div>\n\t\t<\/div>\n\t\t\t\t<\/div>\n\t\t\t\t<\/div>\n\t\t\t\t\t<\/div>\n\t\t<\/div>\n\t\t\t\t\t<\/div>\n\t\t<\/section>\n\t\t\t\t<section class=\"elementor-section elementor-top-section elementor-element elementor-element-55495ffb elementor-section-boxed elementor-section-height-default elementor-section-height-default\" data-id=\"55495ffb\" data-element_type=\"section\" data-settings=\"{&quot;background_background&quot;:&quot;classic&quot;}\">\n\t\t\t\t\t\t<div class=\"elementor-container elementor-column-gap-default\">\n\t\t\t\t\t<div class=\"elementor-column elementor-col-50 elementor-top-column elementor-element elementor-element-661392f9\" data-id=\"661392f9\" data-element_type=\"column\">\n\t\t\t<div class=\"elementor-widget-wrap elementor-element-populated\">\n\t\t\t\t\t\t<div class=\"elementor-element elementor-element-172fff0c elementor-view-default elementor-widget elementor-widget-icon\" data-id=\"172fff0c\" data-element_type=\"widget\" data-widget_type=\"icon.default\">\n\t\t\t\t<div class=\"elementor-widget-container\">\n\t\t\t\t\t<div class=\"elementor-icon-wrapper\">\n\t\t\t<div class=\"elementor-icon\">\n\t\t\t<i aria-hidden=\"true\" class=\"far fa-envelope\"><\/i>\t\t\t<\/div>\n\t\t<\/div>\n\t\t\t\t<\/div>\n\t\t\t\t<\/div>\n\t\t\t\t\t<\/div>\n\t\t<\/div>\n\t\t\t\t<div class=\"elementor-column elementor-col-50 elementor-top-column elementor-element elementor-element-2cb8c6c6\" data-id=\"2cb8c6c6\" data-element_type=\"column\">\n\t\t\t<div class=\"elementor-widget-wrap elementor-element-populated\">\n\t\t\t\t\t\t<div class=\"elementor-element elementor-element-3d3b2799 elementor-widget elementor-widget-heading\" data-id=\"3d3b2799\" data-element_type=\"widget\" data-widget_type=\"heading.default\">\n\t\t\t\t<div class=\"elementor-widget-container\">\n\t\t\t<h2 class=\"elementor-heading-title elementor-size-default\">G\u1eedi email cho ch\u00fang t\u00f4i<br><a href=\"mailto:info@starmed.care?Subject=Information%20Request\" target=\"_top\">info@starmed.care<\/a><\/h2>\t\t<\/div>\n\t\t\t\t<\/div>\n\t\t\t\t\t<\/div>\n\t\t<\/div>\n\t\t\t\t\t<\/div>\n\t\t<\/section>\n\t\t\t\t<\/div>\n\t\t","protected":false},"excerpt":{"rendered":"<p>V\u1eafc-xin ph\u00f2ng ng\u1eeba covid-19 V\u1eaeC XIN \u2022 \u0110\u0102NG K\u00dd NGAY PH\u1ee4 HUYNH : \u0110\u1ec3 t\u00ecm hi\u1ec3u th\u00eam v\u1ec1 v\u1eafc-xin COVID-19 cho con b\u1ea1n, vui l\u00f2ng nh\u1ea5p v\u00e0o \u0111\u00e2y . \u0110\u0103ng k\u00fd qua \u0111i\u1ec7n tho\u1ea1i: 980-445-9818 B\u1ea1n \u0111ang t\u00ecm c\u00e1ch t\u1ed5 ch\u1ee9c m\u1ed9t s\u1ef1 ki\u1ec7n v\u1ec1 v\u1eafc-xin cho c\u1ed9ng \u0111\u1ed3ng c\u1ee7a m\u00ecnh? B\u1ea5m v\u00e0o \u0111\u00e2y . [&hellip;]<\/p>\n","protected":false},"author":1,"featured_media":0,"parent":0,"menu_order":0,"comment_status":"closed","ping_status":"closed","template":"elementor_header_footer","meta":{"footnotes":""},"folder":[],"class_list":["post-11256","page","type-page","status-publish","hentry","clearfix"],"yoast_head":"<!-- This site is optimized with the Yoast SEO plugin v23.9 - https:\/\/yoast.com\/wordpress\/plugins\/seo\/ -->\n<title>v\u1eafc xin - StarMed Healthcare<\/title>\n<meta name=\"description\" content=\"StarMed Healthcare \u0111ang cung c\u1ea5p ba lo\u1ea1i v\u1eafc xin \u0111\u01b0\u1ee3c FDA ch\u1ea5p thu\u1eadn cho COVID-19; c\u00e1c t\u00f9y ch\u1ecdn Pfizer-BioNTech, Johnson &amp; Johnson v\u00e0 Moderna.\" \/>\n<meta name=\"robots\" content=\"index, follow, max-snippet:-1, max-image-preview:large, max-video-preview:-1\" \/>\n<link rel=\"canonical\" href=\"https:\/\/starmed.care\/vi\/vac-xin\/\" \/>\n<meta property=\"og:locale\" content=\"vi_VN\" \/>\n<meta property=\"og:type\" content=\"article\" \/>\n<meta property=\"og:title\" content=\"v\u1eafc xin - StarMed Healthcare\" \/>\n<meta property=\"og:description\" content=\"StarMed Healthcare \u0111ang cung c\u1ea5p ba lo\u1ea1i v\u1eafc xin \u0111\u01b0\u1ee3c FDA ch\u1ea5p thu\u1eadn cho COVID-19; c\u00e1c t\u00f9y ch\u1ecdn Pfizer-BioNTech, Johnson &amp; Johnson v\u00e0 Moderna.\" \/>\n<meta property=\"og:url\" content=\"https:\/\/starmed.care\/vi\/vac-xin\/\" \/>\n<meta property=\"og:site_name\" content=\"StarMed Healthcare\" \/>\n<meta property=\"article:publisher\" content=\"https:\/\/www.facebook.com\/StarMedCare\/\" \/>\n<meta property=\"article:modified_time\" content=\"2023-04-04T15:47:24+00:00\" \/>\n<meta property=\"og:image\" content=\"https:\/\/starmed.care\/wp-content\/uploads\/2021\/01\/nc-shot.png\" \/>\n<meta name=\"twitter:card\" content=\"summary_large_image\" \/>\n<meta name=\"twitter:site\" content=\"@starmedcare\" \/>\n<meta name=\"twitter:label1\" content=\"Est. reading time\" \/>\n\t<meta name=\"twitter:data1\" content=\"1 minute\" \/>\n<script type=\"application\/ld+json\" class=\"yoast-schema-graph\">{\"@context\":\"https:\/\/schema.org\",\"@graph\":[{\"@type\":\"WebPage\",\"@id\":\"https:\/\/starmed.care\/vi\/vac-xin\/\",\"url\":\"https:\/\/starmed.care\/vi\/vac-xin\/\",\"name\":\"v\u1eafc xin - StarMed Healthcare\",\"isPartOf\":{\"@id\":\"https:\/\/starmed.care\/#website\"},\"primaryImageOfPage\":{\"@id\":\"https:\/\/starmed.care\/vi\/vac-xin\/#primaryimage\"},\"image\":{\"@id\":\"https:\/\/starmed.care\/vi\/vac-xin\/#primaryimage\"},\"thumbnailUrl\":\"https:\/\/starmed.care\/wp-content\/uploads\/2021\/01\/nc-shot.png\",\"datePublished\":\"2022-11-30T19:23:47+00:00\",\"dateModified\":\"2023-04-04T15:47:24+00:00\",\"description\":\"StarMed Healthcare \u0111ang cung c\u1ea5p ba lo\u1ea1i v\u1eafc xin \u0111\u01b0\u1ee3c FDA ch\u1ea5p thu\u1eadn cho COVID-19; c\u00e1c t\u00f9y ch\u1ecdn Pfizer-BioNTech, Johnson & Johnson v\u00e0 Moderna.\",\"breadcrumb\":{\"@id\":\"https:\/\/starmed.care\/vi\/vac-xin\/#breadcrumb\"},\"inLanguage\":\"vi-VN\",\"potentialAction\":[{\"@type\":\"ReadAction\",\"target\":[\"https:\/\/starmed.care\/vi\/vac-xin\/\"]}]},{\"@type\":\"ImageObject\",\"inLanguage\":\"vi-VN\",\"@id\":\"https:\/\/starmed.care\/vi\/vac-xin\/#primaryimage\",\"url\":\"https:\/\/starmed.care\/wp-content\/uploads\/2021\/01\/nc-shot.png\",\"contentUrl\":\"https:\/\/starmed.care\/wp-content\/uploads\/2021\/01\/nc-shot.png\"},{\"@type\":\"BreadcrumbList\",\"@id\":\"https:\/\/starmed.care\/vi\/vac-xin\/#breadcrumb\",\"itemListElement\":[{\"@type\":\"ListItem\",\"position\":1,\"name\":\"Home\",\"item\":\"https:\/\/starmed.care\/\"},{\"@type\":\"ListItem\",\"position\":2,\"name\":\"v\u1eafc xin\"}]},{\"@type\":\"WebSite\",\"@id\":\"https:\/\/starmed.care\/#website\",\"url\":\"https:\/\/starmed.care\/\",\"name\":\"StarMed Healthcare\",\"description\":\"\",\"publisher\":{\"@id\":\"https:\/\/starmed.care\/#organization\"},\"potentialAction\":[{\"@type\":\"SearchAction\",\"target\":{\"@type\":\"EntryPoint\",\"urlTemplate\":\"https:\/\/starmed.care\/?s={search_term_string}\"},\"query-input\":{\"@type\":\"PropertyValueSpecification\",\"valueRequired\":true,\"valueName\":\"search_term_string\"}}],\"inLanguage\":\"vi-VN\"},{\"@type\":\"Organization\",\"@id\":\"https:\/\/starmed.care\/#organization\",\"name\":\"StarMed Healthcare\",\"url\":\"https:\/\/starmed.care\/\",\"logo\":{\"@type\":\"ImageObject\",\"inLanguage\":\"vi-VN\",\"@id\":\"https:\/\/starmed.care\/#\/schema\/logo\/image\/\",\"url\":\"https:\/\/starmed.care\/wp-content\/uploads\/2021\/04\/starmed-navy.png\",\"contentUrl\":\"https:\/\/starmed.care\/wp-content\/uploads\/2021\/04\/starmed-navy.png\",\"width\":350,\"height\":95,\"caption\":\"StarMed Healthcare\"},\"image\":{\"@id\":\"https:\/\/starmed.care\/#\/schema\/logo\/image\/\"},\"sameAs\":[\"https:\/\/www.facebook.com\/StarMedCare\/\",\"https:\/\/x.com\/starmedcare\",\"https:\/\/www.instagram.com\/starmedcare\/\",\"https:\/\/www.youtube.com\/channel\/UClmSeca6AkvUerbHnX0SYkg\"]}]}<\/script>\n<!-- \/ Yoast SEO plugin. -->","yoast_head_json":{"title":"v\u1eafc xin - StarMed Healthcare","description":"StarMed Healthcare \u0111ang cung c\u1ea5p ba lo\u1ea1i v\u1eafc xin \u0111\u01b0\u1ee3c FDA ch\u1ea5p thu\u1eadn cho COVID-19; c\u00e1c t\u00f9y ch\u1ecdn Pfizer-BioNTech, Johnson & Johnson v\u00e0 Moderna.","robots":{"index":"index","follow":"follow","max-snippet":"max-snippet:-1","max-image-preview":"max-image-preview:large","max-video-preview":"max-video-preview:-1"},"canonical":"https:\/\/starmed.care\/vi\/vac-xin\/","og_locale":"vi_VN","og_type":"article","og_title":"v\u1eafc xin - StarMed Healthcare","og_description":"StarMed Healthcare \u0111ang cung c\u1ea5p ba lo\u1ea1i v\u1eafc xin \u0111\u01b0\u1ee3c FDA ch\u1ea5p thu\u1eadn cho COVID-19; c\u00e1c t\u00f9y ch\u1ecdn Pfizer-BioNTech, Johnson & Johnson v\u00e0 Moderna.","og_url":"https:\/\/starmed.care\/vi\/vac-xin\/","og_site_name":"StarMed Healthcare","article_publisher":"https:\/\/www.facebook.com\/StarMedCare\/","article_modified_time":"2023-04-04T15:47:24+00:00","og_image":[{"url":"https:\/\/starmed.care\/wp-content\/uploads\/2021\/01\/nc-shot.png"}],"twitter_card":"summary_large_image","twitter_site":"@starmedcare","twitter_misc":{"Est. reading time":"1 minute"},"schema":{"@context":"https:\/\/schema.org","@graph":[{"@type":"WebPage","@id":"https:\/\/starmed.care\/vi\/vac-xin\/","url":"https:\/\/starmed.care\/vi\/vac-xin\/","name":"v\u1eafc xin - StarMed Healthcare","isPartOf":{"@id":"https:\/\/starmed.care\/#website"},"primaryImageOfPage":{"@id":"https:\/\/starmed.care\/vi\/vac-xin\/#primaryimage"},"image":{"@id":"https:\/\/starmed.care\/vi\/vac-xin\/#primaryimage"},"thumbnailUrl":"https:\/\/starmed.care\/wp-content\/uploads\/2021\/01\/nc-shot.png","datePublished":"2022-11-30T19:23:47+00:00","dateModified":"2023-04-04T15:47:24+00:00","description":"StarMed Healthcare \u0111ang cung c\u1ea5p ba lo\u1ea1i v\u1eafc xin \u0111\u01b0\u1ee3c FDA ch\u1ea5p thu\u1eadn cho COVID-19; c\u00e1c t\u00f9y ch\u1ecdn Pfizer-BioNTech, Johnson & Johnson v\u00e0 Moderna.","breadcrumb":{"@id":"https:\/\/starmed.care\/vi\/vac-xin\/#breadcrumb"},"inLanguage":"vi-VN","potentialAction":[{"@type":"ReadAction","target":["https:\/\/starmed.care\/vi\/vac-xin\/"]}]},{"@type":"ImageObject","inLanguage":"vi-VN","@id":"https:\/\/starmed.care\/vi\/vac-xin\/#primaryimage","url":"https:\/\/starmed.care\/wp-content\/uploads\/2021\/01\/nc-shot.png","contentUrl":"https:\/\/starmed.care\/wp-content\/uploads\/2021\/01\/nc-shot.png"},{"@type":"BreadcrumbList","@id":"https:\/\/starmed.care\/vi\/vac-xin\/#breadcrumb","itemListElement":[{"@type":"ListItem","position":1,"name":"Home","item":"https:\/\/starmed.care\/"},{"@type":"ListItem","position":2,"name":"v\u1eafc xin"}]},{"@type":"WebSite","@id":"https:\/\/starmed.care\/#website","url":"https:\/\/starmed.care\/","name":"StarMed Healthcare","description":"","publisher":{"@id":"https:\/\/starmed.care\/#organization"},"potentialAction":[{"@type":"SearchAction","target":{"@type":"EntryPoint","urlTemplate":"https:\/\/starmed.care\/?s={search_term_string}"},"query-input":{"@type":"PropertyValueSpecification","valueRequired":true,"valueName":"search_term_string"}}],"inLanguage":"vi-VN"},{"@type":"Organization","@id":"https:\/\/starmed.care\/#organization","name":"StarMed Healthcare","url":"https:\/\/starmed.care\/","logo":{"@type":"ImageObject","inLanguage":"vi-VN","@id":"https:\/\/starmed.care\/#\/schema\/logo\/image\/","url":"https:\/\/starmed.care\/wp-content\/uploads\/2021\/04\/starmed-navy.png","contentUrl":"https:\/\/starmed.care\/wp-content\/uploads\/2021\/04\/starmed-navy.png","width":350,"height":95,"caption":"StarMed Healthcare"},"image":{"@id":"https:\/\/starmed.care\/#\/schema\/logo\/image\/"},"sameAs":["https:\/\/www.facebook.com\/StarMedCare\/","https:\/\/x.com\/starmedcare","https:\/\/www.instagram.com\/starmedcare\/","https:\/\/www.youtube.com\/channel\/UClmSeca6AkvUerbHnX0SYkg"]}]}},"_links":{"self":[{"href":"https:\/\/starmed.care\/vi\/wp-json\/wp\/v2\/pages\/11256","targetHints":{"allow":["GET"]}}],"collection":[{"href":"https:\/\/starmed.care\/vi\/wp-json\/wp\/v2\/pages"}],"about":[{"href":"https:\/\/starmed.care\/vi\/wp-json\/wp\/v2\/types\/page"}],"author":[{"embeddable":true,"href":"https:\/\/starmed.care\/vi\/wp-json\/wp\/v2\/users\/1"}],"replies":[{"embeddable":true,"href":"https:\/\/starmed.care\/vi\/wp-json\/wp\/v2\/comments?post=11256"}],"version-history":[{"count":0,"href":"https:\/\/starmed.care\/vi\/wp-json\/wp\/v2\/pages\/11256\/revisions"}],"wp:attachment":[{"href":"https:\/\/starmed.care\/vi\/wp-json\/wp\/v2\/media?parent=11256"}],"wp:term":[{"taxonomy":"folder","embeddable":true,"href":"https:\/\/starmed.care\/vi\/wp-json\/wp\/v2\/folder?post=11256"}],"curies":[{"name":"wp","href":"https:\/\/api.w.org\/{rel}","templated":true}]}}