{"id":11199,"date":"2022-11-30T14:23:05","date_gmt":"2022-11-30T19:23:05","guid":{"rendered":"https:\/\/starmed.care\/su-kien-vac-xin\/"},"modified":"2022-11-30T14:23:20","modified_gmt":"2022-11-30T19:23:20","slug":"su-kien-vac-xin","status":"publish","type":"page","link":"https:\/\/starmed.care\/vi\/su-kien-vac-xin\/","title":{"rendered":"s\u1ef1 ki\u1ec7n v\u1eafc xin"},"content":{"rendered":"\t\t<div data-elementor-type=\"wp-page\" data-elementor-id=\"11199\" class=\"elementor elementor-11199\" data-elementor-post-type=\"page\">\n\t\t\t\t\t\t<section class=\"elementor-section elementor-top-section elementor-element elementor-element-38500909 elementor-section-stretched elementor-section-boxed elementor-section-height-default elementor-section-height-default\" data-id=\"38500909\" data-element_type=\"section\" data-settings=\"{&quot;stretch_section&quot;:&quot;section-stretched&quot;,&quot;background_background&quot;:&quot;classic&quot;}\">\n\t\t\t\t\t\t\t<div class=\"elementor-background-overlay\"><\/div>\n\t\t\t\t\t\t\t<div class=\"elementor-container elementor-column-gap-default\">\n\t\t\t\t\t<div class=\"elementor-column elementor-col-100 elementor-top-column elementor-element elementor-element-7f7e604\" data-id=\"7f7e604\" data-element_type=\"column\">\n\t\t\t<div class=\"elementor-widget-wrap elementor-element-populated\">\n\t\t\t\t\t\t<div class=\"elementor-element elementor-element-6a3308e2 elementor-widget elementor-widget-heading\" data-id=\"6a3308e2\" data-element_type=\"widget\" data-widget_type=\"heading.default\">\n\t\t\t\t<div class=\"elementor-widget-container\">\n\t\t\t<h2 class=\"elementor-heading-title elementor-size-small\">T\u1ed5 ch\u1ee9c s\u1ef1 ki\u1ec7n v\u1eafc xin COVID-19 <\/h2>\t\t<\/div>\n\t\t\t\t<\/div>\n\t\t\t\t<div class=\"elementor-element elementor-element-5b541628 elementor-widget elementor-widget-text-editor\" data-id=\"5b541628\" data-element_type=\"widget\" data-widget_type=\"text-editor.default\">\n\t\t\t\t<div class=\"elementor-widget-container\">\n\t\t\t\t\t\t\t<p class=\"p1\">N\u1ebfu b\u1ea1n mu\u1ed1n StarMed ti\u1ebfn h\u00e0nh m\u1ed9t s\u1ef1 ki\u1ec7n v\u1eafc-xin trong c\u1ed9ng \u0111\u1ed3ng ho\u1eb7c doanh nghi\u1ec7p c\u1ee7a m\u00ecnh, ch\u00fang t\u00f4i r\u1ea5t mong nh\u1eadn \u0111\u01b0\u1ee3c ph\u1ea3n h\u1ed3i t\u1eeb b\u1ea1n. Nh\u00f3m c\u1ee7a ch\u00fang t\u00f4i c\u00f3 th\u1ec3 thi\u1ebft l\u1eadp c\u00e1c s\u1ef1 ki\u1ec7n c\u00f3 kh\u1ea3 n\u0103ng ti\u00eam ch\u1ee7ng cho h\u01a1n 3.000 c\u00e1 nh\u00e2n. \u0110i\u1ec1n v\u00e0o m\u1eabu d\u01b0\u1edbi \u0111\u00e2y v\u00e0 m\u1ed9t th\u00e0nh vi\u00ean trong nh\u00f3m c\u1ee7a ch\u00fang t\u00f4i s\u1ebd li\u00ean h\u1ec7 v\u1edbi b\u1ea1n ngay!<\/p>\n\t\t\t\t\t\t<\/div>\n\t\t\t\t<\/div>\n\t\t\t\t\t<\/div>\n\t\t<\/div>\n\t\t\t\t\t<\/div>\n\t\t<\/section>\n\t\t\t\t<section class=\"elementor-section elementor-top-section elementor-element elementor-element-c6f4bb4 elementor-section-boxed elementor-section-height-default elementor-section-height-default\" data-id=\"c6f4bb4\" data-element_type=\"section\">\n\t\t\t\t\t\t<div class=\"elementor-container elementor-column-gap-default\">\n\t\t\t\t\t<div class=\"elementor-column elementor-col-100 elementor-top-column elementor-element elementor-element-af1ff9c\" data-id=\"af1ff9c\" data-element_type=\"column\">\n\t\t\t<div class=\"elementor-widget-wrap elementor-element-populated\">\n\t\t\t\t\t\t<div class=\"elementor-element elementor-element-e844e26 elementor-widget elementor-widget-heading\" data-id=\"e844e26\" data-element_type=\"widget\" data-widget_type=\"heading.default\">\n\t\t\t\t<div class=\"elementor-widget-container\">\n\t\t\t<h2 class=\"elementor-heading-title elementor-size-default\">T\u1ed4 CH\u1ee8C S\u1ef0 KI\u1ec6N V\u1eaeC XIN<\/h2>\t\t<\/div>\n\t\t\t\t<\/div>\n\t\t\t\t<div class=\"elementor-element elementor-element-bd2d39a elementor-widget elementor-widget-heading\" data-id=\"bd2d39a\" data-element_type=\"widget\" data-widget_type=\"heading.default\">\n\t\t\t\t<div class=\"elementor-widget-container\">\n\t\t\t<h2 class=\"elementor-heading-title elementor-size-default\">\u0110i\u00ean \u0111\u00e2y \u0111u\u0309 vao bi\u00ea\u0309u m\u00e2u d\u01b0\u01a1i \u0111\u00e2y.<\/h2>\t\t<\/div>\n\t\t\t\t<\/div>\n\t\t\t\t\t<\/div>\n\t\t<\/div>\n\t\t\t\t\t<\/div>\n\t\t<\/section>\n\t\t\t\t<section class=\"elementor-section elementor-top-section elementor-element elementor-element-74097da elementor-section-full_width elementor-section-height-default elementor-section-height-default\" data-id=\"74097da\" data-element_type=\"section\">\n\t\t\t\t\t\t<div class=\"elementor-container elementor-column-gap-default\">\n\t\t\t\t\t<div class=\"elementor-column elementor-col-100 elementor-top-column elementor-element elementor-element-f398298\" data-id=\"f398298\" data-element_type=\"column\">\n\t\t\t<div class=\"elementor-widget-wrap elementor-element-populated\">\n\t\t\t\t\t\t<div class=\"elementor-element elementor-element-10bd0f2 elementor-widget elementor-widget-html\" data-id=\"10bd0f2\" data-element_type=\"widget\" data-widget_type=\"html.default\">\n\t\t\t\t<div class=\"elementor-widget-container\">\n\t\t\t<iframe data-src=\"https:\/\/docs.google.com\/forms\/d\/e\/1FAIpQLSetm1-Ur6KnEfEEeApW2D-1Z-kdmZzZI03tgQ6ocjXW9P3lJQ\/viewform?embedded=true\" width=\"640\" height=\"1950\" frameborder=\"0\" marginheight=\"0\" marginwidth=\"0\" src=\"data:image\/gif;base64,R0lGODlhAQABAAAAACH5BAEKAAEALAAAAAABAAEAAAICTAEAOw==\" class=\"lazyload\" data-load-mode=\"1\">\u0110ang t\u1ea3i...<\/iframe>\t\t<\/div>\n\t\t\t\t<\/div>\n\t\t\t\t\t<\/div>\n\t\t<\/div>\n\t\t\t\t\t<\/div>\n\t\t<\/section>\n\t\t\t\t<\/div>\n\t\t","protected":false},"excerpt":{"rendered":"<p>T\u1ed5 ch\u1ee9c s\u1ef1 ki\u1ec7n v\u1eafc xin COVID-19 N\u1ebfu b\u1ea1n mu\u1ed1n StarMed ti\u1ebfn h\u00e0nh m\u1ed9t s\u1ef1 ki\u1ec7n v\u1eafc-xin trong c\u1ed9ng \u0111\u1ed3ng ho\u1eb7c doanh nghi\u1ec7p c\u1ee7a m\u00ecnh, ch\u00fang t\u00f4i r\u1ea5t mong nh\u1eadn \u0111\u01b0\u1ee3c ph\u1ea3n h\u1ed3i t\u1eeb b\u1ea1n. Nh\u00f3m c\u1ee7a ch\u00fang t\u00f4i c\u00f3 th\u1ec3 thi\u1ebft l\u1eadp c\u00e1c s\u1ef1 ki\u1ec7n c\u00f3 kh\u1ea3 n\u0103ng ti\u00eam ch\u1ee7ng cho h\u01a1n 3.000 c\u00e1 [&hellip;]<\/p>\n","protected":false},"author":1,"featured_media":0,"parent":0,"menu_order":0,"comment_status":"closed","ping_status":"closed","template":"elementor_header_footer","meta":{"footnotes":""},"folder":[],"class_list":["post-11199","page","type-page","status-publish","hentry","clearfix"],"yoast_head":"<!-- This site is optimized with the Yoast SEO plugin v23.9 - https:\/\/yoast.com\/wordpress\/plugins\/seo\/ -->\n<title>s\u1ef1 ki\u1ec7n v\u1eafc xin - StarMed Healthcare<\/title>\n<meta name=\"description\" content=\"T\u00ecm hi\u1ec3u c\u00e1ch ph\u00e2n bi\u1ec7t v\u00e0 ch\u0103m s\u00f3c c\u1ea3m l\u1ea1nh th\u00f4ng th\u01b0\u1eddng v\u00e0 c\u00fam t\u1ea1i StarMed Family &amp; Emergency Care\" \/>\n<meta name=\"robots\" content=\"index, follow, max-snippet:-1, max-image-preview:large, max-video-preview:-1\" \/>\n<link rel=\"canonical\" href=\"https:\/\/starmed.care\/vi\/su-kien-vac-xin\/\" \/>\n<meta property=\"og:locale\" content=\"vi_VN\" \/>\n<meta property=\"og:type\" content=\"article\" \/>\n<meta property=\"og:title\" content=\"s\u1ef1 ki\u1ec7n v\u1eafc xin - StarMed Healthcare\" \/>\n<meta property=\"og:description\" content=\"T\u00ecm hi\u1ec3u c\u00e1ch ph\u00e2n bi\u1ec7t v\u00e0 ch\u0103m s\u00f3c c\u1ea3m l\u1ea1nh th\u00f4ng th\u01b0\u1eddng v\u00e0 c\u00fam t\u1ea1i StarMed Family &amp; Emergency Care\" \/>\n<meta property=\"og:url\" content=\"https:\/\/starmed.care\/vi\/su-kien-vac-xin\/\" \/>\n<meta property=\"og:site_name\" content=\"StarMed Healthcare\" \/>\n<meta property=\"article:publisher\" content=\"https:\/\/www.facebook.com\/StarMedCare\/\" \/>\n<meta property=\"article:modified_time\" content=\"2022-11-30T19:23:20+00:00\" \/>\n<meta property=\"og:image\" content=\"https:\/\/starmed.care\/wp-content\/uploads\/2021\/04\/starmed-navy.png\" \/>\n\t<meta property=\"og:image:width\" content=\"350\" \/>\n\t<meta property=\"og:image:height\" content=\"95\" \/>\n\t<meta property=\"og:image:type\" content=\"image\/png\" \/>\n<meta name=\"twitter:card\" content=\"summary_large_image\" \/>\n<meta name=\"twitter:site\" content=\"@starmedcare\" \/>\n<meta name=\"twitter:label1\" content=\"Est. reading time\" \/>\n\t<meta name=\"twitter:data1\" content=\"1 minute\" \/>\n<script type=\"application\/ld+json\" class=\"yoast-schema-graph\">{\"@context\":\"https:\/\/schema.org\",\"@graph\":[{\"@type\":\"WebPage\",\"@id\":\"https:\/\/starmed.care\/vi\/su-kien-vac-xin\/\",\"url\":\"https:\/\/starmed.care\/vi\/su-kien-vac-xin\/\",\"name\":\"s\u1ef1 ki\u1ec7n v\u1eafc xin - StarMed Healthcare\",\"isPartOf\":{\"@id\":\"https:\/\/starmed.care\/#website\"},\"datePublished\":\"2022-11-30T19:23:05+00:00\",\"dateModified\":\"2022-11-30T19:23:20+00:00\",\"description\":\"T\u00ecm hi\u1ec3u c\u00e1ch ph\u00e2n bi\u1ec7t v\u00e0 ch\u0103m s\u00f3c c\u1ea3m l\u1ea1nh th\u00f4ng th\u01b0\u1eddng v\u00e0 c\u00fam t\u1ea1i StarMed Family & Emergency Care\",\"breadcrumb\":{\"@id\":\"https:\/\/starmed.care\/vi\/su-kien-vac-xin\/#breadcrumb\"},\"inLanguage\":\"vi-VN\",\"potentialAction\":[{\"@type\":\"ReadAction\",\"target\":[\"https:\/\/starmed.care\/vi\/su-kien-vac-xin\/\"]}]},{\"@type\":\"BreadcrumbList\",\"@id\":\"https:\/\/starmed.care\/vi\/su-kien-vac-xin\/#breadcrumb\",\"itemListElement\":[{\"@type\":\"ListItem\",\"position\":1,\"name\":\"Home\",\"item\":\"https:\/\/starmed.care\/\"},{\"@type\":\"ListItem\",\"position\":2,\"name\":\"s\u1ef1 ki\u1ec7n v\u1eafc xin\"}]},{\"@type\":\"WebSite\",\"@id\":\"https:\/\/starmed.care\/#website\",\"url\":\"https:\/\/starmed.care\/\",\"name\":\"StarMed Healthcare\",\"description\":\"\",\"publisher\":{\"@id\":\"https:\/\/starmed.care\/#organization\"},\"potentialAction\":[{\"@type\":\"SearchAction\",\"target\":{\"@type\":\"EntryPoint\",\"urlTemplate\":\"https:\/\/starmed.care\/?s={search_term_string}\"},\"query-input\":{\"@type\":\"PropertyValueSpecification\",\"valueRequired\":true,\"valueName\":\"search_term_string\"}}],\"inLanguage\":\"vi-VN\"},{\"@type\":\"Organization\",\"@id\":\"https:\/\/starmed.care\/#organization\",\"name\":\"StarMed Healthcare\",\"url\":\"https:\/\/starmed.care\/\",\"logo\":{\"@type\":\"ImageObject\",\"inLanguage\":\"vi-VN\",\"@id\":\"https:\/\/starmed.care\/#\/schema\/logo\/image\/\",\"url\":\"https:\/\/starmed.care\/wp-content\/uploads\/2021\/04\/starmed-navy.png\",\"contentUrl\":\"https:\/\/starmed.care\/wp-content\/uploads\/2021\/04\/starmed-navy.png\",\"width\":350,\"height\":95,\"caption\":\"StarMed Healthcare\"},\"image\":{\"@id\":\"https:\/\/starmed.care\/#\/schema\/logo\/image\/\"},\"sameAs\":[\"https:\/\/www.facebook.com\/StarMedCare\/\",\"https:\/\/x.com\/starmedcare\",\"https:\/\/www.instagram.com\/starmedcare\/\",\"https:\/\/www.youtube.com\/channel\/UClmSeca6AkvUerbHnX0SYkg\"]}]}<\/script>\n<!-- \/ Yoast SEO plugin. -->","yoast_head_json":{"title":"s\u1ef1 ki\u1ec7n v\u1eafc xin - StarMed Healthcare","description":"T\u00ecm hi\u1ec3u c\u00e1ch ph\u00e2n bi\u1ec7t v\u00e0 ch\u0103m s\u00f3c c\u1ea3m l\u1ea1nh th\u00f4ng th\u01b0\u1eddng v\u00e0 c\u00fam t\u1ea1i StarMed Family & Emergency Care","robots":{"index":"index","follow":"follow","max-snippet":"max-snippet:-1","max-image-preview":"max-image-preview:large","max-video-preview":"max-video-preview:-1"},"canonical":"https:\/\/starmed.care\/vi\/su-kien-vac-xin\/","og_locale":"vi_VN","og_type":"article","og_title":"s\u1ef1 ki\u1ec7n v\u1eafc xin - StarMed Healthcare","og_description":"T\u00ecm hi\u1ec3u c\u00e1ch ph\u00e2n bi\u1ec7t v\u00e0 ch\u0103m s\u00f3c c\u1ea3m l\u1ea1nh th\u00f4ng th\u01b0\u1eddng v\u00e0 c\u00fam t\u1ea1i StarMed Family & Emergency Care","og_url":"https:\/\/starmed.care\/vi\/su-kien-vac-xin\/","og_site_name":"StarMed Healthcare","article_publisher":"https:\/\/www.facebook.com\/StarMedCare\/","article_modified_time":"2022-11-30T19:23:20+00:00","og_image":[{"width":350,"height":95,"url":"https:\/\/starmed.care\/wp-content\/uploads\/2021\/04\/starmed-navy.png","type":"image\/png"}],"twitter_card":"summary_large_image","twitter_site":"@starmedcare","twitter_misc":{"Est. reading time":"1 minute"},"schema":{"@context":"https:\/\/schema.org","@graph":[{"@type":"WebPage","@id":"https:\/\/starmed.care\/vi\/su-kien-vac-xin\/","url":"https:\/\/starmed.care\/vi\/su-kien-vac-xin\/","name":"s\u1ef1 ki\u1ec7n v\u1eafc xin - StarMed Healthcare","isPartOf":{"@id":"https:\/\/starmed.care\/#website"},"datePublished":"2022-11-30T19:23:05+00:00","dateModified":"2022-11-30T19:23:20+00:00","description":"T\u00ecm hi\u1ec3u c\u00e1ch ph\u00e2n bi\u1ec7t v\u00e0 ch\u0103m s\u00f3c c\u1ea3m l\u1ea1nh th\u00f4ng th\u01b0\u1eddng v\u00e0 c\u00fam t\u1ea1i StarMed Family & Emergency Care","breadcrumb":{"@id":"https:\/\/starmed.care\/vi\/su-kien-vac-xin\/#breadcrumb"},"inLanguage":"vi-VN","potentialAction":[{"@type":"ReadAction","target":["https:\/\/starmed.care\/vi\/su-kien-vac-xin\/"]}]},{"@type":"BreadcrumbList","@id":"https:\/\/starmed.care\/vi\/su-kien-vac-xin\/#breadcrumb","itemListElement":[{"@type":"ListItem","position":1,"name":"Home","item":"https:\/\/starmed.care\/"},{"@type":"ListItem","position":2,"name":"s\u1ef1 ki\u1ec7n v\u1eafc xin"}]},{"@type":"WebSite","@id":"https:\/\/starmed.care\/#website","url":"https:\/\/starmed.care\/","name":"StarMed Healthcare","description":"","publisher":{"@id":"https:\/\/starmed.care\/#organization"},"potentialAction":[{"@type":"SearchAction","target":{"@type":"EntryPoint","urlTemplate":"https:\/\/starmed.care\/?s={search_term_string}"},"query-input":{"@type":"PropertyValueSpecification","valueRequired":true,"valueName":"search_term_string"}}],"inLanguage":"vi-VN"},{"@type":"Organization","@id":"https:\/\/starmed.care\/#organization","name":"StarMed Healthcare","url":"https:\/\/starmed.care\/","logo":{"@type":"ImageObject","inLanguage":"vi-VN","@id":"https:\/\/starmed.care\/#\/schema\/logo\/image\/","url":"https:\/\/starmed.care\/wp-content\/uploads\/2021\/04\/starmed-navy.png","contentUrl":"https:\/\/starmed.care\/wp-content\/uploads\/2021\/04\/starmed-navy.png","width":350,"height":95,"caption":"StarMed Healthcare"},"image":{"@id":"https:\/\/starmed.care\/#\/schema\/logo\/image\/"},"sameAs":["https:\/\/www.facebook.com\/StarMedCare\/","https:\/\/x.com\/starmedcare","https:\/\/www.instagram.com\/starmedcare\/","https:\/\/www.youtube.com\/channel\/UClmSeca6AkvUerbHnX0SYkg"]}]}},"_links":{"self":[{"href":"https:\/\/starmed.care\/vi\/wp-json\/wp\/v2\/pages\/11199","targetHints":{"allow":["GET"]}}],"collection":[{"href":"https:\/\/starmed.care\/vi\/wp-json\/wp\/v2\/pages"}],"about":[{"href":"https:\/\/starmed.care\/vi\/wp-json\/wp\/v2\/types\/page"}],"author":[{"embeddable":true,"href":"https:\/\/starmed.care\/vi\/wp-json\/wp\/v2\/users\/1"}],"replies":[{"embeddable":true,"href":"https:\/\/starmed.care\/vi\/wp-json\/wp\/v2\/comments?post=11199"}],"version-history":[{"count":0,"href":"https:\/\/starmed.care\/vi\/wp-json\/wp\/v2\/pages\/11199\/revisions"}],"wp:attachment":[{"href":"https:\/\/starmed.care\/vi\/wp-json\/wp\/v2\/media?parent=11199"}],"wp:term":[{"taxonomy":"folder","embeddable":true,"href":"https:\/\/starmed.care\/vi\/wp-json\/wp\/v2\/folder?post=11199"}],"curies":[{"name":"wp","href":"https:\/\/api.w.org\/{rel}","templated":true}]}}