{"id":11173,"date":"2022-11-30T14:13:22","date_gmt":"2022-11-30T19:13:22","guid":{"rendered":"https:\/\/starmed.care\/dieu-phoi-vien-tuyen-dung\/"},"modified":"2022-11-30T14:13:22","modified_gmt":"2022-11-30T19:13:22","slug":"dieu-phoi-vien-tuyen-dung","status":"publish","type":"page","link":"https:\/\/starmed.care\/vi\/dieu-phoi-vien-tuyen-dung\/","title":{"rendered":"\u0110i\u1ec1u ph\u1ed1i vi\u00ean tuy\u1ec3n d\u1ee5ng"},"content":{"rendered":"\t\t<div data-elementor-type=\"wp-page\" data-elementor-id=\"11173\" class=\"elementor elementor-11173\" data-elementor-post-type=\"page\">\n\t\t\t\t\t\t<section class=\"elementor-section elementor-inner-section elementor-element elementor-element-5c9c31f2 elementor-section-boxed elementor-section-height-default elementor-section-height-default\" data-id=\"5c9c31f2\" data-element_type=\"section\" data-settings=\"{&quot;background_background&quot;:&quot;classic&quot;}\">\n\t\t\t\t\t\t\t<div class=\"elementor-background-overlay\"><\/div>\n\t\t\t\t\t\t\t<div class=\"elementor-container elementor-column-gap-default\">\n\t\t\t\t\t<div class=\"elementor-column elementor-col-100 elementor-inner-column elementor-element elementor-element-525a0324\" data-id=\"525a0324\" data-element_type=\"column\" data-settings=\"{&quot;background_background&quot;:&quot;classic&quot;}\">\n\t\t\t<div class=\"elementor-widget-wrap elementor-element-populated\">\n\t\t\t\t\t<div class=\"elementor-background-overlay\"><\/div>\n\t\t\t\t\t\t<div class=\"elementor-element elementor-element-6fc470a elementor-widget elementor-widget-heading\" data-id=\"6fc470a\" data-element_type=\"widget\" data-widget_type=\"heading.default\">\n\t\t\t\t<div class=\"elementor-widget-container\">\n\t\t\t<h2 class=\"elementor-heading-title elementor-size-small\">Can you find talent? Join StarMed today as our newest Recruiter.<\/h2>\t\t<\/div>\n\t\t\t\t<\/div>\n\t\t\t\t<div class=\"elementor-element elementor-element-42ebbd5c elementor-widget elementor-widget-text-editor\" data-id=\"42ebbd5c\" data-element_type=\"widget\" data-widget_type=\"text-editor.default\">\n\t\t\t\t<div class=\"elementor-widget-container\">\n\t\t\t\t\t\t\t<p>StarMed Healthcare is looking for a Recruiting Specialist to assist our Recruitment Team. Read the full description below and apply today!\u00a0<\/p>\t\t\t\t\t\t<\/div>\n\t\t\t\t<\/div>\n\t\t\t\t<div class=\"elementor-element elementor-element-19b2387 elementor-widget elementor-widget-spacer\" data-id=\"19b2387\" data-element_type=\"widget\" data-widget_type=\"spacer.default\">\n\t\t\t\t<div class=\"elementor-widget-container\">\n\t\t\t\t\t<div class=\"elementor-spacer\">\n\t\t\t<div class=\"elementor-spacer-inner\"><\/div>\n\t\t<\/div>\n\t\t\t\t<\/div>\n\t\t\t\t<\/div>\n\t\t\t\t\t<\/div>\n\t\t<\/div>\n\t\t\t\t\t<\/div>\n\t\t<\/section>\n\t\t\t\t<section class=\"elementor-section elementor-top-section elementor-element elementor-element-8b4ecac elementor-section-boxed elementor-section-height-default elementor-section-height-default\" data-id=\"8b4ecac\" data-element_type=\"section\" data-settings=\"{&quot;background_background&quot;:&quot;classic&quot;}\">\n\t\t\t\t\t\t<div class=\"elementor-container elementor-column-gap-default\">\n\t\t\t\t\t<div class=\"elementor-column elementor-col-100 elementor-top-column elementor-element elementor-element-87c667e\" data-id=\"87c667e\" data-element_type=\"column\" data-settings=\"{&quot;background_background&quot;:&quot;classic&quot;}\">\n\t\t\t<div class=\"elementor-widget-wrap elementor-element-populated\">\n\t\t\t\t\t\t<section class=\"elementor-section elementor-inner-section elementor-element elementor-element-598d44a elementor-section-boxed elementor-section-height-default elementor-section-height-default\" data-id=\"598d44a\" data-element_type=\"section\">\n\t\t\t\t\t\t<div class=\"elementor-container elementor-column-gap-default\">\n\t\t\t\t\t<div class=\"elementor-column elementor-col-100 elementor-inner-column elementor-element elementor-element-729d675\" data-id=\"729d675\" data-element_type=\"column\">\n\t\t\t<div class=\"elementor-widget-wrap elementor-element-populated\">\n\t\t\t\t\t\t<div class=\"elementor-element elementor-element-e8ec878 elementor-widget elementor-widget-text-editor\" data-id=\"e8ec878\" data-element_type=\"widget\" data-widget_type=\"text-editor.default\">\n\t\t\t\t<div class=\"elementor-widget-container\">\n\t\t\t\t\t\t\t<p>RECRUITING COORDINATOR<\/p>\t\t\t\t\t\t<\/div>\n\t\t\t\t<\/div>\n\t\t\t\t<div class=\"elementor-element elementor-element-f93ad0c elementor-widget-divider--view-line elementor-widget elementor-widget-divider\" data-id=\"f93ad0c\" data-element_type=\"widget\" data-widget_type=\"divider.default\">\n\t\t\t\t<div class=\"elementor-widget-container\">\n\t\t\t\t\t<div class=\"elementor-divider\">\n\t\t\t<span class=\"elementor-divider-separator\">\n\t\t\t\t\t\t<\/span>\n\t\t<\/div>\n\t\t\t\t<\/div>\n\t\t\t\t<\/div>\n\t\t\t\t<div class=\"elementor-element elementor-element-2b02ec7 elementor-widget elementor-widget-text-editor\" data-id=\"2b02ec7\" data-element_type=\"widget\" data-widget_type=\"text-editor.default\">\n\t\t\t\t<div class=\"elementor-widget-container\">\n\t\t\t\t\t\t\t<p>Charlotte, North Carolina\u00a0<\/p>\t\t\t\t\t\t<\/div>\n\t\t\t\t<\/div>\n\t\t\t\t<div class=\"elementor-element elementor-element-00f26fa elementor-widget elementor-widget-text-editor\" data-id=\"00f26fa\" data-element_type=\"widget\" data-widget_type=\"text-editor.default\">\n\t\t\t\t<div class=\"elementor-widget-container\">\n\t\t\t\t\t\t\t<p>From $16-$20 per hour with the opportunity for incentive pay based on a strong work ethic and positive attitude.<\/p>\t\t\t\t\t\t<\/div>\n\t\t\t\t<\/div>\n\t\t\t\t<div class=\"elementor-element elementor-element-991eb6b elementor-widget elementor-widget-text-editor\" data-id=\"991eb6b\" data-element_type=\"widget\" data-widget_type=\"text-editor.default\">\n\t\t\t\t<div class=\"elementor-widget-container\">\n\t\t\t\t\t\t\t<p>Full Job Description<\/p>\t\t\t\t\t\t<\/div>\n\t\t\t\t<\/div>\n\t\t\t\t<div class=\"elementor-element elementor-element-3c2c182 elementor-widget elementor-widget-text-editor\" data-id=\"3c2c182\" data-element_type=\"widget\" data-widget_type=\"text-editor.default\">\n\t\t\t\t<div class=\"elementor-widget-container\">\n\t\t\t\t\t\t\tStarMed Healthcare is looking for a Recruiting Specialist to assist our Recruitment Team. Our ideal candidate is a highly motivated, outgoing individual who always represents the company with discretion, professionalism, and a positive attitude!\t\t\t\t\t\t<\/div>\n\t\t\t\t<\/div>\n\t\t\t\t<div class=\"elementor-element elementor-element-44d9079 elementor-widget elementor-widget-text-editor\" data-id=\"44d9079\" data-element_type=\"widget\" data-widget_type=\"text-editor.default\">\n\t\t\t\t<div class=\"elementor-widget-container\">\n\t\t\t\t\t\t\t<p>Responsibilities<\/p>\t\t\t\t\t\t<\/div>\n\t\t\t\t<\/div>\n\t\t\t\t<div class=\"elementor-element elementor-element-3ebc563 elementor-widget elementor-widget-text-editor\" data-id=\"3ebc563\" data-element_type=\"widget\" data-widget_type=\"text-editor.default\">\n\t\t\t\t<div class=\"elementor-widget-container\">\n\t\t\t\t\t\t\t<ul><li>Work under the direction of the Recruiter to assist with aspects of the hiring process<\/li><li>Support hiring process for COVID-19 testing<\/li><li>Coordinate staffing for the COVID-19 testing events<\/li><li>Handle call-outs and back-fill positions as needed<\/li><li>Travel to testing sites to fill in as needed<\/li><\/ul>\t\t\t\t\t\t<\/div>\n\t\t\t\t<\/div>\n\t\t\t\t<div class=\"elementor-element elementor-element-5d36206 elementor-widget elementor-widget-text-editor\" data-id=\"5d36206\" data-element_type=\"widget\" data-widget_type=\"text-editor.default\">\n\t\t\t\t<div class=\"elementor-widget-container\">\n\t\t\t\t\t\t\t<p>Requirements<\/p>\t\t\t\t\t\t<\/div>\n\t\t\t\t<\/div>\n\t\t\t\t<div class=\"elementor-element elementor-element-6b4cfa9 elementor-widget elementor-widget-text-editor\" data-id=\"6b4cfa9\" data-element_type=\"widget\" data-widget_type=\"text-editor.default\">\n\t\t\t\t<div class=\"elementor-widget-container\">\n\t\t\t\t\t\t\t<ul><li>Experience using Microsoft Word and Excel<\/li><li>Ability to communicate effectively<\/li><li>Positive attitude<\/li><li>Strong phone and interpersonal skills<\/li><li>Ability to multi-task<\/li><li>Problem solver<\/li><li>Self-starter<\/li><li>Team player but also comfortable working independently<\/li><li>Fast learner<\/li><\/ul>\t\t\t\t\t\t<\/div>\n\t\t\t\t<\/div>\n\t\t\t\t<div class=\"elementor-element elementor-element-9380daf elementor-widget elementor-widget-text-editor\" data-id=\"9380daf\" data-element_type=\"widget\" data-widget_type=\"text-editor.default\">\n\t\t\t\t<div class=\"elementor-widget-container\">\n\t\t\t\t\t\t\t<p>Job Types<\/p>\t\t\t\t\t\t<\/div>\n\t\t\t\t<\/div>\n\t\t\t\t<div class=\"elementor-element elementor-element-519d62c elementor-widget elementor-widget-text-editor\" data-id=\"519d62c\" data-element_type=\"widget\" data-widget_type=\"text-editor.default\">\n\t\t\t\t<div class=\"elementor-widget-container\">\n\t\t\t\t\t\t\t<ul><li>Full-time<\/li><\/ul>\t\t\t\t\t\t<\/div>\n\t\t\t\t<\/div>\n\t\t\t\t<div class=\"elementor-element elementor-element-4309090 elementor-widget elementor-widget-text-editor\" data-id=\"4309090\" data-element_type=\"widget\" data-widget_type=\"text-editor.default\">\n\t\t\t\t<div class=\"elementor-widget-container\">\n\t\t\t\t\t\t\t<p>Schedule<\/p>\t\t\t\t\t\t<\/div>\n\t\t\t\t<\/div>\n\t\t\t\t<div class=\"elementor-element elementor-element-84a26e8 elementor-widget elementor-widget-text-editor\" data-id=\"84a26e8\" data-element_type=\"widget\" data-widget_type=\"text-editor.default\">\n\t\t\t\t<div class=\"elementor-widget-container\">\n\t\t\t\t\t\t\t<ul><li>8 hour shift<\/li><li>Monday-Friday<\/li><\/ul>\t\t\t\t\t\t<\/div>\n\t\t\t\t<\/div>\n\t\t\t\t<div class=\"elementor-element elementor-element-6391cef elementor-widget elementor-widget-text-editor\" data-id=\"6391cef\" data-element_type=\"widget\" data-widget_type=\"text-editor.default\">\n\t\t\t\t<div class=\"elementor-widget-container\">\n\t\t\t\t\t\t\t<p>Education and Experience<\/p>\t\t\t\t\t\t<\/div>\n\t\t\t\t<\/div>\n\t\t\t\t<div class=\"elementor-element elementor-element-5ab85a5 elementor-widget elementor-widget-text-editor\" data-id=\"5ab85a5\" data-element_type=\"widget\" data-widget_type=\"text-editor.default\">\n\t\t\t\t<div class=\"elementor-widget-container\">\n\t\t\t\t\t\t\t<ul><li>Associates Degree or higher (preferred)<\/li><li>1 year minimum of Recruiting Experience<\/li><li>Microsoft Office proficiency<\/li><\/ul>\t\t\t\t\t\t<\/div>\n\t\t\t\t<\/div>\n\t\t\t\t<div class=\"elementor-element elementor-element-ef9e913 elementor-widget elementor-widget-text-editor\" data-id=\"ef9e913\" data-element_type=\"widget\" data-widget_type=\"text-editor.default\">\n\t\t\t\t<div class=\"elementor-widget-container\">\n\t\t\t\t\t\t\t<p>Work Location(s)<\/p>\t\t\t\t\t\t<\/div>\n\t\t\t\t<\/div>\n\t\t\t\t<div class=\"elementor-element elementor-element-225595b elementor-widget elementor-widget-text-editor\" data-id=\"225595b\" data-element_type=\"widget\" data-widget_type=\"text-editor.default\">\n\t\t\t\t<div class=\"elementor-widget-container\">\n\t\t\t\t\t\t\t<ul><li><span style=\"color: #2f3d4a;\">Charlotte, North Carolina<\/span><\/li><\/ul>\t\t\t\t\t\t<\/div>\n\t\t\t\t<\/div>\n\t\t\t\t<div class=\"elementor-element elementor-element-1161f95 elementor-widget elementor-widget-text-editor\" data-id=\"1161f95\" data-element_type=\"widget\" data-widget_type=\"text-editor.default\">\n\t\t\t\t<div class=\"elementor-widget-container\">\n\t\t\t\t\t\t\t<p>Benefits<\/p>\t\t\t\t\t\t<\/div>\n\t\t\t\t<\/div>\n\t\t\t\t<div class=\"elementor-element elementor-element-03ae100 elementor-widget elementor-widget-text-editor\" data-id=\"03ae100\" data-element_type=\"widget\" data-widget_type=\"text-editor.default\">\n\t\t\t\t<div class=\"elementor-widget-container\">\n\t\t\t\t\t\t\t<ul><li>401 (k)<\/li><li>Dental Insurance<\/li><li>Health Insurance<\/li><li>Vision Insurance<\/li><li>Paid Time Off<\/li><\/ul>\t\t\t\t\t\t<\/div>\n\t\t\t\t<\/div>\n\t\t\t\t<div class=\"elementor-element elementor-element-63a7050 elementor-widget elementor-widget-spacer\" data-id=\"63a7050\" data-element_type=\"widget\" data-widget_type=\"spacer.default\">\n\t\t\t\t<div class=\"elementor-widget-container\">\n\t\t\t\t\t<div class=\"elementor-spacer\">\n\t\t\t<div class=\"elementor-spacer-inner\"><\/div>\n\t\t<\/div>\n\t\t\t\t<\/div>\n\t\t\t\t<\/div>\n\t\t\t\t<div class=\"elementor-element elementor-element-0aa6e46 elementor-mobile-align-center elementor-tablet-align-left elementor-widget elementor-widget-button\" data-id=\"0aa6e46\" data-element_type=\"widget\" data-widget_type=\"button.default\">\n\t\t\t\t<div class=\"elementor-widget-container\">\n\t\t\t\t\t\t\t<div class=\"elementor-button-wrapper\">\n\t\t\t\t\t<a class=\"elementor-button elementor-button-link elementor-size-md\" href=\"https:\/\/docs.google.com\/forms\/d\/e\/1FAIpQLSfzk6crntOZ-K3PK52CqI6XbShlXa_pK7ROthAw5GqnO2ZQ_w\/viewform?usp=sf_link\" target=\"_blank\">\n\t\t\t\t\t\t<span class=\"elementor-button-content-wrapper\">\n\t\t\t\t\t\t\t\t\t<span class=\"elementor-button-text\">APPLY NOW<\/span>\n\t\t\t\t\t<\/span>\n\t\t\t\t\t<\/a>\n\t\t\t\t<\/div>\n\t\t\t\t\t\t<\/div>\n\t\t\t\t<\/div>\n\t\t\t\t<div class=\"elementor-element elementor-element-407118b elementor-widget elementor-widget-text-editor\" data-id=\"407118b\" data-element_type=\"widget\" data-widget_type=\"text-editor.default\">\n\t\t\t\t<div class=\"elementor-widget-container\">\n\t\t\t\t\t\t\t<p><strong>We are an equal opportunity employer.<\/strong> All qualified applicants will receive consideration for employment without regard to race, color, religion, sex, national origin, disability status, protected veteran status or any other characteristic protected by law.<\/p>\t\t\t\t\t\t<\/div>\n\t\t\t\t<\/div>\n\t\t\t\t\t<\/div>\n\t\t<\/div>\n\t\t\t\t\t<\/div>\n\t\t<\/section>\n\t\t\t\t\t<\/div>\n\t\t<\/div>\n\t\t\t\t\t<\/div>\n\t\t<\/section>\n\t\t\t\t<section class=\"elementor-section elementor-top-section elementor-element elementor-element-e9fc991 elementor-section-boxed elementor-section-height-default elementor-section-height-default\" data-id=\"e9fc991\" data-element_type=\"section\">\n\t\t\t\t\t\t<div class=\"elementor-container elementor-column-gap-default\">\n\t\t\t\t\t<div class=\"elementor-column elementor-col-100 elementor-top-column elementor-element elementor-element-e634845\" data-id=\"e634845\" data-element_type=\"column\">\n\t\t\t<div class=\"elementor-widget-wrap elementor-element-populated\">\n\t\t\t\t\t\t<div class=\"elementor-element elementor-element-1591b23 elementor-widget elementor-widget-spacer\" data-id=\"1591b23\" data-element_type=\"widget\" data-widget_type=\"spacer.default\">\n\t\t\t\t<div class=\"elementor-widget-container\">\n\t\t\t\t\t<div class=\"elementor-spacer\">\n\t\t\t<div class=\"elementor-spacer-inner\"><\/div>\n\t\t<\/div>\n\t\t\t\t<\/div>\n\t\t\t\t<\/div>\n\t\t\t\t\t<\/div>\n\t\t<\/div>\n\t\t\t\t\t<\/div>\n\t\t<\/section>\n\t\t\t\t<section class=\"elementor-section elementor-top-section elementor-element elementor-element-3b36a2d6 elementor-section-boxed elementor-section-height-default elementor-section-height-default\" data-id=\"3b36a2d6\" data-element_type=\"section\" data-settings=\"{&quot;background_background&quot;:&quot;classic&quot;}\">\n\t\t\t\t\t\t<div class=\"elementor-container elementor-column-gap-default\">\n\t\t\t\t\t<div class=\"elementor-column elementor-col-50 elementor-top-column elementor-element elementor-element-4bf98086\" data-id=\"4bf98086\" data-element_type=\"column\">\n\t\t\t<div class=\"elementor-widget-wrap elementor-element-populated\">\n\t\t\t\t\t\t<div class=\"elementor-element elementor-element-48527180 elementor-view-default elementor-widget elementor-widget-icon\" data-id=\"48527180\" data-element_type=\"widget\" data-widget_type=\"icon.default\">\n\t\t\t\t<div class=\"elementor-widget-container\">\n\t\t\t\t\t<div class=\"elementor-icon-wrapper\">\n\t\t\t<div class=\"elementor-icon\">\n\t\t\t<i aria-hidden=\"true\" class=\"far fa-envelope\"><\/i>\t\t\t<\/div>\n\t\t<\/div>\n\t\t\t\t<\/div>\n\t\t\t\t<\/div>\n\t\t\t\t\t<\/div>\n\t\t<\/div>\n\t\t\t\t<div class=\"elementor-column elementor-col-50 elementor-top-column elementor-element elementor-element-41f5b679\" data-id=\"41f5b679\" data-element_type=\"column\">\n\t\t\t<div class=\"elementor-widget-wrap elementor-element-populated\">\n\t\t\t\t\t\t<div class=\"elementor-element elementor-element-595f62f3 elementor-widget elementor-widget-heading\" data-id=\"595f62f3\" data-element_type=\"widget\" data-widget_type=\"heading.default\">\n\t\t\t\t<div class=\"elementor-widget-container\">\n\t\t\t<h2 class=\"elementor-heading-title elementor-size-default\">Email Us<br><a href=\"mailto:info@starmed.care?Subject=Information%20Request\" target=\"_top\">info@starmed.care<\/a><\/h2>\t\t<\/div>\n\t\t\t\t<\/div>\n\t\t\t\t\t<\/div>\n\t\t<\/div>\n\t\t\t\t\t<\/div>\n\t\t<\/section>\n\t\t\t\t<\/div>\n\t\t","protected":false},"excerpt":{"rendered":"","protected":false},"author":1,"featured_media":0,"parent":0,"menu_order":0,"comment_status":"closed","ping_status":"closed","template":"elementor_header_footer","meta":{"footnotes":""},"folder":[],"class_list":["post-11173","page","type-page","status-publish","hentry","clearfix"],"yoast_head":"<!-- This site is optimized with the Yoast SEO plugin v23.9 - https:\/\/yoast.com\/wordpress\/plugins\/seo\/ -->\n<title>\u0110i\u1ec1u ph\u1ed1i vi\u00ean tuy\u1ec3n d\u1ee5ng - StarMed Healthcare<\/title>\n<meta name=\"description\" content=\"Tham gia t\u1ed5 ch\u1ee9c ch\u0103m s\u00f3c s\u1ee9c kh\u1ecfe ph\u00e1t tri\u1ec3n nhanh nh\u1ea5t \u1edf B\u1eafc Carolina! Ch\u00fang t\u00f4i n\u00f3ng l\u00f2ng mu\u1ed1n c\u00f3 b\u1ea1n trong \u0111\u1ed9i c\u1ee7a ch\u00fang t\u00f4i!\" \/>\n<meta name=\"robots\" content=\"index, follow, max-snippet:-1, max-image-preview:large, max-video-preview:-1\" \/>\n<link rel=\"canonical\" href=\"https:\/\/starmed.care\/vi\/dieu-phoi-vien-tuyen-dung\/\" \/>\n<meta property=\"og:locale\" content=\"vi_VN\" \/>\n<meta property=\"og:type\" content=\"article\" \/>\n<meta property=\"og:title\" content=\"\u0110i\u1ec1u ph\u1ed1i vi\u00ean tuy\u1ec3n d\u1ee5ng - StarMed Healthcare\" \/>\n<meta property=\"og:description\" content=\"Tham gia t\u1ed5 ch\u1ee9c ch\u0103m s\u00f3c s\u1ee9c kh\u1ecfe ph\u00e1t tri\u1ec3n nhanh nh\u1ea5t \u1edf B\u1eafc Carolina! Ch\u00fang t\u00f4i n\u00f3ng l\u00f2ng mu\u1ed1n c\u00f3 b\u1ea1n trong \u0111\u1ed9i c\u1ee7a ch\u00fang t\u00f4i!\" \/>\n<meta property=\"og:url\" content=\"https:\/\/starmed.care\/vi\/dieu-phoi-vien-tuyen-dung\/\" \/>\n<meta property=\"og:site_name\" content=\"StarMed Healthcare\" \/>\n<meta property=\"article:publisher\" content=\"https:\/\/www.facebook.com\/StarMedCare\/\" \/>\n<meta property=\"og:image\" content=\"https:\/\/starmed.care\/wp-content\/uploads\/2021\/04\/starmed-navy.png\" \/>\n\t<meta property=\"og:image:width\" content=\"350\" \/>\n\t<meta property=\"og:image:height\" content=\"95\" \/>\n\t<meta property=\"og:image:type\" content=\"image\/png\" \/>\n<meta name=\"twitter:card\" content=\"summary_large_image\" \/>\n<meta name=\"twitter:site\" content=\"@starmedcare\" \/>\n<script type=\"application\/ld+json\" class=\"yoast-schema-graph\">{\"@context\":\"https:\/\/schema.org\",\"@graph\":[{\"@type\":\"WebPage\",\"@id\":\"https:\/\/starmed.care\/vi\/dieu-phoi-vien-tuyen-dung\/\",\"url\":\"https:\/\/starmed.care\/vi\/dieu-phoi-vien-tuyen-dung\/\",\"name\":\"\u0110i\u1ec1u ph\u1ed1i vi\u00ean tuy\u1ec3n d\u1ee5ng - StarMed Healthcare\",\"isPartOf\":{\"@id\":\"https:\/\/starmed.care\/#website\"},\"datePublished\":\"2022-11-30T19:13:22+00:00\",\"dateModified\":\"2022-11-30T19:13:22+00:00\",\"description\":\"Tham gia t\u1ed5 ch\u1ee9c ch\u0103m s\u00f3c s\u1ee9c kh\u1ecfe ph\u00e1t tri\u1ec3n nhanh nh\u1ea5t \u1edf B\u1eafc Carolina! Ch\u00fang t\u00f4i n\u00f3ng l\u00f2ng mu\u1ed1n c\u00f3 b\u1ea1n trong \u0111\u1ed9i c\u1ee7a ch\u00fang t\u00f4i!\",\"breadcrumb\":{\"@id\":\"https:\/\/starmed.care\/vi\/dieu-phoi-vien-tuyen-dung\/#breadcrumb\"},\"inLanguage\":\"vi-VN\",\"potentialAction\":[{\"@type\":\"ReadAction\",\"target\":[\"https:\/\/starmed.care\/vi\/dieu-phoi-vien-tuyen-dung\/\"]}]},{\"@type\":\"BreadcrumbList\",\"@id\":\"https:\/\/starmed.care\/vi\/dieu-phoi-vien-tuyen-dung\/#breadcrumb\",\"itemListElement\":[{\"@type\":\"ListItem\",\"position\":1,\"name\":\"Home\",\"item\":\"https:\/\/starmed.care\/\"},{\"@type\":\"ListItem\",\"position\":2,\"name\":\"\u0110i\u1ec1u ph\u1ed1i vi\u00ean tuy\u1ec3n d\u1ee5ng\"}]},{\"@type\":\"WebSite\",\"@id\":\"https:\/\/starmed.care\/#website\",\"url\":\"https:\/\/starmed.care\/\",\"name\":\"StarMed Healthcare\",\"description\":\"\",\"publisher\":{\"@id\":\"https:\/\/starmed.care\/#organization\"},\"potentialAction\":[{\"@type\":\"SearchAction\",\"target\":{\"@type\":\"EntryPoint\",\"urlTemplate\":\"https:\/\/starmed.care\/?s={search_term_string}\"},\"query-input\":{\"@type\":\"PropertyValueSpecification\",\"valueRequired\":true,\"valueName\":\"search_term_string\"}}],\"inLanguage\":\"vi-VN\"},{\"@type\":\"Organization\",\"@id\":\"https:\/\/starmed.care\/#organization\",\"name\":\"StarMed Healthcare\",\"url\":\"https:\/\/starmed.care\/\",\"logo\":{\"@type\":\"ImageObject\",\"inLanguage\":\"vi-VN\",\"@id\":\"https:\/\/starmed.care\/#\/schema\/logo\/image\/\",\"url\":\"https:\/\/starmed.care\/wp-content\/uploads\/2021\/04\/starmed-navy.png\",\"contentUrl\":\"https:\/\/starmed.care\/wp-content\/uploads\/2021\/04\/starmed-navy.png\",\"width\":350,\"height\":95,\"caption\":\"StarMed Healthcare\"},\"image\":{\"@id\":\"https:\/\/starmed.care\/#\/schema\/logo\/image\/\"},\"sameAs\":[\"https:\/\/www.facebook.com\/StarMedCare\/\",\"https:\/\/x.com\/starmedcare\",\"https:\/\/www.instagram.com\/starmedcare\/\",\"https:\/\/www.youtube.com\/channel\/UClmSeca6AkvUerbHnX0SYkg\"]}]}<\/script>\n<!-- \/ Yoast SEO plugin. -->","yoast_head_json":{"title":"\u0110i\u1ec1u ph\u1ed1i vi\u00ean tuy\u1ec3n d\u1ee5ng - StarMed Healthcare","description":"Tham gia t\u1ed5 ch\u1ee9c ch\u0103m s\u00f3c s\u1ee9c kh\u1ecfe ph\u00e1t tri\u1ec3n nhanh nh\u1ea5t \u1edf B\u1eafc Carolina! Ch\u00fang t\u00f4i n\u00f3ng l\u00f2ng mu\u1ed1n c\u00f3 b\u1ea1n trong \u0111\u1ed9i c\u1ee7a ch\u00fang t\u00f4i!","robots":{"index":"index","follow":"follow","max-snippet":"max-snippet:-1","max-image-preview":"max-image-preview:large","max-video-preview":"max-video-preview:-1"},"canonical":"https:\/\/starmed.care\/vi\/dieu-phoi-vien-tuyen-dung\/","og_locale":"vi_VN","og_type":"article","og_title":"\u0110i\u1ec1u ph\u1ed1i vi\u00ean tuy\u1ec3n d\u1ee5ng - StarMed Healthcare","og_description":"Tham gia t\u1ed5 ch\u1ee9c ch\u0103m s\u00f3c s\u1ee9c kh\u1ecfe ph\u00e1t tri\u1ec3n nhanh nh\u1ea5t \u1edf B\u1eafc Carolina! Ch\u00fang t\u00f4i n\u00f3ng l\u00f2ng mu\u1ed1n c\u00f3 b\u1ea1n trong \u0111\u1ed9i c\u1ee7a ch\u00fang t\u00f4i!","og_url":"https:\/\/starmed.care\/vi\/dieu-phoi-vien-tuyen-dung\/","og_site_name":"StarMed Healthcare","article_publisher":"https:\/\/www.facebook.com\/StarMedCare\/","og_image":[{"width":350,"height":95,"url":"https:\/\/starmed.care\/wp-content\/uploads\/2021\/04\/starmed-navy.png","type":"image\/png"}],"twitter_card":"summary_large_image","twitter_site":"@starmedcare","schema":{"@context":"https:\/\/schema.org","@graph":[{"@type":"WebPage","@id":"https:\/\/starmed.care\/vi\/dieu-phoi-vien-tuyen-dung\/","url":"https:\/\/starmed.care\/vi\/dieu-phoi-vien-tuyen-dung\/","name":"\u0110i\u1ec1u ph\u1ed1i vi\u00ean tuy\u1ec3n d\u1ee5ng - StarMed Healthcare","isPartOf":{"@id":"https:\/\/starmed.care\/#website"},"datePublished":"2022-11-30T19:13:22+00:00","dateModified":"2022-11-30T19:13:22+00:00","description":"Tham gia t\u1ed5 ch\u1ee9c ch\u0103m s\u00f3c s\u1ee9c kh\u1ecfe ph\u00e1t tri\u1ec3n nhanh nh\u1ea5t \u1edf B\u1eafc Carolina! Ch\u00fang t\u00f4i n\u00f3ng l\u00f2ng mu\u1ed1n c\u00f3 b\u1ea1n trong \u0111\u1ed9i c\u1ee7a ch\u00fang t\u00f4i!","breadcrumb":{"@id":"https:\/\/starmed.care\/vi\/dieu-phoi-vien-tuyen-dung\/#breadcrumb"},"inLanguage":"vi-VN","potentialAction":[{"@type":"ReadAction","target":["https:\/\/starmed.care\/vi\/dieu-phoi-vien-tuyen-dung\/"]}]},{"@type":"BreadcrumbList","@id":"https:\/\/starmed.care\/vi\/dieu-phoi-vien-tuyen-dung\/#breadcrumb","itemListElement":[{"@type":"ListItem","position":1,"name":"Home","item":"https:\/\/starmed.care\/"},{"@type":"ListItem","position":2,"name":"\u0110i\u1ec1u ph\u1ed1i vi\u00ean tuy\u1ec3n d\u1ee5ng"}]},{"@type":"WebSite","@id":"https:\/\/starmed.care\/#website","url":"https:\/\/starmed.care\/","name":"StarMed Healthcare","description":"","publisher":{"@id":"https:\/\/starmed.care\/#organization"},"potentialAction":[{"@type":"SearchAction","target":{"@type":"EntryPoint","urlTemplate":"https:\/\/starmed.care\/?s={search_term_string}"},"query-input":{"@type":"PropertyValueSpecification","valueRequired":true,"valueName":"search_term_string"}}],"inLanguage":"vi-VN"},{"@type":"Organization","@id":"https:\/\/starmed.care\/#organization","name":"StarMed Healthcare","url":"https:\/\/starmed.care\/","logo":{"@type":"ImageObject","inLanguage":"vi-VN","@id":"https:\/\/starmed.care\/#\/schema\/logo\/image\/","url":"https:\/\/starmed.care\/wp-content\/uploads\/2021\/04\/starmed-navy.png","contentUrl":"https:\/\/starmed.care\/wp-content\/uploads\/2021\/04\/starmed-navy.png","width":350,"height":95,"caption":"StarMed Healthcare"},"image":{"@id":"https:\/\/starmed.care\/#\/schema\/logo\/image\/"},"sameAs":["https:\/\/www.facebook.com\/StarMedCare\/","https:\/\/x.com\/starmedcare","https:\/\/www.instagram.com\/starmedcare\/","https:\/\/www.youtube.com\/channel\/UClmSeca6AkvUerbHnX0SYkg"]}]}},"_links":{"self":[{"href":"https:\/\/starmed.care\/vi\/wp-json\/wp\/v2\/pages\/11173","targetHints":{"allow":["GET"]}}],"collection":[{"href":"https:\/\/starmed.care\/vi\/wp-json\/wp\/v2\/pages"}],"about":[{"href":"https:\/\/starmed.care\/vi\/wp-json\/wp\/v2\/types\/page"}],"author":[{"embeddable":true,"href":"https:\/\/starmed.care\/vi\/wp-json\/wp\/v2\/users\/1"}],"replies":[{"embeddable":true,"href":"https:\/\/starmed.care\/vi\/wp-json\/wp\/v2\/comments?post=11173"}],"version-history":[{"count":0,"href":"https:\/\/starmed.care\/vi\/wp-json\/wp\/v2\/pages\/11173\/revisions"}],"wp:attachment":[{"href":"https:\/\/starmed.care\/vi\/wp-json\/wp\/v2\/media?parent=11173"}],"wp:term":[{"taxonomy":"folder","embeddable":true,"href":"https:\/\/starmed.care\/vi\/wp-json\/wp\/v2\/folder?post=11173"}],"curies":[{"name":"wp","href":"https:\/\/api.w.org\/{rel}","templated":true}]}}