{"id":11063,"date":"2022-11-30T14:08:48","date_gmt":"2022-11-30T19:08:48","guid":{"rendered":"https:\/\/starmed.care\/lieu-phap-covid-19\/"},"modified":"2023-02-13T13:39:23","modified_gmt":"2023-02-13T18:39:23","slug":"lieu-phap-covid-19","status":"publish","type":"page","link":"https:\/\/starmed.care\/vi\/lieu-phap-covid-19\/","title":{"rendered":"Li\u1ec7u ph\u00e1p COVID-19"},"content":{"rendered":"\t\t<div data-elementor-type=\"wp-page\" data-elementor-id=\"11063\" class=\"elementor elementor-11063\" data-elementor-post-type=\"page\">\n\t\t\t\t\t\t<section class=\"elementor-section elementor-inner-section elementor-element elementor-element-41d6662b elementor-section-full_width elementor-section-height-default elementor-section-height-default\" data-id=\"41d6662b\" data-element_type=\"section\">\n\t\t\t\t\t\t<div class=\"elementor-container elementor-column-gap-default\">\n\t\t\t\t\t<div class=\"elementor-column elementor-col-100 elementor-inner-column elementor-element elementor-element-5d055c96\" data-id=\"5d055c96\" data-element_type=\"column\" data-settings=\"{&quot;background_background&quot;:&quot;classic&quot;}\">\n\t\t\t<div class=\"elementor-widget-wrap elementor-element-populated\">\n\t\t\t\t\t<div class=\"elementor-background-overlay\"><\/div>\n\t\t\t\t\t\t<div class=\"elementor-element elementor-element-2db17bfd elementor-widget elementor-widget-heading\" data-id=\"2db17bfd\" data-element_type=\"widget\" data-widget_type=\"heading.default\">\n\t\t\t\t<div class=\"elementor-widget-container\">\n\t\t\t<h2 class=\"elementor-heading-title elementor-size-small\">Li\u1ec7u ph\u00e1p d\u00f9ng thu\u1ed1c kh\u00e1ng vi-r\u00fat COVID-19<\/h2>\t\t<\/div>\n\t\t\t\t<\/div>\n\t\t\t\t<div class=\"elementor-element elementor-element-18822231 elementor-widget elementor-widget-text-editor\" data-id=\"18822231\" data-element_type=\"widget\" data-widget_type=\"text-editor.default\">\n\t\t\t\t<div class=\"elementor-widget-container\">\n\t\t\t\t\t\t\t<p>StarMed Healthcare hi\u1ec7n \u0111ang cung c\u1ea5p li\u1ec7u ph\u00e1p thu\u1ed1c kh\u00e1ng vi-r\u00fat \u0111\u1ec3 \u0111i\u1ec1u tr\u1ecb cho b\u1ec7nh nh\u00e2n c\u00f3 c\u00e1c tri\u1ec7u ch\u1ee9ng COVID-19 t\u1eeb nh\u1eb9 \u0111\u1ebfn trung b\u00ecnh. \u0110\u00e2y l\u00e0 vi\u00ean thu\u1ed1c \u0111\u1ea7u ti\u00ean \u0111\u01b0\u1ee3c cung c\u1ea5p \u0111\u1ec3 \u0111i\u1ec1u tr\u1ecb vi-r\u00fat v\u00e0 c\u00f3 hi\u1ec7u qu\u1ea3 nh\u1ea5t khi \u0111\u01b0\u1ee3c d\u00f9ng trong v\u00f2ng n\u0103m ng\u00e0y k\u1ec3 t\u1eeb khi ti\u1ebfp x\u00fac ho\u1eb7c \u0111\u01b0\u1ee3c ch\u1ea9n \u0111o\u00e1n m\u1eafc COVID-19.<\/p>\n<p><b>Ch\u00fang t\u00f4i t\u1ef1 h\u00e0o cung c\u1ea5p c\u1ea3 Monlupiravir (Merck) v\u00e0 Paxlovid (Pfizer) cho b\u1ec7nh nh\u00e2n c\u1ee7a m\u00ecnh.<\/b><\/p>\n\t\t\t\t\t\t<\/div>\n\t\t\t\t<\/div>\n\t\t\t\t<div class=\"elementor-element elementor-element-feaec99 elementor-tablet-align-left elementor-mobile-align-left elementor-widget elementor-widget-button\" data-id=\"feaec99\" data-element_type=\"widget\" data-widget_type=\"button.default\">\n\t\t\t\t<div class=\"elementor-widget-container\">\n\t\t\t\t\t\t\t<div class=\"elementor-button-wrapper\">\n\t\t\t\t\t<a class=\"elementor-button elementor-button-link elementor-size-sm\" href=\"https:\/\/starmed.care\/vi\/thuoc-ngua-covid-19\/\">\n\t\t\t\t\t\t<span class=\"elementor-button-content-wrapper\">\n\t\t\t\t\t\t\t\t\t<span class=\"elementor-button-text\">T\u00ccM HI\u1ec2U TH\u00caM<\/span>\n\t\t\t\t\t<\/span>\n\t\t\t\t\t<\/a>\n\t\t\t\t<\/div>\n\t\t\t\t\t\t<\/div>\n\t\t\t\t<\/div>\n\t\t\t\t\t<\/div>\n\t\t<\/div>\n\t\t\t\t\t<\/div>\n\t\t<\/section>\n\t\t\t\t<section class=\"elementor-section elementor-top-section elementor-element elementor-element-3b36a2d6 elementor-section-boxed elementor-section-height-default elementor-section-height-default\" data-id=\"3b36a2d6\" data-element_type=\"section\" data-settings=\"{&quot;background_background&quot;:&quot;classic&quot;}\">\n\t\t\t\t\t\t<div class=\"elementor-container elementor-column-gap-default\">\n\t\t\t\t\t<div class=\"elementor-column elementor-col-50 elementor-top-column elementor-element elementor-element-4bf98086\" data-id=\"4bf98086\" data-element_type=\"column\">\n\t\t\t<div class=\"elementor-widget-wrap elementor-element-populated\">\n\t\t\t\t\t\t<div class=\"elementor-element elementor-element-48527180 elementor-view-default elementor-widget elementor-widget-icon\" data-id=\"48527180\" data-element_type=\"widget\" data-widget_type=\"icon.default\">\n\t\t\t\t<div class=\"elementor-widget-container\">\n\t\t\t\t\t<div class=\"elementor-icon-wrapper\">\n\t\t\t<div class=\"elementor-icon\">\n\t\t\t<i aria-hidden=\"true\" class=\"far fa-envelope\"><\/i>\t\t\t<\/div>\n\t\t<\/div>\n\t\t\t\t<\/div>\n\t\t\t\t<\/div>\n\t\t\t\t\t<\/div>\n\t\t<\/div>\n\t\t\t\t<div class=\"elementor-column elementor-col-50 elementor-top-column elementor-element elementor-element-41f5b679\" data-id=\"41f5b679\" data-element_type=\"column\">\n\t\t\t<div class=\"elementor-widget-wrap elementor-element-populated\">\n\t\t\t\t\t\t<div class=\"elementor-element elementor-element-595f62f3 elementor-widget elementor-widget-heading\" data-id=\"595f62f3\" data-element_type=\"widget\" data-widget_type=\"heading.default\">\n\t\t\t\t<div class=\"elementor-widget-container\">\n\t\t\t<h2 class=\"elementor-heading-title elementor-size-default\">G\u1eedi email cho ch\u00fang t\u00f4i<br><a href=\"mailto:info@starmed.care?Subject=Information%20Request\" target=\"_top\">info@starmed.care<\/a><\/h2>\t\t<\/div>\n\t\t\t\t<\/div>\n\t\t\t\t\t<\/div>\n\t\t<\/div>\n\t\t\t\t\t<\/div>\n\t\t<\/section>\n\t\t\t\t<\/div>\n\t\t","protected":false},"excerpt":{"rendered":"<p>Li\u1ec7u ph\u00e1p d\u00f9ng thu\u1ed1c kh\u00e1ng vi-r\u00fat COVID-19 StarMed Healthcare hi\u1ec7n \u0111ang cung c\u1ea5p li\u1ec7u ph\u00e1p thu\u1ed1c kh\u00e1ng vi-r\u00fat \u0111\u1ec3 \u0111i\u1ec1u tr\u1ecb cho b\u1ec7nh nh\u00e2n c\u00f3 c\u00e1c tri\u1ec7u ch\u1ee9ng COVID-19 t\u1eeb nh\u1eb9 \u0111\u1ebfn trung b\u00ecnh. \u0110\u00e2y l\u00e0 vi\u00ean thu\u1ed1c \u0111\u1ea7u ti\u00ean \u0111\u01b0\u1ee3c cung c\u1ea5p \u0111\u1ec3 \u0111i\u1ec1u tr\u1ecb vi-r\u00fat v\u00e0 c\u00f3 hi\u1ec7u qu\u1ea3 nh\u1ea5t khi \u0111\u01b0\u1ee3c d\u00f9ng [&hellip;]<\/p>\n","protected":false},"author":1,"featured_media":0,"parent":0,"menu_order":0,"comment_status":"closed","ping_status":"closed","template":"elementor_header_footer","meta":{"footnotes":""},"folder":[],"class_list":["post-11063","page","type-page","status-publish","hentry","clearfix"],"yoast_head":"<!-- This site is optimized with the Yoast SEO plugin v23.9 - https:\/\/yoast.com\/wordpress\/plugins\/seo\/ -->\n<title>Li\u1ec7u ph\u00e1p COVID-19 - StarMed Healthcare<\/title>\n<meta name=\"description\" content=\"StarMed Healthcare cung c\u1ea5p hai l\u1ef1a ch\u1ecdn tr\u1ecb li\u1ec7u \u0111\u01b0\u1ee3c FDA ch\u1ea5p thu\u1eadn cho nh\u1eefng ng\u01b0\u1eddi g\u1ea7n \u0111\u00e2y \u0111\u00e3 k\u00fd h\u1ee3p \u0111\u1ed3ng ho\u1eb7c ti\u1ebfp x\u00fac v\u1edbi COVID-19.\" \/>\n<meta name=\"robots\" content=\"index, follow, max-snippet:-1, max-image-preview:large, max-video-preview:-1\" \/>\n<link rel=\"canonical\" href=\"https:\/\/starmed.care\/vi\/lieu-phap-covid-19\/\" \/>\n<meta property=\"og:locale\" content=\"vi_VN\" \/>\n<meta property=\"og:type\" content=\"article\" \/>\n<meta property=\"og:title\" content=\"Li\u1ec7u ph\u00e1p COVID-19 - StarMed Healthcare\" \/>\n<meta property=\"og:description\" content=\"StarMed Healthcare cung c\u1ea5p hai l\u1ef1a ch\u1ecdn tr\u1ecb li\u1ec7u \u0111\u01b0\u1ee3c FDA ch\u1ea5p thu\u1eadn cho nh\u1eefng ng\u01b0\u1eddi g\u1ea7n \u0111\u00e2y \u0111\u00e3 k\u00fd h\u1ee3p \u0111\u1ed3ng ho\u1eb7c ti\u1ebfp x\u00fac v\u1edbi COVID-19.\" \/>\n<meta property=\"og:url\" content=\"https:\/\/starmed.care\/vi\/lieu-phap-covid-19\/\" \/>\n<meta property=\"og:site_name\" content=\"StarMed Healthcare\" \/>\n<meta property=\"article:publisher\" content=\"https:\/\/www.facebook.com\/StarMedCare\/\" \/>\n<meta property=\"article:modified_time\" content=\"2023-02-13T18:39:23+00:00\" \/>\n<meta property=\"og:image\" content=\"https:\/\/starmed.care\/wp-content\/uploads\/2021\/04\/starmed-navy.png\" \/>\n\t<meta property=\"og:image:width\" content=\"350\" \/>\n\t<meta property=\"og:image:height\" content=\"95\" \/>\n\t<meta property=\"og:image:type\" content=\"image\/png\" \/>\n<meta name=\"twitter:card\" content=\"summary_large_image\" \/>\n<meta name=\"twitter:site\" content=\"@starmedcare\" \/>\n<meta name=\"twitter:label1\" content=\"Est. reading time\" \/>\n\t<meta name=\"twitter:data1\" content=\"1 minute\" \/>\n<script type=\"application\/ld+json\" class=\"yoast-schema-graph\">{\"@context\":\"https:\/\/schema.org\",\"@graph\":[{\"@type\":\"WebPage\",\"@id\":\"https:\/\/starmed.care\/vi\/lieu-phap-covid-19\/\",\"url\":\"https:\/\/starmed.care\/vi\/lieu-phap-covid-19\/\",\"name\":\"Li\u1ec7u ph\u00e1p COVID-19 - StarMed Healthcare\",\"isPartOf\":{\"@id\":\"https:\/\/starmed.care\/#website\"},\"datePublished\":\"2022-11-30T19:08:48+00:00\",\"dateModified\":\"2023-02-13T18:39:23+00:00\",\"description\":\"StarMed Healthcare cung c\u1ea5p hai l\u1ef1a ch\u1ecdn tr\u1ecb li\u1ec7u \u0111\u01b0\u1ee3c FDA ch\u1ea5p thu\u1eadn cho nh\u1eefng ng\u01b0\u1eddi g\u1ea7n \u0111\u00e2y \u0111\u00e3 k\u00fd h\u1ee3p \u0111\u1ed3ng ho\u1eb7c ti\u1ebfp x\u00fac v\u1edbi COVID-19.\",\"breadcrumb\":{\"@id\":\"https:\/\/starmed.care\/vi\/lieu-phap-covid-19\/#breadcrumb\"},\"inLanguage\":\"vi-VN\",\"potentialAction\":[{\"@type\":\"ReadAction\",\"target\":[\"https:\/\/starmed.care\/vi\/lieu-phap-covid-19\/\"]}]},{\"@type\":\"BreadcrumbList\",\"@id\":\"https:\/\/starmed.care\/vi\/lieu-phap-covid-19\/#breadcrumb\",\"itemListElement\":[{\"@type\":\"ListItem\",\"position\":1,\"name\":\"Home\",\"item\":\"https:\/\/starmed.care\/\"},{\"@type\":\"ListItem\",\"position\":2,\"name\":\"Li\u1ec7u ph\u00e1p COVID-19\"}]},{\"@type\":\"WebSite\",\"@id\":\"https:\/\/starmed.care\/#website\",\"url\":\"https:\/\/starmed.care\/\",\"name\":\"StarMed Healthcare\",\"description\":\"\",\"publisher\":{\"@id\":\"https:\/\/starmed.care\/#organization\"},\"potentialAction\":[{\"@type\":\"SearchAction\",\"target\":{\"@type\":\"EntryPoint\",\"urlTemplate\":\"https:\/\/starmed.care\/?s={search_term_string}\"},\"query-input\":{\"@type\":\"PropertyValueSpecification\",\"valueRequired\":true,\"valueName\":\"search_term_string\"}}],\"inLanguage\":\"vi-VN\"},{\"@type\":\"Organization\",\"@id\":\"https:\/\/starmed.care\/#organization\",\"name\":\"StarMed Healthcare\",\"url\":\"https:\/\/starmed.care\/\",\"logo\":{\"@type\":\"ImageObject\",\"inLanguage\":\"vi-VN\",\"@id\":\"https:\/\/starmed.care\/#\/schema\/logo\/image\/\",\"url\":\"https:\/\/starmed.care\/wp-content\/uploads\/2021\/04\/starmed-navy.png\",\"contentUrl\":\"https:\/\/starmed.care\/wp-content\/uploads\/2021\/04\/starmed-navy.png\",\"width\":350,\"height\":95,\"caption\":\"StarMed Healthcare\"},\"image\":{\"@id\":\"https:\/\/starmed.care\/#\/schema\/logo\/image\/\"},\"sameAs\":[\"https:\/\/www.facebook.com\/StarMedCare\/\",\"https:\/\/x.com\/starmedcare\",\"https:\/\/www.instagram.com\/starmedcare\/\",\"https:\/\/www.youtube.com\/channel\/UClmSeca6AkvUerbHnX0SYkg\"]}]}<\/script>\n<!-- \/ Yoast SEO plugin. -->","yoast_head_json":{"title":"Li\u1ec7u ph\u00e1p COVID-19 - StarMed Healthcare","description":"StarMed Healthcare cung c\u1ea5p hai l\u1ef1a ch\u1ecdn tr\u1ecb li\u1ec7u \u0111\u01b0\u1ee3c FDA ch\u1ea5p thu\u1eadn cho nh\u1eefng ng\u01b0\u1eddi g\u1ea7n \u0111\u00e2y \u0111\u00e3 k\u00fd h\u1ee3p \u0111\u1ed3ng ho\u1eb7c ti\u1ebfp x\u00fac v\u1edbi COVID-19.","robots":{"index":"index","follow":"follow","max-snippet":"max-snippet:-1","max-image-preview":"max-image-preview:large","max-video-preview":"max-video-preview:-1"},"canonical":"https:\/\/starmed.care\/vi\/lieu-phap-covid-19\/","og_locale":"vi_VN","og_type":"article","og_title":"Li\u1ec7u ph\u00e1p COVID-19 - StarMed Healthcare","og_description":"StarMed Healthcare cung c\u1ea5p hai l\u1ef1a ch\u1ecdn tr\u1ecb li\u1ec7u \u0111\u01b0\u1ee3c FDA ch\u1ea5p thu\u1eadn cho nh\u1eefng ng\u01b0\u1eddi g\u1ea7n \u0111\u00e2y \u0111\u00e3 k\u00fd h\u1ee3p \u0111\u1ed3ng ho\u1eb7c ti\u1ebfp x\u00fac v\u1edbi COVID-19.","og_url":"https:\/\/starmed.care\/vi\/lieu-phap-covid-19\/","og_site_name":"StarMed Healthcare","article_publisher":"https:\/\/www.facebook.com\/StarMedCare\/","article_modified_time":"2023-02-13T18:39:23+00:00","og_image":[{"width":350,"height":95,"url":"https:\/\/starmed.care\/wp-content\/uploads\/2021\/04\/starmed-navy.png","type":"image\/png"}],"twitter_card":"summary_large_image","twitter_site":"@starmedcare","twitter_misc":{"Est. reading time":"1 minute"},"schema":{"@context":"https:\/\/schema.org","@graph":[{"@type":"WebPage","@id":"https:\/\/starmed.care\/vi\/lieu-phap-covid-19\/","url":"https:\/\/starmed.care\/vi\/lieu-phap-covid-19\/","name":"Li\u1ec7u ph\u00e1p COVID-19 - StarMed Healthcare","isPartOf":{"@id":"https:\/\/starmed.care\/#website"},"datePublished":"2022-11-30T19:08:48+00:00","dateModified":"2023-02-13T18:39:23+00:00","description":"StarMed Healthcare cung c\u1ea5p hai l\u1ef1a ch\u1ecdn tr\u1ecb li\u1ec7u \u0111\u01b0\u1ee3c FDA ch\u1ea5p thu\u1eadn cho nh\u1eefng ng\u01b0\u1eddi g\u1ea7n \u0111\u00e2y \u0111\u00e3 k\u00fd h\u1ee3p \u0111\u1ed3ng ho\u1eb7c ti\u1ebfp x\u00fac v\u1edbi COVID-19.","breadcrumb":{"@id":"https:\/\/starmed.care\/vi\/lieu-phap-covid-19\/#breadcrumb"},"inLanguage":"vi-VN","potentialAction":[{"@type":"ReadAction","target":["https:\/\/starmed.care\/vi\/lieu-phap-covid-19\/"]}]},{"@type":"BreadcrumbList","@id":"https:\/\/starmed.care\/vi\/lieu-phap-covid-19\/#breadcrumb","itemListElement":[{"@type":"ListItem","position":1,"name":"Home","item":"https:\/\/starmed.care\/"},{"@type":"ListItem","position":2,"name":"Li\u1ec7u ph\u00e1p COVID-19"}]},{"@type":"WebSite","@id":"https:\/\/starmed.care\/#website","url":"https:\/\/starmed.care\/","name":"StarMed Healthcare","description":"","publisher":{"@id":"https:\/\/starmed.care\/#organization"},"potentialAction":[{"@type":"SearchAction","target":{"@type":"EntryPoint","urlTemplate":"https:\/\/starmed.care\/?s={search_term_string}"},"query-input":{"@type":"PropertyValueSpecification","valueRequired":true,"valueName":"search_term_string"}}],"inLanguage":"vi-VN"},{"@type":"Organization","@id":"https:\/\/starmed.care\/#organization","name":"StarMed Healthcare","url":"https:\/\/starmed.care\/","logo":{"@type":"ImageObject","inLanguage":"vi-VN","@id":"https:\/\/starmed.care\/#\/schema\/logo\/image\/","url":"https:\/\/starmed.care\/wp-content\/uploads\/2021\/04\/starmed-navy.png","contentUrl":"https:\/\/starmed.care\/wp-content\/uploads\/2021\/04\/starmed-navy.png","width":350,"height":95,"caption":"StarMed Healthcare"},"image":{"@id":"https:\/\/starmed.care\/#\/schema\/logo\/image\/"},"sameAs":["https:\/\/www.facebook.com\/StarMedCare\/","https:\/\/x.com\/starmedcare","https:\/\/www.instagram.com\/starmedcare\/","https:\/\/www.youtube.com\/channel\/UClmSeca6AkvUerbHnX0SYkg"]}]}},"_links":{"self":[{"href":"https:\/\/starmed.care\/vi\/wp-json\/wp\/v2\/pages\/11063","targetHints":{"allow":["GET"]}}],"collection":[{"href":"https:\/\/starmed.care\/vi\/wp-json\/wp\/v2\/pages"}],"about":[{"href":"https:\/\/starmed.care\/vi\/wp-json\/wp\/v2\/types\/page"}],"author":[{"embeddable":true,"href":"https:\/\/starmed.care\/vi\/wp-json\/wp\/v2\/users\/1"}],"replies":[{"embeddable":true,"href":"https:\/\/starmed.care\/vi\/wp-json\/wp\/v2\/comments?post=11063"}],"version-history":[{"count":0,"href":"https:\/\/starmed.care\/vi\/wp-json\/wp\/v2\/pages\/11063\/revisions"}],"wp:attachment":[{"href":"https:\/\/starmed.care\/vi\/wp-json\/wp\/v2\/media?parent=11063"}],"wp:term":[{"taxonomy":"folder","embeddable":true,"href":"https:\/\/starmed.care\/vi\/wp-json\/wp\/v2\/folder?post=11063"}],"curies":[{"name":"wp","href":"https:\/\/api.w.org\/{rel}","templated":true}]}}