{"id":10929,"date":"2022-11-30T14:06:06","date_gmt":"2022-11-30T19:06:06","guid":{"rendered":"https:\/\/starmed.care\/cuu-tro-thien-tai-telemedicine\/"},"modified":"2022-12-07T13:55:09","modified_gmt":"2022-12-07T18:55:09","slug":"cuu-tro-thien-tai-telemedicine","status":"publish","type":"page","link":"https:\/\/starmed.care\/vi\/cuu-tro-thien-tai-telemedicine\/","title":{"rendered":"L\u1eadp k\u1ebf ho\u1ea1ch \u0111i\u1ec1u tr\u1ecb t\u1eeb xa trong COVID-19"},"content":{"rendered":"\t\t<div data-elementor-type=\"wp-page\" data-elementor-id=\"10929\" class=\"elementor elementor-10929\" data-elementor-post-type=\"page\">\n\t\t\t\t\t\t<section class=\"elementor-section elementor-top-section elementor-element elementor-element-be72890 elementor-section-boxed elementor-section-height-default elementor-section-height-default\" data-id=\"be72890\" data-element_type=\"section\" data-settings=\"{&quot;background_background&quot;:&quot;classic&quot;}\">\n\t\t\t\t\t\t\t<div class=\"elementor-background-overlay\"><\/div>\n\t\t\t\t\t\t\t<div class=\"elementor-container elementor-column-gap-default\">\n\t\t\t\t\t<div class=\"elementor-column elementor-col-100 elementor-top-column elementor-element elementor-element-612c751\" data-id=\"612c751\" data-element_type=\"column\">\n\t\t\t<div class=\"elementor-widget-wrap elementor-element-populated\">\n\t\t\t\t\t\t<div class=\"elementor-element elementor-element-a8ac439 elementor-widget elementor-widget-heading\" data-id=\"a8ac439\" data-element_type=\"widget\" data-widget_type=\"heading.default\">\n\t\t\t\t<div class=\"elementor-widget-container\">\n\t\t\t<h2 class=\"elementor-heading-title elementor-size-small\">Kh\u00e1m b\u1ec7nh t\u1eeb xa \u0111\u1ec3 \u0111i\u1ec1u tr\u1ecb COVID-19.<\/h2>\t\t<\/div>\n\t\t\t\t<\/div>\n\t\t\t\t<div class=\"elementor-element elementor-element-a43149c elementor-widget elementor-widget-text-editor\" data-id=\"a43149c\" data-element_type=\"widget\" data-widget_type=\"text-editor.default\">\n\t\t\t\t<div class=\"elementor-widget-container\">\n\t\t\t\t\t\t\t<p><b><u>B\u1ea0N KH\u00d4NG M\u1ea4T PH\u00cd:<\/u><\/b> N\u1ebfu g\u1ea7n \u0111\u00e2y b\u1ea1n c\u00f3 k\u1ebft qu\u1ea3 x\u00e9t nghi\u1ec7m d\u01b0\u01a1ng t\u00ednh v\u1edbi COVID-19 v\u00e0 mu\u1ed1n l\u00ean l\u1ecbch kh\u00e1m b\u1ec7nh t\u1eeb xa \u1ea3o v\u1edbi m\u1ed9t trong c\u00e1c nh\u00e0 cung c\u1ea5p c\u1ee7a ch\u00fang t\u00f4i \u0111\u1ec3 nh\u1eadn c\u00e1c l\u1ef1a ch\u1ecdn \u0111i\u1ec1u tr\u1ecb ho\u1eb7c \u0111\u01a1n thu\u1ed1c, vui l\u00f2ng nh\u1ea5p v\u00e0o n\u00fat \u0110\u0102NG K\u00dd NGAY b\u00ean d\u01b0\u1edbi.<\/p>\n\t\t\t\t\t\t<\/div>\n\t\t\t\t<\/div>\n\t\t\t\t<div class=\"elementor-element elementor-element-946ddc7 elementor-widget elementor-widget-button\" data-id=\"946ddc7\" data-element_type=\"widget\" data-widget_type=\"button.default\">\n\t\t\t\t<div class=\"elementor-widget-container\">\n\t\t\t\t\t\t\t<div class=\"elementor-button-wrapper\">\n\t\t\t\t\t<a class=\"elementor-button elementor-button-link elementor-size-sm\" href=\"https:\/\/unityphr.com\/campaigns\/starmed\/covidpills\" target=\"_blank\">\n\t\t\t\t\t\t<span class=\"elementor-button-content-wrapper\">\n\t\t\t\t\t\t\t\t\t<span class=\"elementor-button-text\">\u0110\u0102NG K\u00dd NGAY<\/span>\n\t\t\t\t\t<\/span>\n\t\t\t\t\t<\/a>\n\t\t\t\t<\/div>\n\t\t\t\t\t\t<\/div>\n\t\t\t\t<\/div>\n\t\t\t\t\t<\/div>\n\t\t<\/div>\n\t\t\t\t\t<\/div>\n\t\t<\/section>\n\t\t\t\t<section class=\"elementor-section elementor-top-section elementor-element elementor-element-6181235 elementor-section-boxed elementor-section-height-default elementor-section-height-default\" data-id=\"6181235\" data-element_type=\"section\" data-settings=\"{&quot;background_background&quot;:&quot;classic&quot;}\">\n\t\t\t\t\t\t<div class=\"elementor-container elementor-column-gap-default\">\n\t\t\t\t\t<div class=\"elementor-column elementor-col-50 elementor-top-column elementor-element elementor-element-42b3741f\" data-id=\"42b3741f\" data-element_type=\"column\">\n\t\t\t<div class=\"elementor-widget-wrap elementor-element-populated\">\n\t\t\t\t\t\t<div class=\"elementor-element elementor-element-196088ad elementor-view-default elementor-widget elementor-widget-icon\" data-id=\"196088ad\" data-element_type=\"widget\" data-widget_type=\"icon.default\">\n\t\t\t\t<div class=\"elementor-widget-container\">\n\t\t\t\t\t<div class=\"elementor-icon-wrapper\">\n\t\t\t<div class=\"elementor-icon\">\n\t\t\t<i aria-hidden=\"true\" class=\"far fa-envelope\"><\/i>\t\t\t<\/div>\n\t\t<\/div>\n\t\t\t\t<\/div>\n\t\t\t\t<\/div>\n\t\t\t\t\t<\/div>\n\t\t<\/div>\n\t\t\t\t<div class=\"elementor-column elementor-col-50 elementor-top-column elementor-element elementor-element-ebc1997\" data-id=\"ebc1997\" data-element_type=\"column\">\n\t\t\t<div class=\"elementor-widget-wrap elementor-element-populated\">\n\t\t\t\t\t\t<div class=\"elementor-element elementor-element-37f49566 elementor-widget elementor-widget-heading\" data-id=\"37f49566\" data-element_type=\"widget\" data-widget_type=\"heading.default\">\n\t\t\t\t<div class=\"elementor-widget-container\">\n\t\t\t<h2 class=\"elementor-heading-title elementor-size-default\">G\u1eedi email cho ch\u00fang t\u00f4i<br><a href=\"mailto:info@starmed.care?Subject=Information%20Request\" target=\"_top\">info@starmed.care<\/a><\/h2>\t\t<\/div>\n\t\t\t\t<\/div>\n\t\t\t\t\t<\/div>\n\t\t<\/div>\n\t\t\t\t\t<\/div>\n\t\t<\/section>\n\t\t\t\t<\/div>\n\t\t","protected":false},"excerpt":{"rendered":"<p>Kh\u00e1m b\u1ec7nh t\u1eeb xa \u0111\u1ec3 \u0111i\u1ec1u tr\u1ecb COVID-19. B\u1ea0N KH\u00d4NG M\u1ea4T PH\u00cd: N\u1ebfu g\u1ea7n \u0111\u00e2y b\u1ea1n c\u00f3 k\u1ebft qu\u1ea3 x\u00e9t nghi\u1ec7m d\u01b0\u01a1ng t\u00ednh v\u1edbi COVID-19 v\u00e0 mu\u1ed1n l\u00ean l\u1ecbch kh\u00e1m b\u1ec7nh t\u1eeb xa \u1ea3o v\u1edbi m\u1ed9t trong c\u00e1c nh\u00e0 cung c\u1ea5p c\u1ee7a ch\u00fang t\u00f4i \u0111\u1ec3 nh\u1eadn c\u00e1c l\u1ef1a ch\u1ecdn \u0111i\u1ec1u tr\u1ecb ho\u1eb7c \u0111\u01a1n thu\u1ed1c, vui [&hellip;]<\/p>\n","protected":false},"author":1,"featured_media":10712,"parent":0,"menu_order":0,"comment_status":"closed","ping_status":"closed","template":"elementor_header_footer","meta":{"footnotes":""},"folder":[],"class_list":["post-10929","page","type-page","status-publish","has-post-thumbnail","hentry","clearfix"],"yoast_head":"<!-- This site is optimized with the Yoast SEO plugin v23.9 - https:\/\/yoast.com\/wordpress\/plugins\/seo\/ -->\n<title>L\u1eadp k\u1ebf ho\u1ea1ch \u0111i\u1ec1u tr\u1ecb t\u1eeb xa trong COVID-19 - StarMed Healthcare<\/title>\n<meta name=\"description\" content=\"StarMed cung c\u1ea5p cho b\u1ec7nh nh\u00e2n l\u1ecbch kh\u00e1m b\u1ec7nh t\u1eeb xa \u1ea3o. L\u00ean l\u1ecbch th\u0103m kh\u00e1m ngay b\u00e2y gi\u1edd \u0111\u1ec3 nh\u1eadn \u0111\u01b0\u1ee3c c\u00e1c l\u1ef1a ch\u1ecdn \u0111i\u1ec1u tr\u1ecb c\u1ee7a b\u1ea1n ngay h\u00f4m nay.\" \/>\n<meta name=\"robots\" content=\"index, follow, max-snippet:-1, max-image-preview:large, max-video-preview:-1\" \/>\n<link rel=\"canonical\" href=\"https:\/\/starmed.care\/nc\/\" \/>\n<meta property=\"og:locale\" content=\"vi_VN\" \/>\n<meta property=\"og:type\" content=\"article\" \/>\n<meta property=\"og:title\" content=\"L\u1eadp k\u1ebf ho\u1ea1ch \u0111i\u1ec1u tr\u1ecb t\u1eeb xa trong COVID-19 - StarMed Healthcare\" \/>\n<meta property=\"og:description\" content=\"StarMed cung c\u1ea5p cho b\u1ec7nh nh\u00e2n l\u1ecbch kh\u00e1m b\u1ec7nh t\u1eeb xa \u1ea3o. L\u00ean l\u1ecbch th\u0103m kh\u00e1m ngay b\u00e2y gi\u1edd \u0111\u1ec3 nh\u1eadn \u0111\u01b0\u1ee3c c\u00e1c l\u1ef1a ch\u1ecdn \u0111i\u1ec1u tr\u1ecb c\u1ee7a b\u1ea1n ngay h\u00f4m nay.\" \/>\n<meta property=\"og:url\" content=\"https:\/\/starmed.care\/nc\/\" \/>\n<meta property=\"og:site_name\" content=\"StarMed Healthcare\" \/>\n<meta property=\"article:publisher\" content=\"https:\/\/www.facebook.com\/StarMedCare\/\" \/>\n<meta property=\"article:modified_time\" content=\"2022-12-07T18:55:09+00:00\" \/>\n<meta property=\"og:image\" content=\"https:\/\/starmed.care\/wp-content\/uploads\/2022\/09\/north-carolina-emergency-response-starmed.jpg\" \/>\n\t<meta property=\"og:image:width\" content=\"2122\" \/>\n\t<meta property=\"og:image:height\" content=\"1412\" \/>\n\t<meta property=\"og:image:type\" content=\"image\/jpeg\" \/>\n<meta name=\"twitter:card\" content=\"summary_large_image\" \/>\n<meta name=\"twitter:title\" content=\"L\u1eadp k\u1ebf ho\u1ea1ch \u0111i\u1ec1u tr\u1ecb t\u1eeb xa trong COVID-19 | Ch\u0103m s\u00f3c s\u1ee9c kh\u1ecfe StarMed\" \/>\n<meta name=\"twitter:description\" content=\"StarMed cung c\u1ea5p cho b\u1ec7nh nh\u00e2n l\u1ecbch kh\u00e1m b\u1ec7nh t\u1eeb xa \u1ea3o. L\u00ean l\u1ecbch th\u0103m kh\u00e1m ngay b\u00e2y gi\u1edd \u0111\u1ec3 nh\u1eadn \u0111\u01b0\u1ee3c c\u00e1c l\u1ef1a ch\u1ecdn \u0111i\u1ec1u tr\u1ecb c\u1ee7a b\u1ea1n ngay h\u00f4m nay.\" \/>\n<meta name=\"twitter:site\" content=\"@starmedcare\" \/>\n<meta name=\"twitter:label1\" content=\"Est. reading time\" \/>\n\t<meta name=\"twitter:data1\" content=\"1 minute\" \/>\n<script type=\"application\/ld+json\" class=\"yoast-schema-graph\">{\"@context\":\"https:\/\/schema.org\",\"@graph\":[{\"@type\":\"WebPage\",\"@id\":\"https:\/\/starmed.care\/nc\/\",\"url\":\"https:\/\/starmed.care\/nc\/\",\"name\":\"L\u1eadp k\u1ebf ho\u1ea1ch \u0111i\u1ec1u tr\u1ecb t\u1eeb xa trong COVID-19 - StarMed Healthcare\",\"isPartOf\":{\"@id\":\"https:\/\/starmed.care\/#website\"},\"primaryImageOfPage\":{\"@id\":\"https:\/\/starmed.care\/nc\/#primaryimage\"},\"image\":{\"@id\":\"https:\/\/starmed.care\/nc\/#primaryimage\"},\"thumbnailUrl\":\"https:\/\/starmed.care\/wp-content\/uploads\/2022\/09\/north-carolina-emergency-response-starmed.jpg\",\"datePublished\":\"2022-11-30T19:06:06+00:00\",\"dateModified\":\"2022-12-07T18:55:09+00:00\",\"description\":\"StarMed cung c\u1ea5p cho b\u1ec7nh nh\u00e2n l\u1ecbch kh\u00e1m b\u1ec7nh t\u1eeb xa \u1ea3o. L\u00ean l\u1ecbch th\u0103m kh\u00e1m ngay b\u00e2y gi\u1edd \u0111\u1ec3 nh\u1eadn \u0111\u01b0\u1ee3c c\u00e1c l\u1ef1a ch\u1ecdn \u0111i\u1ec1u tr\u1ecb c\u1ee7a b\u1ea1n ngay h\u00f4m nay.\",\"breadcrumb\":{\"@id\":\"https:\/\/starmed.care\/nc\/#breadcrumb\"},\"inLanguage\":\"vi-VN\",\"potentialAction\":[{\"@type\":\"ReadAction\",\"target\":[\"https:\/\/starmed.care\/nc\/\"]}]},{\"@type\":\"ImageObject\",\"inLanguage\":\"vi-VN\",\"@id\":\"https:\/\/starmed.care\/nc\/#primaryimage\",\"url\":\"https:\/\/starmed.care\/wp-content\/uploads\/2022\/09\/north-carolina-emergency-response-starmed.jpg\",\"contentUrl\":\"https:\/\/starmed.care\/wp-content\/uploads\/2022\/09\/north-carolina-emergency-response-starmed.jpg\",\"width\":2122,\"height\":1412},{\"@type\":\"BreadcrumbList\",\"@id\":\"https:\/\/starmed.care\/nc\/#breadcrumb\",\"itemListElement\":[{\"@type\":\"ListItem\",\"position\":1,\"name\":\"Home\",\"item\":\"https:\/\/starmed.care\/\"},{\"@type\":\"ListItem\",\"position\":2,\"name\":\"L\u1eadp k\u1ebf ho\u1ea1ch \u0111i\u1ec1u tr\u1ecb t\u1eeb xa trong COVID-19\"}]},{\"@type\":\"WebSite\",\"@id\":\"https:\/\/starmed.care\/#website\",\"url\":\"https:\/\/starmed.care\/\",\"name\":\"StarMed Healthcare\",\"description\":\"\",\"publisher\":{\"@id\":\"https:\/\/starmed.care\/#organization\"},\"potentialAction\":[{\"@type\":\"SearchAction\",\"target\":{\"@type\":\"EntryPoint\",\"urlTemplate\":\"https:\/\/starmed.care\/?s={search_term_string}\"},\"query-input\":{\"@type\":\"PropertyValueSpecification\",\"valueRequired\":true,\"valueName\":\"search_term_string\"}}],\"inLanguage\":\"vi-VN\"},{\"@type\":\"Organization\",\"@id\":\"https:\/\/starmed.care\/#organization\",\"name\":\"StarMed Healthcare\",\"url\":\"https:\/\/starmed.care\/\",\"logo\":{\"@type\":\"ImageObject\",\"inLanguage\":\"vi-VN\",\"@id\":\"https:\/\/starmed.care\/#\/schema\/logo\/image\/\",\"url\":\"https:\/\/starmed.care\/wp-content\/uploads\/2021\/04\/starmed-navy.png\",\"contentUrl\":\"https:\/\/starmed.care\/wp-content\/uploads\/2021\/04\/starmed-navy.png\",\"width\":350,\"height\":95,\"caption\":\"StarMed Healthcare\"},\"image\":{\"@id\":\"https:\/\/starmed.care\/#\/schema\/logo\/image\/\"},\"sameAs\":[\"https:\/\/www.facebook.com\/StarMedCare\/\",\"https:\/\/x.com\/starmedcare\",\"https:\/\/www.instagram.com\/starmedcare\/\",\"https:\/\/www.youtube.com\/channel\/UClmSeca6AkvUerbHnX0SYkg\"]}]}<\/script>\n<!-- \/ Yoast SEO plugin. -->","yoast_head_json":{"title":"L\u1eadp k\u1ebf ho\u1ea1ch \u0111i\u1ec1u tr\u1ecb t\u1eeb xa trong COVID-19 - StarMed Healthcare","description":"StarMed cung c\u1ea5p cho b\u1ec7nh nh\u00e2n l\u1ecbch kh\u00e1m b\u1ec7nh t\u1eeb xa \u1ea3o. L\u00ean l\u1ecbch th\u0103m kh\u00e1m ngay b\u00e2y gi\u1edd \u0111\u1ec3 nh\u1eadn \u0111\u01b0\u1ee3c c\u00e1c l\u1ef1a ch\u1ecdn \u0111i\u1ec1u tr\u1ecb c\u1ee7a b\u1ea1n ngay h\u00f4m nay.","robots":{"index":"index","follow":"follow","max-snippet":"max-snippet:-1","max-image-preview":"max-image-preview:large","max-video-preview":"max-video-preview:-1"},"canonical":"https:\/\/starmed.care\/nc\/","og_locale":"vi_VN","og_type":"article","og_title":"L\u1eadp k\u1ebf ho\u1ea1ch \u0111i\u1ec1u tr\u1ecb t\u1eeb xa trong COVID-19 - StarMed Healthcare","og_description":"StarMed cung c\u1ea5p cho b\u1ec7nh nh\u00e2n l\u1ecbch kh\u00e1m b\u1ec7nh t\u1eeb xa \u1ea3o. L\u00ean l\u1ecbch th\u0103m kh\u00e1m ngay b\u00e2y gi\u1edd \u0111\u1ec3 nh\u1eadn \u0111\u01b0\u1ee3c c\u00e1c l\u1ef1a ch\u1ecdn \u0111i\u1ec1u tr\u1ecb c\u1ee7a b\u1ea1n ngay h\u00f4m nay.","og_url":"https:\/\/starmed.care\/nc\/","og_site_name":"StarMed Healthcare","article_publisher":"https:\/\/www.facebook.com\/StarMedCare\/","article_modified_time":"2022-12-07T18:55:09+00:00","og_image":[{"width":2122,"height":1412,"url":"https:\/\/starmed.care\/wp-content\/uploads\/2022\/09\/north-carolina-emergency-response-starmed.jpg","type":"image\/jpeg"}],"twitter_card":"summary_large_image","twitter_title":"L\u1eadp k\u1ebf ho\u1ea1ch \u0111i\u1ec1u tr\u1ecb t\u1eeb xa trong COVID-19 | Ch\u0103m s\u00f3c s\u1ee9c kh\u1ecfe StarMed","twitter_description":"StarMed cung c\u1ea5p cho b\u1ec7nh nh\u00e2n l\u1ecbch kh\u00e1m b\u1ec7nh t\u1eeb xa \u1ea3o. L\u00ean l\u1ecbch th\u0103m kh\u00e1m ngay b\u00e2y gi\u1edd \u0111\u1ec3 nh\u1eadn \u0111\u01b0\u1ee3c c\u00e1c l\u1ef1a ch\u1ecdn \u0111i\u1ec1u tr\u1ecb c\u1ee7a b\u1ea1n ngay h\u00f4m nay.","twitter_site":"@starmedcare","twitter_misc":{"Est. reading time":"1 minute"},"schema":{"@context":"https:\/\/schema.org","@graph":[{"@type":"WebPage","@id":"https:\/\/starmed.care\/nc\/","url":"https:\/\/starmed.care\/nc\/","name":"L\u1eadp k\u1ebf ho\u1ea1ch \u0111i\u1ec1u tr\u1ecb t\u1eeb xa trong COVID-19 - StarMed Healthcare","isPartOf":{"@id":"https:\/\/starmed.care\/#website"},"primaryImageOfPage":{"@id":"https:\/\/starmed.care\/nc\/#primaryimage"},"image":{"@id":"https:\/\/starmed.care\/nc\/#primaryimage"},"thumbnailUrl":"https:\/\/starmed.care\/wp-content\/uploads\/2022\/09\/north-carolina-emergency-response-starmed.jpg","datePublished":"2022-11-30T19:06:06+00:00","dateModified":"2022-12-07T18:55:09+00:00","description":"StarMed cung c\u1ea5p cho b\u1ec7nh nh\u00e2n l\u1ecbch kh\u00e1m b\u1ec7nh t\u1eeb xa \u1ea3o. L\u00ean l\u1ecbch th\u0103m kh\u00e1m ngay b\u00e2y gi\u1edd \u0111\u1ec3 nh\u1eadn \u0111\u01b0\u1ee3c c\u00e1c l\u1ef1a ch\u1ecdn \u0111i\u1ec1u tr\u1ecb c\u1ee7a b\u1ea1n ngay h\u00f4m nay.","breadcrumb":{"@id":"https:\/\/starmed.care\/nc\/#breadcrumb"},"inLanguage":"vi-VN","potentialAction":[{"@type":"ReadAction","target":["https:\/\/starmed.care\/nc\/"]}]},{"@type":"ImageObject","inLanguage":"vi-VN","@id":"https:\/\/starmed.care\/nc\/#primaryimage","url":"https:\/\/starmed.care\/wp-content\/uploads\/2022\/09\/north-carolina-emergency-response-starmed.jpg","contentUrl":"https:\/\/starmed.care\/wp-content\/uploads\/2022\/09\/north-carolina-emergency-response-starmed.jpg","width":2122,"height":1412},{"@type":"BreadcrumbList","@id":"https:\/\/starmed.care\/nc\/#breadcrumb","itemListElement":[{"@type":"ListItem","position":1,"name":"Home","item":"https:\/\/starmed.care\/"},{"@type":"ListItem","position":2,"name":"L\u1eadp k\u1ebf ho\u1ea1ch \u0111i\u1ec1u tr\u1ecb t\u1eeb xa trong COVID-19"}]},{"@type":"WebSite","@id":"https:\/\/starmed.care\/#website","url":"https:\/\/starmed.care\/","name":"StarMed Healthcare","description":"","publisher":{"@id":"https:\/\/starmed.care\/#organization"},"potentialAction":[{"@type":"SearchAction","target":{"@type":"EntryPoint","urlTemplate":"https:\/\/starmed.care\/?s={search_term_string}"},"query-input":{"@type":"PropertyValueSpecification","valueRequired":true,"valueName":"search_term_string"}}],"inLanguage":"vi-VN"},{"@type":"Organization","@id":"https:\/\/starmed.care\/#organization","name":"StarMed Healthcare","url":"https:\/\/starmed.care\/","logo":{"@type":"ImageObject","inLanguage":"vi-VN","@id":"https:\/\/starmed.care\/#\/schema\/logo\/image\/","url":"https:\/\/starmed.care\/wp-content\/uploads\/2021\/04\/starmed-navy.png","contentUrl":"https:\/\/starmed.care\/wp-content\/uploads\/2021\/04\/starmed-navy.png","width":350,"height":95,"caption":"StarMed Healthcare"},"image":{"@id":"https:\/\/starmed.care\/#\/schema\/logo\/image\/"},"sameAs":["https:\/\/www.facebook.com\/StarMedCare\/","https:\/\/x.com\/starmedcare","https:\/\/www.instagram.com\/starmedcare\/","https:\/\/www.youtube.com\/channel\/UClmSeca6AkvUerbHnX0SYkg"]}]}},"_links":{"self":[{"href":"https:\/\/starmed.care\/vi\/wp-json\/wp\/v2\/pages\/10929","targetHints":{"allow":["GET"]}}],"collection":[{"href":"https:\/\/starmed.care\/vi\/wp-json\/wp\/v2\/pages"}],"about":[{"href":"https:\/\/starmed.care\/vi\/wp-json\/wp\/v2\/types\/page"}],"author":[{"embeddable":true,"href":"https:\/\/starmed.care\/vi\/wp-json\/wp\/v2\/users\/1"}],"replies":[{"embeddable":true,"href":"https:\/\/starmed.care\/vi\/wp-json\/wp\/v2\/comments?post=10929"}],"version-history":[{"count":0,"href":"https:\/\/starmed.care\/vi\/wp-json\/wp\/v2\/pages\/10929\/revisions"}],"wp:featuredmedia":[{"embeddable":true,"href":"https:\/\/starmed.care\/vi\/wp-json\/wp\/v2\/media\/10712"}],"wp:attachment":[{"href":"https:\/\/starmed.care\/vi\/wp-json\/wp\/v2\/media?parent=10929"}],"wp:term":[{"taxonomy":"folder","embeddable":true,"href":"https:\/\/starmed.care\/vi\/wp-json\/wp\/v2\/folder?post=10929"}],"curies":[{"name":"wp","href":"https:\/\/api.w.org\/{rel}","templated":true}]}}