{"id":11195,"date":"2022-11-30T14:23:03","date_gmt":"2022-11-30T19:23:03","guid":{"rendered":"https:\/\/starmed.care\/centres-de-benediction\/"},"modified":"2022-11-30T14:23:20","modified_gmt":"2022-11-30T19:23:20","slug":"centres-de-benediction","status":"publish","type":"page","link":"https:\/\/starmed.care\/fr\/centres-de-benediction\/","title":{"rendered":"Centres de b\u00e9n\u00e9diction"},"content":{"rendered":"\t\t<div data-elementor-type=\"wp-page\" data-elementor-id=\"11195\" class=\"elementor elementor-11195\" data-elementor-post-type=\"page\">\n\t\t\t\t\t\t<section class=\"elementor-section elementor-top-section elementor-element elementor-element-38500909 elementor-section-stretched elementor-section-boxed elementor-section-height-default elementor-section-height-default\" data-id=\"38500909\" data-element_type=\"section\" data-settings=\"{&quot;stretch_section&quot;:&quot;section-stretched&quot;,&quot;background_background&quot;:&quot;classic&quot;}\">\n\t\t\t\t\t\t\t<div class=\"elementor-background-overlay\"><\/div>\n\t\t\t\t\t\t\t<div class=\"elementor-container elementor-column-gap-default\">\n\t\t\t\t\t<div class=\"elementor-column elementor-col-100 elementor-top-column elementor-element elementor-element-7f7e604\" data-id=\"7f7e604\" data-element_type=\"column\">\n\t\t\t<div class=\"elementor-widget-wrap elementor-element-populated\">\n\t\t\t\t\t\t<div class=\"elementor-element elementor-element-6a3308e2 elementor-widget elementor-widget-heading\" data-id=\"6a3308e2\" data-element_type=\"widget\" data-widget_type=\"heading.default\">\n\t\t\t\t<div class=\"elementor-widget-container\">\n\t\t\t<h2 class=\"elementor-heading-title elementor-size-small\">Centres de b\u00e9n\u00e9diction<\/h2>\t\t<\/div>\n\t\t\t\t<\/div>\n\t\t\t\t<div class=\"elementor-element elementor-element-5b541628 elementor-widget elementor-widget-text-editor\" data-id=\"5b541628\" data-element_type=\"widget\" data-widget_type=\"text-editor.default\">\n\t\t\t\t<div class=\"elementor-widget-container\">\n\t\t\t\t\t\t\t<p>Les centres Blessing sont une \u00e9manation de StarMed Healthcare et de <em>la Fondation Blessing.<\/em> Ces centres fournissent des soins primaires aux patients non assur\u00e9s et sous-assur\u00e9s. Ils servent \u00e9galement de centres de ressources communautaires con\u00e7us pour soutenir une vari\u00e9t\u00e9 de programmes et de services de sant\u00e9.<\/p>\n\t\t\t\t\t\t<\/div>\n\t\t\t\t<\/div>\n\t\t\t\t\t<\/div>\n\t\t<\/div>\n\t\t\t\t\t<\/div>\n\t\t<\/section>\n\t\t\t\t<section class=\"elementor-section elementor-top-section elementor-element elementor-element-747f31f elementor-section-boxed elementor-section-height-default elementor-section-height-default\" data-id=\"747f31f\" data-element_type=\"section\">\n\t\t\t\t\t\t<div class=\"elementor-container elementor-column-gap-default\">\n\t\t\t\t\t<div class=\"elementor-column elementor-col-100 elementor-top-column elementor-element elementor-element-37fe194\" data-id=\"37fe194\" data-element_type=\"column\">\n\t\t\t<div class=\"elementor-widget-wrap elementor-element-populated\">\n\t\t\t\t\t\t<div class=\"elementor-element elementor-element-680bba5 elementor-widget elementor-widget-heading\" data-id=\"680bba5\" data-element_type=\"widget\" data-widget_type=\"heading.default\">\n\t\t\t\t<div class=\"elementor-widget-container\">\n\t\t\t<h2 class=\"elementor-heading-title elementor-size-default\">Contexte<\/h2>\t\t<\/div>\n\t\t\t\t<\/div>\n\t\t\t\t<div class=\"elementor-element elementor-element-8c9cafa elementor-widget elementor-widget-text-editor\" data-id=\"8c9cafa\" data-element_type=\"widget\" data-widget_type=\"text-editor.default\">\n\t\t\t\t<div class=\"elementor-widget-container\">\n\t\t\t\t\t\t\t<p>La &#8220;Blessing Foundation&#8221; porte le nom de Kathleen Estramonte, une enseignante retrait\u00e9e de l&#8217;enseignement \u00e9l\u00e9mentaire et sp\u00e9cialis\u00e9, qui a donn\u00e9 l&#8217;exemple du r\u00f4le de l&#8217;enseignant dans le soutien aux soins de sant\u00e9 de la soci\u00e9t\u00e9 et des enfants. La mission de Kathleen \u00e9tait d&#8217;influencer la vie des enfants en leur fournissant des soins de sant\u00e9 de base et d&#8217;autres comp\u00e9tences de vie auxquelles les enfants vuln\u00e9rables n&#8217;auraient peut-\u00eatre pas eu acc\u00e8s autrement.<\/p>\n\t\t\t\t\t\t<\/div>\n\t\t\t\t<\/div>\n\t\t\t\t<div class=\"elementor-element elementor-element-51359c2 elementor-widget elementor-widget-heading\" data-id=\"51359c2\" data-element_type=\"widget\" data-widget_type=\"heading.default\">\n\t\t\t\t<div class=\"elementor-widget-container\">\n\t\t\t<h2 class=\"elementor-heading-title elementor-size-default\">Notre mission<\/h2>\t\t<\/div>\n\t\t\t\t<\/div>\n\t\t\t\t<div class=\"elementor-element elementor-element-eb9a918 elementor-widget elementor-widget-text-editor\" data-id=\"eb9a918\" data-element_type=\"widget\" data-widget_type=\"text-editor.default\">\n\t\t\t\t<div class=\"elementor-widget-container\">\n\t\t\t\t\t\t\t<p>Servir nos communaut\u00e9s par le biais de soins centr\u00e9s sur la famille, tout en les aidant \u00e0 emprunter la voie de l&#8217;autosuffisance, de la stabilit\u00e9 et de la s\u00e9curit\u00e9.<\/p>\n\t\t\t\t\t\t<\/div>\n\t\t\t\t<\/div>\n\t\t\t\t<div class=\"elementor-element elementor-element-f4b0a0e elementor-widget elementor-widget-heading\" data-id=\"f4b0a0e\" data-element_type=\"widget\" data-widget_type=\"heading.default\">\n\t\t\t\t<div class=\"elementor-widget-container\">\n\t\t\t<h2 class=\"elementor-heading-title elementor-size-default\">Mod\u00e8le de fonctionnement<\/h2>\t\t<\/div>\n\t\t\t\t<\/div>\n\t\t\t\t<div class=\"elementor-element elementor-element-0b8cbf5 elementor-widget elementor-widget-text-editor\" data-id=\"0b8cbf5\" data-element_type=\"widget\" data-widget_type=\"text-editor.default\">\n\t\t\t\t<div class=\"elementor-widget-container\">\n\t\t\t\t\t\t\t<p>Les Blessing Centers sont des cabinets familiaux \u00e0 but non lucratif qui fournissent des services de soins primaires \u00e0 toutes les tranches d&#8217;\u00e2ge selon un mod\u00e8le d&#8217;\u00e9chelle mobile. Nous adaptons nos offres de services en fonction des besoins et des int\u00e9r\u00eats de chaque famille. Nos services complets vont de l&#8217;\u00e9ducation et du conseil \u00e0 l&#8217;alimentation et \u00e0 la nutrition, en passant par les services m\u00e9dicaux et l&#8217;imagerie.<\/p>\n\t\t\t\t\t\t<\/div>\n\t\t\t\t<\/div>\n\t\t\t\t<div class=\"elementor-element elementor-element-e71a7f8 elementor-widget elementor-widget-heading\" data-id=\"e71a7f8\" data-element_type=\"widget\" data-widget_type=\"heading.default\">\n\t\t\t\t<div class=\"elementor-widget-container\">\n\t\t\t<h2 class=\"elementor-heading-title elementor-size-default\">Bient\u00f4t disponible !<\/h2>\t\t<\/div>\n\t\t\t\t<\/div>\n\t\t\t\t\t<\/div>\n\t\t<\/div>\n\t\t\t\t\t<\/div>\n\t\t<\/section>\n\t\t\t\t<section class=\"elementor-section elementor-top-section elementor-element elementor-element-423dbc3 elementor-section-boxed elementor-section-height-default elementor-section-height-default\" data-id=\"423dbc3\" data-element_type=\"section\">\n\t\t\t\t\t\t<div class=\"elementor-container elementor-column-gap-default\">\n\t\t\t\t\t<div class=\"elementor-column elementor-col-50 elementor-top-column elementor-element elementor-element-24cbc9c\" data-id=\"24cbc9c\" data-element_type=\"column\">\n\t\t\t<div class=\"elementor-widget-wrap elementor-element-populated\">\n\t\t\t\t\t\t<div class=\"elementor-element elementor-element-a220d02 elementor-widget elementor-widget-image\" data-id=\"a220d02\" data-element_type=\"widget\" data-widget_type=\"image.default\">\n\t\t\t\t<div class=\"elementor-widget-container\">\n\t\t\t\t\t\t\t\t\t\t\t\t\t<img fetchpriority=\"high\" decoding=\"async\" width=\"300\" height=\"300\" src=\"https:\/\/starmed.care\/wp-content\/uploads\/2021\/07\/blessing_found-1.jpg\" class=\"attachment-large size-large wp-image-10048\" alt=\"\" srcset=\"https:\/\/starmed.care\/wp-content\/uploads\/2021\/07\/blessing_found-1.jpg 300w, https:\/\/starmed.care\/wp-content\/uploads\/2021\/07\/blessing_found-1-150x150.jpg 150w\" sizes=\"(max-width: 300px) 100vw, 300px\" \/>\t\t\t\t\t\t\t\t\t\t\t\t\t<\/div>\n\t\t\t\t<\/div>\n\t\t\t\t\t<\/div>\n\t\t<\/div>\n\t\t\t\t<div class=\"elementor-column elementor-col-50 elementor-top-column elementor-element elementor-element-94337be\" data-id=\"94337be\" data-element_type=\"column\">\n\t\t\t<div class=\"elementor-widget-wrap\">\n\t\t\t\t\t\t\t<\/div>\n\t\t<\/div>\n\t\t\t\t\t<\/div>\n\t\t<\/section>\n\t\t\t\t<section class=\"elementor-section elementor-top-section elementor-element elementor-element-ccc4efb elementor-section-boxed elementor-section-height-default elementor-section-height-default\" data-id=\"ccc4efb\" data-element_type=\"section\">\n\t\t\t\t\t\t<div class=\"elementor-container elementor-column-gap-default\">\n\t\t\t\t\t<div class=\"elementor-column elementor-col-100 elementor-top-column elementor-element elementor-element-1d3cfcb\" data-id=\"1d3cfcb\" data-element_type=\"column\">\n\t\t\t<div class=\"elementor-widget-wrap elementor-element-populated\">\n\t\t\t\t\t\t<div class=\"elementor-element elementor-element-48a6376 elementor-widget elementor-widget-spacer\" data-id=\"48a6376\" data-element_type=\"widget\" data-widget_type=\"spacer.default\">\n\t\t\t\t<div class=\"elementor-widget-container\">\n\t\t\t\t\t<div class=\"elementor-spacer\">\n\t\t\t<div class=\"elementor-spacer-inner\"><\/div>\n\t\t<\/div>\n\t\t\t\t<\/div>\n\t\t\t\t<\/div>\n\t\t\t\t\t<\/div>\n\t\t<\/div>\n\t\t\t\t\t<\/div>\n\t\t<\/section>\n\t\t\t\t<section class=\"elementor-section elementor-top-section elementor-element elementor-element-169f1df3 elementor-section-boxed elementor-section-height-default elementor-section-height-default\" data-id=\"169f1df3\" data-element_type=\"section\" data-settings=\"{&quot;background_background&quot;:&quot;classic&quot;}\">\n\t\t\t\t\t\t<div class=\"elementor-container elementor-column-gap-default\">\n\t\t\t\t\t<div class=\"elementor-column elementor-col-50 elementor-top-column elementor-element elementor-element-57790195\" data-id=\"57790195\" data-element_type=\"column\">\n\t\t\t<div class=\"elementor-widget-wrap elementor-element-populated\">\n\t\t\t\t\t\t<div class=\"elementor-element elementor-element-4eafcf66 elementor-view-default elementor-widget elementor-widget-icon\" data-id=\"4eafcf66\" data-element_type=\"widget\" data-widget_type=\"icon.default\">\n\t\t\t\t<div class=\"elementor-widget-container\">\n\t\t\t\t\t<div class=\"elementor-icon-wrapper\">\n\t\t\t<div class=\"elementor-icon\">\n\t\t\t<i aria-hidden=\"true\" class=\"far fa-envelope\"><\/i>\t\t\t<\/div>\n\t\t<\/div>\n\t\t\t\t<\/div>\n\t\t\t\t<\/div>\n\t\t\t\t\t<\/div>\n\t\t<\/div>\n\t\t\t\t<div class=\"elementor-column elementor-col-50 elementor-top-column elementor-element elementor-element-7960eae0\" data-id=\"7960eae0\" data-element_type=\"column\">\n\t\t\t<div class=\"elementor-widget-wrap elementor-element-populated\">\n\t\t\t\t\t\t<div class=\"elementor-element elementor-element-325f4864 elementor-widget elementor-widget-heading\" data-id=\"325f4864\" data-element_type=\"widget\" data-widget_type=\"heading.default\">\n\t\t\t\t<div class=\"elementor-widget-container\">\n\t\t\t<h2 class=\"elementor-heading-title elementor-size-default\">Envoyez-nous un courriel<br><a href=\"mailto:info@starmed.care?Subject=Information%20Request\" target=\"_top\">info@starmed.care<\/a><\/h2>\t\t<\/div>\n\t\t\t\t<\/div>\n\t\t\t\t\t<\/div>\n\t\t<\/div>\n\t\t\t\t\t<\/div>\n\t\t<\/section>\n\t\t\t\t<\/div>\n\t\t","protected":false},"excerpt":{"rendered":"<p>Centres de b\u00e9n\u00e9diction Les centres Blessing sont une \u00e9manation de StarMed Healthcare et de la Fondation Blessing. Ces centres fournissent des soins primaires aux patients non assur\u00e9s et sous-assur\u00e9s. Ils servent \u00e9galement de centres de ressources communautaires con\u00e7us pour soutenir une vari\u00e9t\u00e9 de programmes et de services de sant\u00e9. Contexte La &#8220;Blessing Foundation&#8221; porte le [&hellip;]<\/p>\n","protected":false},"author":1,"featured_media":0,"parent":0,"menu_order":0,"comment_status":"closed","ping_status":"closed","template":"elementor_header_footer","meta":{"footnotes":""},"folder":[],"class_list":["post-11195","page","type-page","status-publish","hentry","clearfix"],"yoast_head":"<!-- This site is optimized with the Yoast SEO plugin v23.9 - https:\/\/yoast.com\/wordpress\/plugins\/seo\/ -->\n<title>Centres de b\u00e9n\u00e9diction - StarMed Healthcare<\/title>\n<meta name=\"description\" content=\"Apprenez \u00e0 faire la diff\u00e9rence entre le rhume et la grippe et \u00e0 prendre soin d&#039;eux au StarMed Family &amp; Urgent Care.\" \/>\n<meta name=\"robots\" content=\"index, follow, max-snippet:-1, max-image-preview:large, max-video-preview:-1\" \/>\n<link rel=\"canonical\" href=\"https:\/\/starmed.care\/fr\/centres-de-benediction\/\" \/>\n<meta property=\"og:locale\" content=\"fr_FR\" \/>\n<meta property=\"og:type\" content=\"article\" \/>\n<meta property=\"og:title\" content=\"Centres de b\u00e9n\u00e9diction - StarMed Healthcare\" \/>\n<meta property=\"og:description\" content=\"Apprenez \u00e0 faire la diff\u00e9rence entre le rhume et la grippe et \u00e0 prendre soin d&#039;eux au StarMed Family &amp; Urgent Care.\" \/>\n<meta property=\"og:url\" content=\"https:\/\/starmed.care\/fr\/centres-de-benediction\/\" \/>\n<meta property=\"og:site_name\" content=\"StarMed Healthcare\" \/>\n<meta property=\"article:publisher\" content=\"https:\/\/www.facebook.com\/StarMedCare\/\" \/>\n<meta property=\"article:modified_time\" content=\"2022-11-30T19:23:20+00:00\" \/>\n<meta property=\"og:image\" content=\"https:\/\/starmed.care\/wp-content\/uploads\/2021\/07\/blessing_found-1.jpg\" \/>\n<meta name=\"twitter:card\" content=\"summary_large_image\" \/>\n<meta name=\"twitter:site\" content=\"@starmedcare\" \/>\n<meta name=\"twitter:label1\" content=\"Dur\u00e9e de lecture estim\u00e9e\" \/>\n\t<meta name=\"twitter:data1\" content=\"1 minute\" \/>\n<script type=\"application\/ld+json\" class=\"yoast-schema-graph\">{\"@context\":\"https:\/\/schema.org\",\"@graph\":[{\"@type\":\"WebPage\",\"@id\":\"https:\/\/starmed.care\/fr\/centres-de-benediction\/\",\"url\":\"https:\/\/starmed.care\/fr\/centres-de-benediction\/\",\"name\":\"Centres de b\u00e9n\u00e9diction - StarMed Healthcare\",\"isPartOf\":{\"@id\":\"https:\/\/starmed.care\/#website\"},\"primaryImageOfPage\":{\"@id\":\"https:\/\/starmed.care\/fr\/centres-de-benediction\/#primaryimage\"},\"image\":{\"@id\":\"https:\/\/starmed.care\/fr\/centres-de-benediction\/#primaryimage\"},\"thumbnailUrl\":\"https:\/\/starmed.care\/wp-content\/uploads\/2021\/07\/blessing_found-1.jpg\",\"datePublished\":\"2022-11-30T19:23:03+00:00\",\"dateModified\":\"2022-11-30T19:23:20+00:00\",\"description\":\"Apprenez \u00e0 faire la diff\u00e9rence entre le rhume et la grippe et \u00e0 prendre soin d'eux au StarMed Family & Urgent Care.\",\"breadcrumb\":{\"@id\":\"https:\/\/starmed.care\/fr\/centres-de-benediction\/#breadcrumb\"},\"inLanguage\":\"fr-FR\",\"potentialAction\":[{\"@type\":\"ReadAction\",\"target\":[\"https:\/\/starmed.care\/fr\/centres-de-benediction\/\"]}]},{\"@type\":\"ImageObject\",\"inLanguage\":\"fr-FR\",\"@id\":\"https:\/\/starmed.care\/fr\/centres-de-benediction\/#primaryimage\",\"url\":\"https:\/\/starmed.care\/wp-content\/uploads\/2021\/07\/blessing_found-1.jpg\",\"contentUrl\":\"https:\/\/starmed.care\/wp-content\/uploads\/2021\/07\/blessing_found-1.jpg\"},{\"@type\":\"BreadcrumbList\",\"@id\":\"https:\/\/starmed.care\/fr\/centres-de-benediction\/#breadcrumb\",\"itemListElement\":[{\"@type\":\"ListItem\",\"position\":1,\"name\":\"Home\",\"item\":\"https:\/\/starmed.care\/\"},{\"@type\":\"ListItem\",\"position\":2,\"name\":\"Centres de b\u00e9n\u00e9diction\"}]},{\"@type\":\"WebSite\",\"@id\":\"https:\/\/starmed.care\/#website\",\"url\":\"https:\/\/starmed.care\/\",\"name\":\"StarMed Healthcare\",\"description\":\"\",\"publisher\":{\"@id\":\"https:\/\/starmed.care\/#organization\"},\"potentialAction\":[{\"@type\":\"SearchAction\",\"target\":{\"@type\":\"EntryPoint\",\"urlTemplate\":\"https:\/\/starmed.care\/?s={search_term_string}\"},\"query-input\":{\"@type\":\"PropertyValueSpecification\",\"valueRequired\":true,\"valueName\":\"search_term_string\"}}],\"inLanguage\":\"fr-FR\"},{\"@type\":\"Organization\",\"@id\":\"https:\/\/starmed.care\/#organization\",\"name\":\"StarMed Healthcare\",\"url\":\"https:\/\/starmed.care\/\",\"logo\":{\"@type\":\"ImageObject\",\"inLanguage\":\"fr-FR\",\"@id\":\"https:\/\/starmed.care\/#\/schema\/logo\/image\/\",\"url\":\"https:\/\/starmed.care\/wp-content\/uploads\/2021\/04\/starmed-navy.png\",\"contentUrl\":\"https:\/\/starmed.care\/wp-content\/uploads\/2021\/04\/starmed-navy.png\",\"width\":350,\"height\":95,\"caption\":\"StarMed Healthcare\"},\"image\":{\"@id\":\"https:\/\/starmed.care\/#\/schema\/logo\/image\/\"},\"sameAs\":[\"https:\/\/www.facebook.com\/StarMedCare\/\",\"https:\/\/x.com\/starmedcare\",\"https:\/\/www.instagram.com\/starmedcare\/\",\"https:\/\/www.youtube.com\/channel\/UClmSeca6AkvUerbHnX0SYkg\"]}]}<\/script>\n<!-- \/ Yoast SEO plugin. -->","yoast_head_json":{"title":"Centres de b\u00e9n\u00e9diction - StarMed Healthcare","description":"Apprenez \u00e0 faire la diff\u00e9rence entre le rhume et la grippe et \u00e0 prendre soin d'eux au StarMed Family & Urgent Care.","robots":{"index":"index","follow":"follow","max-snippet":"max-snippet:-1","max-image-preview":"max-image-preview:large","max-video-preview":"max-video-preview:-1"},"canonical":"https:\/\/starmed.care\/fr\/centres-de-benediction\/","og_locale":"fr_FR","og_type":"article","og_title":"Centres de b\u00e9n\u00e9diction - StarMed Healthcare","og_description":"Apprenez \u00e0 faire la diff\u00e9rence entre le rhume et la grippe et \u00e0 prendre soin d'eux au StarMed Family & Urgent Care.","og_url":"https:\/\/starmed.care\/fr\/centres-de-benediction\/","og_site_name":"StarMed Healthcare","article_publisher":"https:\/\/www.facebook.com\/StarMedCare\/","article_modified_time":"2022-11-30T19:23:20+00:00","og_image":[{"url":"https:\/\/starmed.care\/wp-content\/uploads\/2021\/07\/blessing_found-1.jpg"}],"twitter_card":"summary_large_image","twitter_site":"@starmedcare","twitter_misc":{"Dur\u00e9e de lecture estim\u00e9e":"1 minute"},"schema":{"@context":"https:\/\/schema.org","@graph":[{"@type":"WebPage","@id":"https:\/\/starmed.care\/fr\/centres-de-benediction\/","url":"https:\/\/starmed.care\/fr\/centres-de-benediction\/","name":"Centres de b\u00e9n\u00e9diction - StarMed Healthcare","isPartOf":{"@id":"https:\/\/starmed.care\/#website"},"primaryImageOfPage":{"@id":"https:\/\/starmed.care\/fr\/centres-de-benediction\/#primaryimage"},"image":{"@id":"https:\/\/starmed.care\/fr\/centres-de-benediction\/#primaryimage"},"thumbnailUrl":"https:\/\/starmed.care\/wp-content\/uploads\/2021\/07\/blessing_found-1.jpg","datePublished":"2022-11-30T19:23:03+00:00","dateModified":"2022-11-30T19:23:20+00:00","description":"Apprenez \u00e0 faire la diff\u00e9rence entre le rhume et la grippe et \u00e0 prendre soin d'eux au StarMed Family & Urgent Care.","breadcrumb":{"@id":"https:\/\/starmed.care\/fr\/centres-de-benediction\/#breadcrumb"},"inLanguage":"fr-FR","potentialAction":[{"@type":"ReadAction","target":["https:\/\/starmed.care\/fr\/centres-de-benediction\/"]}]},{"@type":"ImageObject","inLanguage":"fr-FR","@id":"https:\/\/starmed.care\/fr\/centres-de-benediction\/#primaryimage","url":"https:\/\/starmed.care\/wp-content\/uploads\/2021\/07\/blessing_found-1.jpg","contentUrl":"https:\/\/starmed.care\/wp-content\/uploads\/2021\/07\/blessing_found-1.jpg"},{"@type":"BreadcrumbList","@id":"https:\/\/starmed.care\/fr\/centres-de-benediction\/#breadcrumb","itemListElement":[{"@type":"ListItem","position":1,"name":"Home","item":"https:\/\/starmed.care\/"},{"@type":"ListItem","position":2,"name":"Centres de b\u00e9n\u00e9diction"}]},{"@type":"WebSite","@id":"https:\/\/starmed.care\/#website","url":"https:\/\/starmed.care\/","name":"StarMed Healthcare","description":"","publisher":{"@id":"https:\/\/starmed.care\/#organization"},"potentialAction":[{"@type":"SearchAction","target":{"@type":"EntryPoint","urlTemplate":"https:\/\/starmed.care\/?s={search_term_string}"},"query-input":{"@type":"PropertyValueSpecification","valueRequired":true,"valueName":"search_term_string"}}],"inLanguage":"fr-FR"},{"@type":"Organization","@id":"https:\/\/starmed.care\/#organization","name":"StarMed Healthcare","url":"https:\/\/starmed.care\/","logo":{"@type":"ImageObject","inLanguage":"fr-FR","@id":"https:\/\/starmed.care\/#\/schema\/logo\/image\/","url":"https:\/\/starmed.care\/wp-content\/uploads\/2021\/04\/starmed-navy.png","contentUrl":"https:\/\/starmed.care\/wp-content\/uploads\/2021\/04\/starmed-navy.png","width":350,"height":95,"caption":"StarMed Healthcare"},"image":{"@id":"https:\/\/starmed.care\/#\/schema\/logo\/image\/"},"sameAs":["https:\/\/www.facebook.com\/StarMedCare\/","https:\/\/x.com\/starmedcare","https:\/\/www.instagram.com\/starmedcare\/","https:\/\/www.youtube.com\/channel\/UClmSeca6AkvUerbHnX0SYkg"]}]}},"_links":{"self":[{"href":"https:\/\/starmed.care\/fr\/wp-json\/wp\/v2\/pages\/11195","targetHints":{"allow":["GET"]}}],"collection":[{"href":"https:\/\/starmed.care\/fr\/wp-json\/wp\/v2\/pages"}],"about":[{"href":"https:\/\/starmed.care\/fr\/wp-json\/wp\/v2\/types\/page"}],"author":[{"embeddable":true,"href":"https:\/\/starmed.care\/fr\/wp-json\/wp\/v2\/users\/1"}],"replies":[{"embeddable":true,"href":"https:\/\/starmed.care\/fr\/wp-json\/wp\/v2\/comments?post=11195"}],"version-history":[{"count":0,"href":"https:\/\/starmed.care\/fr\/wp-json\/wp\/v2\/pages\/11195\/revisions"}],"wp:attachment":[{"href":"https:\/\/starmed.care\/fr\/wp-json\/wp\/v2\/media?parent=11195"}],"wp:term":[{"taxonomy":"folder","embeddable":true,"href":"https:\/\/starmed.care\/fr\/wp-json\/wp\/v2\/folder?post=11195"}],"curies":[{"name":"wp","href":"https:\/\/api.w.org\/{rel}","templated":true}]}}