{"id":5679,"date":"2021-08-11T16:21:30","date_gmt":"2021-08-11T20:21:30","guid":{"rendered":"https:\/\/starmed.care\/centros-de-bendicion\/"},"modified":"2022-11-30T14:13:07","modified_gmt":"2022-11-30T19:13:07","slug":"centros-de-bendicion","status":"publish","type":"page","link":"https:\/\/starmed.care\/es\/centros-de-bendicion\/","title":{"rendered":"Centros de bendici\u00f3n"},"content":{"rendered":"\t\t<div data-elementor-type=\"wp-page\" data-elementor-id=\"5679\" class=\"elementor elementor-5679\" data-elementor-post-type=\"page\">\n\t\t\t\t\t\t<section class=\"elementor-section elementor-top-section elementor-element elementor-element-38500909 elementor-section-stretched elementor-section-boxed elementor-section-height-default elementor-section-height-default\" data-id=\"38500909\" data-element_type=\"section\" data-settings=\"{&quot;stretch_section&quot;:&quot;section-stretched&quot;,&quot;background_background&quot;:&quot;classic&quot;}\">\n\t\t\t\t\t\t\t<div class=\"elementor-background-overlay\"><\/div>\n\t\t\t\t\t\t\t<div class=\"elementor-container elementor-column-gap-default\">\n\t\t\t\t\t<div class=\"elementor-column elementor-col-100 elementor-top-column elementor-element elementor-element-7f7e604\" data-id=\"7f7e604\" data-element_type=\"column\">\n\t\t\t<div class=\"elementor-widget-wrap elementor-element-populated\">\n\t\t\t\t\t\t<div class=\"elementor-element elementor-element-6a3308e2 elementor-widget elementor-widget-heading\" data-id=\"6a3308e2\" data-element_type=\"widget\" data-widget_type=\"heading.default\">\n\t\t\t\t<div class=\"elementor-widget-container\">\n\t\t\t<h2 class=\"elementor-heading-title elementor-size-small\">Centros de bendici\u00f3n<\/h2>\t\t<\/div>\n\t\t\t\t<\/div>\n\t\t\t\t<div class=\"elementor-element elementor-element-5b541628 elementor-widget elementor-widget-text-editor\" data-id=\"5b541628\" data-element_type=\"widget\" data-widget_type=\"text-editor.default\">\n\t\t\t\t<div class=\"elementor-widget-container\">\n\t\t\t\t\t\t\t<p>Los Centros de Bendici\u00f3n son una descendencia de StarMed Healthcare y <em>The Blessing Foundation.<\/em> Estos centros proporcionan atenci\u00f3n primaria a pacientes sin seguro y con seguro insuficiente. Tambi\u00e9n sirven como centros de recursos comunitarios dise\u00f1ados para apoyar una variedad de programas y servicios de atenci\u00f3n m\u00e9dica.<\/p>\n\t\t\t\t\t\t<\/div>\n\t\t\t\t<\/div>\n\t\t\t\t\t<\/div>\n\t\t<\/div>\n\t\t\t\t\t<\/div>\n\t\t<\/section>\n\t\t\t\t<section class=\"elementor-section elementor-top-section elementor-element elementor-element-747f31f elementor-section-boxed elementor-section-height-default elementor-section-height-default\" data-id=\"747f31f\" data-element_type=\"section\">\n\t\t\t\t\t\t<div class=\"elementor-container elementor-column-gap-default\">\n\t\t\t\t\t<div class=\"elementor-column elementor-col-100 elementor-top-column elementor-element elementor-element-37fe194\" data-id=\"37fe194\" data-element_type=\"column\">\n\t\t\t<div class=\"elementor-widget-wrap elementor-element-populated\">\n\t\t\t\t\t\t<div class=\"elementor-element elementor-element-680bba5 elementor-widget elementor-widget-heading\" data-id=\"680bba5\" data-element_type=\"widget\" data-widget_type=\"heading.default\">\n\t\t\t\t<div class=\"elementor-widget-container\">\n\t\t\t<h2 class=\"elementor-heading-title elementor-size-default\">Antecedentes<\/h2>\t\t<\/div>\n\t\t\t\t<\/div>\n\t\t\t\t<div class=\"elementor-element elementor-element-8c9cafa elementor-widget elementor-widget-text-editor\" data-id=\"8c9cafa\" data-element_type=\"widget\" data-widget_type=\"text-editor.default\">\n\t\t\t\t<div class=\"elementor-widget-container\">\n\t\t\t\t\t\t\t<p>La &#8220;Fundaci\u00f3n Blessing&#8221; lleva el nombre de Kathleen Estramonte, una maestra de escuela primaria y de educaci\u00f3n especial jubilada, que model\u00f3 el papel del maestro en el apoyo a la salud de la sociedad y de los ni\u00f1os. La misi\u00f3n de Kathleen era influir en la vida de los ni\u00f1os proporcion\u00e1ndoles las necesidades sanitarias b\u00e1sicas y otras habilidades para la vida a las que, de otro modo, los ni\u00f1os vulnerables no habr\u00edan tenido acceso.<\/p>\n\t\t\t\t\t\t<\/div>\n\t\t\t\t<\/div>\n\t\t\t\t<div class=\"elementor-element elementor-element-51359c2 elementor-widget elementor-widget-heading\" data-id=\"51359c2\" data-element_type=\"widget\" data-widget_type=\"heading.default\">\n\t\t\t\t<div class=\"elementor-widget-container\">\n\t\t\t<h2 class=\"elementor-heading-title elementor-size-default\">Nuestra misi\u00f3n<\/h2>\t\t<\/div>\n\t\t\t\t<\/div>\n\t\t\t\t<div class=\"elementor-element elementor-element-eb9a918 elementor-widget elementor-widget-text-editor\" data-id=\"eb9a918\" data-element_type=\"widget\" data-widget_type=\"text-editor.default\">\n\t\t\t\t<div class=\"elementor-widget-container\">\n\t\t\t\t\t\t\t<p>Servir a nuestras comunidades a trav\u00e9s de la atenci\u00f3n centrada en la familia, mientras que la asistencia en la navegaci\u00f3n de un camino exitoso a la autosuficiencia, la estabilidad y la seguridad.<\/p>\n\t\t\t\t\t\t<\/div>\n\t\t\t\t<\/div>\n\t\t\t\t<div class=\"elementor-element elementor-element-f4b0a0e elementor-widget elementor-widget-heading\" data-id=\"f4b0a0e\" data-element_type=\"widget\" data-widget_type=\"heading.default\">\n\t\t\t\t<div class=\"elementor-widget-container\">\n\t\t\t<h2 class=\"elementor-heading-title elementor-size-default\">Modelo de funcionamiento<\/h2>\t\t<\/div>\n\t\t\t\t<\/div>\n\t\t\t\t<div class=\"elementor-element elementor-element-0b8cbf5 elementor-widget elementor-widget-text-editor\" data-id=\"0b8cbf5\" data-element_type=\"widget\" data-widget_type=\"text-editor.default\">\n\t\t\t\t<div class=\"elementor-widget-container\">\n\t\t\t\t\t\t\t<p>Los Blessing Centers son consultorios familiares sin \u00e1nimo de lucro que ofrecen servicios de atenci\u00f3n primaria a todos los rangos de edad a trav\u00e9s de un modelo de escala m\u00f3vil. Adaptamos nuestra oferta de servicios a las necesidades e intereses de cada familia. Nuestros servicios integrales abarcan desde la educaci\u00f3n y el asesoramiento, hasta la alimentaci\u00f3n y la nutrici\u00f3n, pasando por los servicios m\u00e9dicos y el diagn\u00f3stico por imagen.<\/p>\n\t\t\t\t\t\t<\/div>\n\t\t\t\t<\/div>\n\t\t\t\t<div class=\"elementor-element elementor-element-e71a7f8 elementor-widget elementor-widget-heading\" data-id=\"e71a7f8\" data-element_type=\"widget\" data-widget_type=\"heading.default\">\n\t\t\t\t<div class=\"elementor-widget-container\">\n\t\t\t<h2 class=\"elementor-heading-title elementor-size-default\">Muy pronto.<\/h2>\t\t<\/div>\n\t\t\t\t<\/div>\n\t\t\t\t\t<\/div>\n\t\t<\/div>\n\t\t\t\t\t<\/div>\n\t\t<\/section>\n\t\t\t\t<section class=\"elementor-section elementor-top-section elementor-element elementor-element-423dbc3 elementor-section-boxed elementor-section-height-default elementor-section-height-default\" data-id=\"423dbc3\" data-element_type=\"section\">\n\t\t\t\t\t\t<div class=\"elementor-container elementor-column-gap-default\">\n\t\t\t\t\t<div class=\"elementor-column elementor-col-50 elementor-top-column elementor-element elementor-element-24cbc9c\" data-id=\"24cbc9c\" data-element_type=\"column\">\n\t\t\t<div class=\"elementor-widget-wrap elementor-element-populated\">\n\t\t\t\t\t\t<div class=\"elementor-element elementor-element-a220d02 elementor-widget elementor-widget-image\" data-id=\"a220d02\" data-element_type=\"widget\" data-widget_type=\"image.default\">\n\t\t\t\t<div class=\"elementor-widget-container\">\n\t\t\t\t\t\t\t\t\t\t\t\t\t<img fetchpriority=\"high\" decoding=\"async\" width=\"300\" height=\"300\" src=\"https:\/\/starmed.care\/wp-content\/uploads\/2021\/07\/blessing_found-1.jpg\" class=\"attachment-large size-large wp-image-5582\" alt=\"\" srcset=\"https:\/\/starmed.care\/wp-content\/uploads\/2021\/07\/blessing_found-1.jpg 300w, https:\/\/starmed.care\/wp-content\/uploads\/2021\/07\/blessing_found-1-150x150.jpg 150w\" sizes=\"(max-width: 300px) 100vw, 300px\" \/>\t\t\t\t\t\t\t\t\t\t\t\t\t<\/div>\n\t\t\t\t<\/div>\n\t\t\t\t\t<\/div>\n\t\t<\/div>\n\t\t\t\t<div class=\"elementor-column elementor-col-50 elementor-top-column elementor-element elementor-element-94337be\" data-id=\"94337be\" data-element_type=\"column\">\n\t\t\t<div class=\"elementor-widget-wrap\">\n\t\t\t\t\t\t\t<\/div>\n\t\t<\/div>\n\t\t\t\t\t<\/div>\n\t\t<\/section>\n\t\t\t\t<section class=\"elementor-section elementor-top-section elementor-element elementor-element-ccc4efb elementor-section-boxed elementor-section-height-default elementor-section-height-default\" data-id=\"ccc4efb\" data-element_type=\"section\">\n\t\t\t\t\t\t<div class=\"elementor-container elementor-column-gap-default\">\n\t\t\t\t\t<div class=\"elementor-column elementor-col-100 elementor-top-column elementor-element elementor-element-1d3cfcb\" data-id=\"1d3cfcb\" data-element_type=\"column\">\n\t\t\t<div class=\"elementor-widget-wrap elementor-element-populated\">\n\t\t\t\t\t\t<div class=\"elementor-element elementor-element-48a6376 elementor-widget elementor-widget-spacer\" data-id=\"48a6376\" data-element_type=\"widget\" data-widget_type=\"spacer.default\">\n\t\t\t\t<div class=\"elementor-widget-container\">\n\t\t\t\t\t<div class=\"elementor-spacer\">\n\t\t\t<div class=\"elementor-spacer-inner\"><\/div>\n\t\t<\/div>\n\t\t\t\t<\/div>\n\t\t\t\t<\/div>\n\t\t\t\t\t<\/div>\n\t\t<\/div>\n\t\t\t\t\t<\/div>\n\t\t<\/section>\n\t\t\t\t<section class=\"elementor-section elementor-top-section elementor-element elementor-element-169f1df3 elementor-section-boxed elementor-section-height-default elementor-section-height-default\" data-id=\"169f1df3\" data-element_type=\"section\" data-settings=\"{&quot;background_background&quot;:&quot;classic&quot;}\">\n\t\t\t\t\t\t<div class=\"elementor-container elementor-column-gap-default\">\n\t\t\t\t\t<div class=\"elementor-column elementor-col-50 elementor-top-column elementor-element elementor-element-57790195\" data-id=\"57790195\" data-element_type=\"column\">\n\t\t\t<div class=\"elementor-widget-wrap elementor-element-populated\">\n\t\t\t\t\t\t<div class=\"elementor-element elementor-element-4eafcf66 elementor-view-default elementor-widget elementor-widget-icon\" data-id=\"4eafcf66\" data-element_type=\"widget\" data-widget_type=\"icon.default\">\n\t\t\t\t<div class=\"elementor-widget-container\">\n\t\t\t\t\t<div class=\"elementor-icon-wrapper\">\n\t\t\t<div class=\"elementor-icon\">\n\t\t\t<i aria-hidden=\"true\" class=\"far fa-envelope\"><\/i>\t\t\t<\/div>\n\t\t<\/div>\n\t\t\t\t<\/div>\n\t\t\t\t<\/div>\n\t\t\t\t\t<\/div>\n\t\t<\/div>\n\t\t\t\t<div class=\"elementor-column elementor-col-50 elementor-top-column elementor-element elementor-element-7960eae0\" data-id=\"7960eae0\" data-element_type=\"column\">\n\t\t\t<div class=\"elementor-widget-wrap elementor-element-populated\">\n\t\t\t\t\t\t<div class=\"elementor-element elementor-element-325f4864 elementor-widget elementor-widget-heading\" data-id=\"325f4864\" data-element_type=\"widget\" data-widget_type=\"heading.default\">\n\t\t\t\t<div class=\"elementor-widget-container\">\n\t\t\t<h2 class=\"elementor-heading-title elementor-size-default\">Env\u00edenos un correo electr\u00f3nico<br><a href=\"mailto:info@starmed.care?Subject=Information%20Request\" target=\"_top\">info@starmed.care<\/a><\/h2>\t\t<\/div>\n\t\t\t\t<\/div>\n\t\t\t\t\t<\/div>\n\t\t<\/div>\n\t\t\t\t\t<\/div>\n\t\t<\/section>\n\t\t\t\t<\/div>\n\t\t","protected":false},"excerpt":{"rendered":"<p>Centros de bendici\u00f3n Los Centros de Bendici\u00f3n son una descendencia de StarMed Healthcare y The Blessing Foundation. Estos centros proporcionan atenci\u00f3n primaria a pacientes sin seguro y con seguro insuficiente. Tambi\u00e9n sirven como centros de recursos comunitarios dise\u00f1ados para apoyar una variedad de programas y servicios de atenci\u00f3n m\u00e9dica. Antecedentes La &#8220;Fundaci\u00f3n Blessing&#8221; lleva el [&hellip;]<\/p>\n","protected":false},"author":1,"featured_media":0,"parent":0,"menu_order":0,"comment_status":"closed","ping_status":"closed","template":"elementor_header_footer","meta":{"footnotes":""},"folder":[],"class_list":["post-5679","page","type-page","status-publish","hentry","clearfix"],"yoast_head":"<!-- This site is optimized with the Yoast SEO plugin v23.9 - https:\/\/yoast.com\/wordpress\/plugins\/seo\/ -->\n<title>Centros de bendici\u00f3n - StarMed Healthcare<\/title>\n<meta name=\"description\" content=\"Aprenda c\u00f3mo diferenciar entre y cuidar el resfriado com\u00fan y la gripe en StarMed Family &amp;Urgent Care\" \/>\n<meta name=\"robots\" content=\"index, follow, max-snippet:-1, max-image-preview:large, max-video-preview:-1\" \/>\n<link rel=\"canonical\" href=\"https:\/\/starmed.care\/es\/centros-de-bendicion\/\" \/>\n<meta property=\"og:locale\" content=\"es_ES\" \/>\n<meta property=\"og:type\" content=\"article\" \/>\n<meta property=\"og:title\" content=\"Centros de bendici\u00f3n - StarMed Healthcare\" \/>\n<meta property=\"og:description\" content=\"Aprenda c\u00f3mo diferenciar entre y cuidar el resfriado com\u00fan y la gripe en StarMed Family &amp;Urgent Care\" \/>\n<meta property=\"og:url\" content=\"https:\/\/starmed.care\/es\/centros-de-bendicion\/\" \/>\n<meta property=\"og:site_name\" content=\"StarMed Healthcare\" \/>\n<meta property=\"article:publisher\" content=\"https:\/\/www.facebook.com\/StarMedCare\/\" \/>\n<meta property=\"article:modified_time\" content=\"2022-11-30T19:13:07+00:00\" \/>\n<meta property=\"og:image\" content=\"https:\/\/starmed.care\/wp-content\/uploads\/2021\/07\/blessing_found-1.jpg\" \/>\n<meta name=\"twitter:card\" content=\"summary_large_image\" \/>\n<meta name=\"twitter:site\" content=\"@starmedcare\" \/>\n<meta name=\"twitter:label1\" content=\"Tiempo de lectura\" \/>\n\t<meta name=\"twitter:data1\" content=\"1 minuto\" \/>\n<script type=\"application\/ld+json\" class=\"yoast-schema-graph\">{\"@context\":\"https:\/\/schema.org\",\"@graph\":[{\"@type\":\"WebPage\",\"@id\":\"https:\/\/starmed.care\/es\/centros-de-bendicion\/\",\"url\":\"https:\/\/starmed.care\/es\/centros-de-bendicion\/\",\"name\":\"Centros de bendici\u00f3n - StarMed Healthcare\",\"isPartOf\":{\"@id\":\"https:\/\/starmed.care\/#website\"},\"primaryImageOfPage\":{\"@id\":\"https:\/\/starmed.care\/es\/centros-de-bendicion\/#primaryimage\"},\"image\":{\"@id\":\"https:\/\/starmed.care\/es\/centros-de-bendicion\/#primaryimage\"},\"thumbnailUrl\":\"https:\/\/starmed.care\/wp-content\/uploads\/2021\/07\/blessing_found-1.jpg\",\"datePublished\":\"2021-08-11T20:21:30+00:00\",\"dateModified\":\"2022-11-30T19:13:07+00:00\",\"description\":\"Aprenda c\u00f3mo diferenciar entre y cuidar el resfriado com\u00fan y la gripe en StarMed Family &Urgent Care\",\"breadcrumb\":{\"@id\":\"https:\/\/starmed.care\/es\/centros-de-bendicion\/#breadcrumb\"},\"inLanguage\":\"es\",\"potentialAction\":[{\"@type\":\"ReadAction\",\"target\":[\"https:\/\/starmed.care\/es\/centros-de-bendicion\/\"]}]},{\"@type\":\"ImageObject\",\"inLanguage\":\"es\",\"@id\":\"https:\/\/starmed.care\/es\/centros-de-bendicion\/#primaryimage\",\"url\":\"https:\/\/starmed.care\/wp-content\/uploads\/2021\/07\/blessing_found-1.jpg\",\"contentUrl\":\"https:\/\/starmed.care\/wp-content\/uploads\/2021\/07\/blessing_found-1.jpg\"},{\"@type\":\"BreadcrumbList\",\"@id\":\"https:\/\/starmed.care\/es\/centros-de-bendicion\/#breadcrumb\",\"itemListElement\":[{\"@type\":\"ListItem\",\"position\":1,\"name\":\"Home\",\"item\":\"https:\/\/starmed.care\/\"},{\"@type\":\"ListItem\",\"position\":2,\"name\":\"Centros de bendici\u00f3n\"}]},{\"@type\":\"WebSite\",\"@id\":\"https:\/\/starmed.care\/#website\",\"url\":\"https:\/\/starmed.care\/\",\"name\":\"StarMed Healthcare\",\"description\":\"\",\"publisher\":{\"@id\":\"https:\/\/starmed.care\/#organization\"},\"potentialAction\":[{\"@type\":\"SearchAction\",\"target\":{\"@type\":\"EntryPoint\",\"urlTemplate\":\"https:\/\/starmed.care\/?s={search_term_string}\"},\"query-input\":{\"@type\":\"PropertyValueSpecification\",\"valueRequired\":true,\"valueName\":\"search_term_string\"}}],\"inLanguage\":\"es\"},{\"@type\":\"Organization\",\"@id\":\"https:\/\/starmed.care\/#organization\",\"name\":\"StarMed Healthcare\",\"url\":\"https:\/\/starmed.care\/\",\"logo\":{\"@type\":\"ImageObject\",\"inLanguage\":\"es\",\"@id\":\"https:\/\/starmed.care\/#\/schema\/logo\/image\/\",\"url\":\"https:\/\/starmed.care\/wp-content\/uploads\/2021\/04\/starmed-navy.png\",\"contentUrl\":\"https:\/\/starmed.care\/wp-content\/uploads\/2021\/04\/starmed-navy.png\",\"width\":350,\"height\":95,\"caption\":\"StarMed Healthcare\"},\"image\":{\"@id\":\"https:\/\/starmed.care\/#\/schema\/logo\/image\/\"},\"sameAs\":[\"https:\/\/www.facebook.com\/StarMedCare\/\",\"https:\/\/x.com\/starmedcare\",\"https:\/\/www.instagram.com\/starmedcare\/\",\"https:\/\/www.youtube.com\/channel\/UClmSeca6AkvUerbHnX0SYkg\"]}]}<\/script>\n<!-- \/ Yoast SEO plugin. -->","yoast_head_json":{"title":"Centros de bendici\u00f3n - StarMed Healthcare","description":"Aprenda c\u00f3mo diferenciar entre y cuidar el resfriado com\u00fan y la gripe en StarMed Family &Urgent Care","robots":{"index":"index","follow":"follow","max-snippet":"max-snippet:-1","max-image-preview":"max-image-preview:large","max-video-preview":"max-video-preview:-1"},"canonical":"https:\/\/starmed.care\/es\/centros-de-bendicion\/","og_locale":"es_ES","og_type":"article","og_title":"Centros de bendici\u00f3n - StarMed Healthcare","og_description":"Aprenda c\u00f3mo diferenciar entre y cuidar el resfriado com\u00fan y la gripe en StarMed Family &Urgent Care","og_url":"https:\/\/starmed.care\/es\/centros-de-bendicion\/","og_site_name":"StarMed Healthcare","article_publisher":"https:\/\/www.facebook.com\/StarMedCare\/","article_modified_time":"2022-11-30T19:13:07+00:00","og_image":[{"url":"https:\/\/starmed.care\/wp-content\/uploads\/2021\/07\/blessing_found-1.jpg"}],"twitter_card":"summary_large_image","twitter_site":"@starmedcare","twitter_misc":{"Tiempo de lectura":"1 minuto"},"schema":{"@context":"https:\/\/schema.org","@graph":[{"@type":"WebPage","@id":"https:\/\/starmed.care\/es\/centros-de-bendicion\/","url":"https:\/\/starmed.care\/es\/centros-de-bendicion\/","name":"Centros de bendici\u00f3n - StarMed Healthcare","isPartOf":{"@id":"https:\/\/starmed.care\/#website"},"primaryImageOfPage":{"@id":"https:\/\/starmed.care\/es\/centros-de-bendicion\/#primaryimage"},"image":{"@id":"https:\/\/starmed.care\/es\/centros-de-bendicion\/#primaryimage"},"thumbnailUrl":"https:\/\/starmed.care\/wp-content\/uploads\/2021\/07\/blessing_found-1.jpg","datePublished":"2021-08-11T20:21:30+00:00","dateModified":"2022-11-30T19:13:07+00:00","description":"Aprenda c\u00f3mo diferenciar entre y cuidar el resfriado com\u00fan y la gripe en StarMed Family &Urgent Care","breadcrumb":{"@id":"https:\/\/starmed.care\/es\/centros-de-bendicion\/#breadcrumb"},"inLanguage":"es","potentialAction":[{"@type":"ReadAction","target":["https:\/\/starmed.care\/es\/centros-de-bendicion\/"]}]},{"@type":"ImageObject","inLanguage":"es","@id":"https:\/\/starmed.care\/es\/centros-de-bendicion\/#primaryimage","url":"https:\/\/starmed.care\/wp-content\/uploads\/2021\/07\/blessing_found-1.jpg","contentUrl":"https:\/\/starmed.care\/wp-content\/uploads\/2021\/07\/blessing_found-1.jpg"},{"@type":"BreadcrumbList","@id":"https:\/\/starmed.care\/es\/centros-de-bendicion\/#breadcrumb","itemListElement":[{"@type":"ListItem","position":1,"name":"Home","item":"https:\/\/starmed.care\/"},{"@type":"ListItem","position":2,"name":"Centros de bendici\u00f3n"}]},{"@type":"WebSite","@id":"https:\/\/starmed.care\/#website","url":"https:\/\/starmed.care\/","name":"StarMed Healthcare","description":"","publisher":{"@id":"https:\/\/starmed.care\/#organization"},"potentialAction":[{"@type":"SearchAction","target":{"@type":"EntryPoint","urlTemplate":"https:\/\/starmed.care\/?s={search_term_string}"},"query-input":{"@type":"PropertyValueSpecification","valueRequired":true,"valueName":"search_term_string"}}],"inLanguage":"es"},{"@type":"Organization","@id":"https:\/\/starmed.care\/#organization","name":"StarMed Healthcare","url":"https:\/\/starmed.care\/","logo":{"@type":"ImageObject","inLanguage":"es","@id":"https:\/\/starmed.care\/#\/schema\/logo\/image\/","url":"https:\/\/starmed.care\/wp-content\/uploads\/2021\/04\/starmed-navy.png","contentUrl":"https:\/\/starmed.care\/wp-content\/uploads\/2021\/04\/starmed-navy.png","width":350,"height":95,"caption":"StarMed Healthcare"},"image":{"@id":"https:\/\/starmed.care\/#\/schema\/logo\/image\/"},"sameAs":["https:\/\/www.facebook.com\/StarMedCare\/","https:\/\/x.com\/starmedcare","https:\/\/www.instagram.com\/starmedcare\/","https:\/\/www.youtube.com\/channel\/UClmSeca6AkvUerbHnX0SYkg"]}]}},"_links":{"self":[{"href":"https:\/\/starmed.care\/es\/wp-json\/wp\/v2\/pages\/5679","targetHints":{"allow":["GET"]}}],"collection":[{"href":"https:\/\/starmed.care\/es\/wp-json\/wp\/v2\/pages"}],"about":[{"href":"https:\/\/starmed.care\/es\/wp-json\/wp\/v2\/types\/page"}],"author":[{"embeddable":true,"href":"https:\/\/starmed.care\/es\/wp-json\/wp\/v2\/users\/1"}],"replies":[{"embeddable":true,"href":"https:\/\/starmed.care\/es\/wp-json\/wp\/v2\/comments?post=5679"}],"version-history":[{"count":0,"href":"https:\/\/starmed.care\/es\/wp-json\/wp\/v2\/pages\/5679\/revisions"}],"wp:attachment":[{"href":"https:\/\/starmed.care\/es\/wp-json\/wp\/v2\/media?parent=5679"}],"wp:term":[{"taxonomy":"folder","embeddable":true,"href":"https:\/\/starmed.care\/es\/wp-json\/wp\/v2\/folder?post=5679"}],"curies":[{"name":"wp","href":"https:\/\/api.w.org\/{rel}","templated":true}]}}