{"id":11031,"date":"2022-11-30T14:08:11","date_gmt":"2022-11-30T19:08:11","guid":{"rendered":"https:\/\/starmed.care\/medico-de-la-empresa\/"},"modified":"2022-11-30T14:08:11","modified_gmt":"2022-11-30T19:08:11","slug":"medico-de-la-empresa","status":"publish","type":"page","link":"https:\/\/starmed.care\/es\/medico-de-la-empresa\/","title":{"rendered":"M\u00e9dico de la empresa"},"content":{"rendered":"\t\t<div data-elementor-type=\"wp-page\" data-elementor-id=\"11031\" class=\"elementor elementor-11031\" data-elementor-post-type=\"page\">\n\t\t\t\t\t\t<section class=\"elementor-section elementor-inner-section elementor-element elementor-element-5c9c31f2 elementor-section-boxed elementor-section-height-default elementor-section-height-default\" data-id=\"5c9c31f2\" data-element_type=\"section\" data-settings=\"{&quot;background_background&quot;:&quot;classic&quot;}\">\n\t\t\t\t\t\t\t<div class=\"elementor-background-overlay\"><\/div>\n\t\t\t\t\t\t\t<div class=\"elementor-container elementor-column-gap-default\">\n\t\t\t\t\t<div class=\"elementor-column elementor-col-100 elementor-inner-column elementor-element elementor-element-525a0324\" data-id=\"525a0324\" data-element_type=\"column\" data-settings=\"{&quot;background_background&quot;:&quot;classic&quot;}\">\n\t\t\t<div class=\"elementor-widget-wrap elementor-element-populated\">\n\t\t\t\t\t<div class=\"elementor-background-overlay\"><\/div>\n\t\t\t\t\t\t<div class=\"elementor-element elementor-element-6fc470a elementor-widget elementor-widget-heading\" data-id=\"6fc470a\" data-element_type=\"widget\" data-widget_type=\"heading.default\">\n\t\t\t\t<div class=\"elementor-widget-container\">\n\t\t\t<h2 class=\"elementor-heading-title elementor-size-small\">Join StarMed as our newest Medical Biller today!<\/h2>\t\t<\/div>\n\t\t\t\t<\/div>\n\t\t\t\t<div class=\"elementor-element elementor-element-42ebbd5c elementor-widget elementor-widget-text-editor\" data-id=\"42ebbd5c\" data-element_type=\"widget\" data-widget_type=\"text-editor.default\">\n\t\t\t\t<div class=\"elementor-widget-container\">\n\t\t\t\t\t\t\tStarMed Healthcare is looking for an organized and experienced medical biller to join our organization.\t\t\t\t\t\t<\/div>\n\t\t\t\t<\/div>\n\t\t\t\t<div class=\"elementor-element elementor-element-19b2387 elementor-widget elementor-widget-spacer\" data-id=\"19b2387\" data-element_type=\"widget\" data-widget_type=\"spacer.default\">\n\t\t\t\t<div class=\"elementor-widget-container\">\n\t\t\t\t\t<div class=\"elementor-spacer\">\n\t\t\t<div class=\"elementor-spacer-inner\"><\/div>\n\t\t<\/div>\n\t\t\t\t<\/div>\n\t\t\t\t<\/div>\n\t\t\t\t\t<\/div>\n\t\t<\/div>\n\t\t\t\t\t<\/div>\n\t\t<\/section>\n\t\t\t\t<section class=\"elementor-section elementor-top-section elementor-element elementor-element-8b4ecac elementor-section-boxed elementor-section-height-default elementor-section-height-default\" data-id=\"8b4ecac\" data-element_type=\"section\" data-settings=\"{&quot;background_background&quot;:&quot;classic&quot;}\">\n\t\t\t\t\t\t<div class=\"elementor-container elementor-column-gap-default\">\n\t\t\t\t\t<div class=\"elementor-column elementor-col-100 elementor-top-column elementor-element elementor-element-87c667e\" data-id=\"87c667e\" data-element_type=\"column\" data-settings=\"{&quot;background_background&quot;:&quot;classic&quot;}\">\n\t\t\t<div class=\"elementor-widget-wrap elementor-element-populated\">\n\t\t\t\t\t\t<section class=\"elementor-section elementor-inner-section elementor-element elementor-element-598d44a elementor-section-boxed elementor-section-height-default elementor-section-height-default\" data-id=\"598d44a\" data-element_type=\"section\">\n\t\t\t\t\t\t<div class=\"elementor-container elementor-column-gap-default\">\n\t\t\t\t\t<div class=\"elementor-column elementor-col-100 elementor-inner-column elementor-element elementor-element-729d675\" data-id=\"729d675\" data-element_type=\"column\">\n\t\t\t<div class=\"elementor-widget-wrap elementor-element-populated\">\n\t\t\t\t\t\t<div class=\"elementor-element elementor-element-e8ec878 elementor-widget elementor-widget-text-editor\" data-id=\"e8ec878\" data-element_type=\"widget\" data-widget_type=\"text-editor.default\">\n\t\t\t\t<div class=\"elementor-widget-container\">\n\t\t\t\t\t\t\t<p>MEDICAL BILLER<\/p>\t\t\t\t\t\t<\/div>\n\t\t\t\t<\/div>\n\t\t\t\t<div class=\"elementor-element elementor-element-f93ad0c elementor-widget-divider--view-line elementor-widget elementor-widget-divider\" data-id=\"f93ad0c\" data-element_type=\"widget\" data-widget_type=\"divider.default\">\n\t\t\t\t<div class=\"elementor-widget-container\">\n\t\t\t\t\t<div class=\"elementor-divider\">\n\t\t\t<span class=\"elementor-divider-separator\">\n\t\t\t\t\t\t<\/span>\n\t\t<\/div>\n\t\t\t\t<\/div>\n\t\t\t\t<\/div>\n\t\t\t\t<div class=\"elementor-element elementor-element-2b02ec7 elementor-widget elementor-widget-text-editor\" data-id=\"2b02ec7\" data-element_type=\"widget\" data-widget_type=\"text-editor.default\">\n\t\t\t\t<div class=\"elementor-widget-container\">\n\t\t\t\t\t\t\t<p>Charlotte, North Carolina\u00a0<\/p>\t\t\t\t\t\t<\/div>\n\t\t\t\t<\/div>\n\t\t\t\t<div class=\"elementor-element elementor-element-00f26fa elementor-widget elementor-widget-text-editor\" data-id=\"00f26fa\" data-element_type=\"widget\" data-widget_type=\"text-editor.default\">\n\t\t\t\t<div class=\"elementor-widget-container\">\n\t\t\t\t\t\t\t<p>$16 &#8211; $20 per hour<\/p>\t\t\t\t\t\t<\/div>\n\t\t\t\t<\/div>\n\t\t\t\t<div class=\"elementor-element elementor-element-991eb6b elementor-widget elementor-widget-text-editor\" data-id=\"991eb6b\" data-element_type=\"widget\" data-widget_type=\"text-editor.default\">\n\t\t\t\t<div class=\"elementor-widget-container\">\n\t\t\t\t\t\t\t<p>Full Job Description<\/p>\t\t\t\t\t\t<\/div>\n\t\t\t\t<\/div>\n\t\t\t\t<div class=\"elementor-element elementor-element-3c2c182 elementor-widget elementor-widget-text-editor\" data-id=\"3c2c182\" data-element_type=\"widget\" data-widget_type=\"text-editor.default\">\n\t\t\t\t<div class=\"elementor-widget-container\">\n\t\t\t\t\t\t\tStarMed Healthcare is looking for an organized and experienced medical biller to join our organization. The medical biller will be responsible for transferring patient and insurance information and initiating payment processes and procedures. The ideal candidate will be well-versed in billing software, medical insurance regulations, and an expert at responding to patient and insurance inquiries. The medical biller will also be responsible for maintaining patient confidentiality, handling personal information, and accurately inputting patient data into the system.\t\t\t\t\t\t<\/div>\n\t\t\t\t<\/div>\n\t\t\t\t<div class=\"elementor-element elementor-element-44d9079 elementor-widget elementor-widget-text-editor\" data-id=\"44d9079\" data-element_type=\"widget\" data-widget_type=\"text-editor.default\">\n\t\t\t\t<div class=\"elementor-widget-container\">\n\t\t\t\t\t\t\t<p>Responsibilities<\/p>\t\t\t\t\t\t<\/div>\n\t\t\t\t<\/div>\n\t\t\t\t<div class=\"elementor-element elementor-element-3ebc563 elementor-widget elementor-widget-text-editor\" data-id=\"3ebc563\" data-element_type=\"widget\" data-widget_type=\"text-editor.default\">\n\t\t\t\t<div class=\"elementor-widget-container\">\n\t\t\t\t\t\t\t<ul><li>Ensure patient information is accurate and up to date<\/li><li>Request any missing patient information<\/li><li>Review referrals and authorizations<\/li><li>Confirm patient benefits and insurance<\/li><li>Follow all regulations and guidelines set by Medicare, state programs, and HMO\/PPO<\/li><li>Transfer insurance claims and billing data to billing software<\/li><li>Create both paper and electronic copies of documentation<\/li><li>Develop and maintain a tracking system of incoming and late payments<\/li><li>Denial Management<\/li><li>Initiate late payment notices to relevant parties<\/li><li>Respond to questions and complaints from patients or insurance companies<\/li><li>Follow-up on late or missed payment notices<\/li><li>Monitor and resolve financial discrepancies<\/li><li>Arrange payment plans and timelines for payments<\/li><li>File and maintain organized documentation of all billing and record<\/li><li>Follow set billing processes and procedures<\/li><li>Update and review all accounts to keep records of payments up-to-date<\/li><li>Work with personal information and maintain patient confidentiality<\/li><li>Knowledge of CPT and ICD-10 coding<\/li><li>Charge entry<\/li><\/ul>\t\t\t\t\t\t<\/div>\n\t\t\t\t<\/div>\n\t\t\t\t<div class=\"elementor-element elementor-element-5c82ebd elementor-widget elementor-widget-text-editor\" data-id=\"5c82ebd\" data-element_type=\"widget\" data-widget_type=\"text-editor.default\">\n\t\t\t\t<div class=\"elementor-widget-container\">\n\t\t\t\t\t\t\t<p>Requirements<\/p>\t\t\t\t\t\t<\/div>\n\t\t\t\t<\/div>\n\t\t\t\t<div class=\"elementor-element elementor-element-e1d5251 elementor-widget elementor-widget-text-editor\" data-id=\"e1d5251\" data-element_type=\"widget\" data-widget_type=\"text-editor.default\">\n\t\t\t\t<div class=\"elementor-widget-container\">\n\t\t\t\t\t\t\t<ul><li>High school diploma or equivalent; Bachelor&#8217;s degree in accounting, health care administration, finance, business, or related field preferred<\/li><li>Two (2) years&#8217; previous experience as a medical biller or in a related healthcare administrative position<\/li><li>Able to multitask, prioritize, and manage time efficiently<\/li><li>Self-motivated and self-directed; able to work without supervision<\/li><li>Excellent verbal and written communication skills<\/li><li>Proficient computer skills, Microsoft Office Suite (Word, PowerPoint, Outlook, and Excel); working knowledge of billing software a plus<\/li><li>Strong customer service skills and comfortable answering both patient and insurance company questions<\/li><li>Able to analyze problems and strategize for better solutions<\/li><li>Reliably commute or planning to relocate before starting work (Required)<\/li><\/ul>\t\t\t\t\t\t<\/div>\n\t\t\t\t<\/div>\n\t\t\t\t<div class=\"elementor-element elementor-element-9380daf elementor-widget elementor-widget-text-editor\" data-id=\"9380daf\" data-element_type=\"widget\" data-widget_type=\"text-editor.default\">\n\t\t\t\t<div class=\"elementor-widget-container\">\n\t\t\t\t\t\t\t<p>Job Types<\/p>\t\t\t\t\t\t<\/div>\n\t\t\t\t<\/div>\n\t\t\t\t<div class=\"elementor-element elementor-element-519d62c elementor-widget elementor-widget-text-editor\" data-id=\"519d62c\" data-element_type=\"widget\" data-widget_type=\"text-editor.default\">\n\t\t\t\t<div class=\"elementor-widget-container\">\n\t\t\t\t\t\t\t<ul>\n<li>Full-time<\/li><li>8 hour shift<\/li><li>Monday through Friday<\/li>\n<\/ul>\t\t\t\t\t\t<\/div>\n\t\t\t\t<\/div>\n\t\t\t\t<div class=\"elementor-element elementor-element-6391cef elementor-widget elementor-widget-text-editor\" data-id=\"6391cef\" data-element_type=\"widget\" data-widget_type=\"text-editor.default\">\n\t\t\t\t<div class=\"elementor-widget-container\">\n\t\t\t\t\t\t\t<p>Education and Experience<\/p>\t\t\t\t\t\t<\/div>\n\t\t\t\t<\/div>\n\t\t\t\t<div class=\"elementor-element elementor-element-5ab85a5 elementor-widget elementor-widget-text-editor\" data-id=\"5ab85a5\" data-element_type=\"widget\" data-widget_type=\"text-editor.default\">\n\t\t\t\t<div class=\"elementor-widget-container\">\n\t\t\t\t\t\t\t<ul><li>ICD-10: 1 year (Preferred)<\/li><li>Medical billing: 1 year (Preferred)<\/li><\/ul>\t\t\t\t\t\t<\/div>\n\t\t\t\t<\/div>\n\t\t\t\t<div class=\"elementor-element elementor-element-ef9e913 elementor-widget elementor-widget-text-editor\" data-id=\"ef9e913\" data-element_type=\"widget\" data-widget_type=\"text-editor.default\">\n\t\t\t\t<div class=\"elementor-widget-container\">\n\t\t\t\t\t\t\t<p>Work Location(s)<\/p>\t\t\t\t\t\t<\/div>\n\t\t\t\t<\/div>\n\t\t\t\t<div class=\"elementor-element elementor-element-225595b elementor-widget elementor-widget-text-editor\" data-id=\"225595b\" data-element_type=\"widget\" data-widget_type=\"text-editor.default\">\n\t\t\t\t<div class=\"elementor-widget-container\">\n\t\t\t\t\t\t\t<ul><li><span style=\"color: #2f3d4a;\">Charlotte, North Carolina<\/span><\/li><\/ul>\t\t\t\t\t\t<\/div>\n\t\t\t\t<\/div>\n\t\t\t\t<div class=\"elementor-element elementor-element-1161f95 elementor-widget elementor-widget-text-editor\" data-id=\"1161f95\" data-element_type=\"widget\" data-widget_type=\"text-editor.default\">\n\t\t\t\t<div class=\"elementor-widget-container\">\n\t\t\t\t\t\t\t<p>Benefits<\/p>\t\t\t\t\t\t<\/div>\n\t\t\t\t<\/div>\n\t\t\t\t<div class=\"elementor-element elementor-element-03ae100 elementor-widget elementor-widget-text-editor\" data-id=\"03ae100\" data-element_type=\"widget\" data-widget_type=\"text-editor.default\">\n\t\t\t\t<div class=\"elementor-widget-container\">\n\t\t\t\t\t\t\t<ul><li>401(k)<\/li><li>Dental insurance<\/li><li>Health insurance<\/li><li>Paid time off<\/li><li>Vision insurance<\/li><\/ul>\t\t\t\t\t\t<\/div>\n\t\t\t\t<\/div>\n\t\t\t\t<div class=\"elementor-element elementor-element-63a7050 elementor-widget elementor-widget-spacer\" data-id=\"63a7050\" data-element_type=\"widget\" data-widget_type=\"spacer.default\">\n\t\t\t\t<div class=\"elementor-widget-container\">\n\t\t\t\t\t<div class=\"elementor-spacer\">\n\t\t\t<div class=\"elementor-spacer-inner\"><\/div>\n\t\t<\/div>\n\t\t\t\t<\/div>\n\t\t\t\t<\/div>\n\t\t\t\t<div class=\"elementor-element elementor-element-0aa6e46 elementor-mobile-align-center elementor-tablet-align-left elementor-widget elementor-widget-button\" data-id=\"0aa6e46\" data-element_type=\"widget\" data-widget_type=\"button.default\">\n\t\t\t\t<div class=\"elementor-widget-container\">\n\t\t\t\t\t\t\t<div class=\"elementor-button-wrapper\">\n\t\t\t\t\t<a class=\"elementor-button elementor-button-link elementor-size-md\" href=\"https:\/\/www.indeed.com\/job\/warehouse-general-manager-a5d6b95cd252f1a5\" target=\"_blank\">\n\t\t\t\t\t\t<span class=\"elementor-button-content-wrapper\">\n\t\t\t\t\t\t\t\t\t<span class=\"elementor-button-text\">APPLY NOW<\/span>\n\t\t\t\t\t<\/span>\n\t\t\t\t\t<\/a>\n\t\t\t\t<\/div>\n\t\t\t\t\t\t<\/div>\n\t\t\t\t<\/div>\n\t\t\t\t<div class=\"elementor-element elementor-element-407118b elementor-widget elementor-widget-text-editor\" data-id=\"407118b\" data-element_type=\"widget\" data-widget_type=\"text-editor.default\">\n\t\t\t\t<div class=\"elementor-widget-container\">\n\t\t\t\t\t\t\t<p><strong>We are an equal opportunity employer.<\/strong> All qualified applicants will receive consideration for employment without regard to race, color, religion, sex, national origin, disability status, protected veteran status or any other characteristic protected by law.<\/p>\t\t\t\t\t\t<\/div>\n\t\t\t\t<\/div>\n\t\t\t\t\t<\/div>\n\t\t<\/div>\n\t\t\t\t\t<\/div>\n\t\t<\/section>\n\t\t\t\t\t<\/div>\n\t\t<\/div>\n\t\t\t\t\t<\/div>\n\t\t<\/section>\n\t\t\t\t<section class=\"elementor-section elementor-top-section elementor-element elementor-element-e9fc991 elementor-section-boxed elementor-section-height-default elementor-section-height-default\" data-id=\"e9fc991\" data-element_type=\"section\">\n\t\t\t\t\t\t<div class=\"elementor-container elementor-column-gap-default\">\n\t\t\t\t\t<div class=\"elementor-column elementor-col-100 elementor-top-column elementor-element elementor-element-e634845\" data-id=\"e634845\" data-element_type=\"column\">\n\t\t\t<div class=\"elementor-widget-wrap elementor-element-populated\">\n\t\t\t\t\t\t<div class=\"elementor-element elementor-element-1591b23 elementor-widget elementor-widget-spacer\" data-id=\"1591b23\" data-element_type=\"widget\" data-widget_type=\"spacer.default\">\n\t\t\t\t<div class=\"elementor-widget-container\">\n\t\t\t\t\t<div class=\"elementor-spacer\">\n\t\t\t<div class=\"elementor-spacer-inner\"><\/div>\n\t\t<\/div>\n\t\t\t\t<\/div>\n\t\t\t\t<\/div>\n\t\t\t\t\t<\/div>\n\t\t<\/div>\n\t\t\t\t\t<\/div>\n\t\t<\/section>\n\t\t\t\t<section class=\"elementor-section elementor-top-section elementor-element elementor-element-3b36a2d6 elementor-section-boxed elementor-section-height-default elementor-section-height-default\" data-id=\"3b36a2d6\" data-element_type=\"section\" data-settings=\"{&quot;background_background&quot;:&quot;classic&quot;}\">\n\t\t\t\t\t\t<div class=\"elementor-container elementor-column-gap-default\">\n\t\t\t\t\t<div class=\"elementor-column elementor-col-50 elementor-top-column elementor-element elementor-element-4bf98086\" data-id=\"4bf98086\" data-element_type=\"column\">\n\t\t\t<div class=\"elementor-widget-wrap elementor-element-populated\">\n\t\t\t\t\t\t<div class=\"elementor-element elementor-element-48527180 elementor-view-default elementor-widget elementor-widget-icon\" data-id=\"48527180\" data-element_type=\"widget\" data-widget_type=\"icon.default\">\n\t\t\t\t<div class=\"elementor-widget-container\">\n\t\t\t\t\t<div class=\"elementor-icon-wrapper\">\n\t\t\t<div class=\"elementor-icon\">\n\t\t\t<i aria-hidden=\"true\" class=\"far fa-envelope\"><\/i>\t\t\t<\/div>\n\t\t<\/div>\n\t\t\t\t<\/div>\n\t\t\t\t<\/div>\n\t\t\t\t\t<\/div>\n\t\t<\/div>\n\t\t\t\t<div class=\"elementor-column elementor-col-50 elementor-top-column elementor-element elementor-element-41f5b679\" data-id=\"41f5b679\" data-element_type=\"column\">\n\t\t\t<div class=\"elementor-widget-wrap elementor-element-populated\">\n\t\t\t\t\t\t<div class=\"elementor-element elementor-element-595f62f3 elementor-widget elementor-widget-heading\" data-id=\"595f62f3\" data-element_type=\"widget\" data-widget_type=\"heading.default\">\n\t\t\t\t<div class=\"elementor-widget-container\">\n\t\t\t<h2 class=\"elementor-heading-title elementor-size-default\">Email Us<br><a href=\"mailto:info@starmed.care?Subject=Information%20Request\" target=\"_top\">info@starmed.care<\/a><\/h2>\t\t<\/div>\n\t\t\t\t<\/div>\n\t\t\t\t\t<\/div>\n\t\t<\/div>\n\t\t\t\t\t<\/div>\n\t\t<\/section>\n\t\t\t\t<\/div>\n\t\t","protected":false},"excerpt":{"rendered":"","protected":false},"author":1,"featured_media":0,"parent":0,"menu_order":0,"comment_status":"closed","ping_status":"closed","template":"elementor_header_footer","meta":{"footnotes":""},"folder":[],"class_list":["post-11031","page","type-page","status-publish","hentry","clearfix"],"yoast_head":"<!-- This site is optimized with the Yoast SEO plugin v23.9 - https:\/\/yoast.com\/wordpress\/plugins\/seo\/ -->\n<title>M\u00e9dico de la empresa - StarMed Healthcare<\/title>\n<meta name=\"description\" content=\"\u00a1\u00danase a la organizaci\u00f3n de atenci\u00f3n m\u00e9dica de m\u00e1s r\u00e1pido crecimiento en Carolina del Norte! \u00a1No podemos esperar para tenerte en nuestro equipo!\" \/>\n<meta name=\"robots\" content=\"index, follow, max-snippet:-1, max-image-preview:large, max-video-preview:-1\" \/>\n<link rel=\"canonical\" href=\"https:\/\/starmed.care\/es\/medico-de-la-empresa\/\" \/>\n<meta property=\"og:locale\" content=\"es_ES\" \/>\n<meta property=\"og:type\" content=\"article\" \/>\n<meta property=\"og:title\" content=\"M\u00e9dico de la empresa - StarMed Healthcare\" \/>\n<meta property=\"og:description\" content=\"\u00a1\u00danase a la organizaci\u00f3n de atenci\u00f3n m\u00e9dica de m\u00e1s r\u00e1pido crecimiento en Carolina del Norte! \u00a1No podemos esperar para tenerte en nuestro equipo!\" \/>\n<meta property=\"og:url\" content=\"https:\/\/starmed.care\/es\/medico-de-la-empresa\/\" \/>\n<meta property=\"og:site_name\" content=\"StarMed Healthcare\" \/>\n<meta property=\"article:publisher\" content=\"https:\/\/www.facebook.com\/StarMedCare\/\" \/>\n<meta property=\"og:image\" content=\"https:\/\/starmed.care\/wp-content\/uploads\/2021\/04\/starmed-navy.png\" \/>\n\t<meta property=\"og:image:width\" content=\"350\" \/>\n\t<meta property=\"og:image:height\" content=\"95\" \/>\n\t<meta property=\"og:image:type\" content=\"image\/png\" \/>\n<meta name=\"twitter:card\" content=\"summary_large_image\" \/>\n<meta name=\"twitter:site\" content=\"@starmedcare\" \/>\n<script type=\"application\/ld+json\" class=\"yoast-schema-graph\">{\"@context\":\"https:\/\/schema.org\",\"@graph\":[{\"@type\":\"WebPage\",\"@id\":\"https:\/\/starmed.care\/es\/medico-de-la-empresa\/\",\"url\":\"https:\/\/starmed.care\/es\/medico-de-la-empresa\/\",\"name\":\"M\u00e9dico de la empresa - StarMed Healthcare\",\"isPartOf\":{\"@id\":\"https:\/\/starmed.care\/#website\"},\"datePublished\":\"2022-11-30T19:08:11+00:00\",\"dateModified\":\"2022-11-30T19:08:11+00:00\",\"description\":\"\u00a1\u00danase a la organizaci\u00f3n de atenci\u00f3n m\u00e9dica de m\u00e1s r\u00e1pido crecimiento en Carolina del Norte! \u00a1No podemos esperar para tenerte en nuestro equipo!\",\"breadcrumb\":{\"@id\":\"https:\/\/starmed.care\/es\/medico-de-la-empresa\/#breadcrumb\"},\"inLanguage\":\"es\",\"potentialAction\":[{\"@type\":\"ReadAction\",\"target\":[\"https:\/\/starmed.care\/es\/medico-de-la-empresa\/\"]}]},{\"@type\":\"BreadcrumbList\",\"@id\":\"https:\/\/starmed.care\/es\/medico-de-la-empresa\/#breadcrumb\",\"itemListElement\":[{\"@type\":\"ListItem\",\"position\":1,\"name\":\"Home\",\"item\":\"https:\/\/starmed.care\/\"},{\"@type\":\"ListItem\",\"position\":2,\"name\":\"M\u00e9dico de la empresa\"}]},{\"@type\":\"WebSite\",\"@id\":\"https:\/\/starmed.care\/#website\",\"url\":\"https:\/\/starmed.care\/\",\"name\":\"StarMed Healthcare\",\"description\":\"\",\"publisher\":{\"@id\":\"https:\/\/starmed.care\/#organization\"},\"potentialAction\":[{\"@type\":\"SearchAction\",\"target\":{\"@type\":\"EntryPoint\",\"urlTemplate\":\"https:\/\/starmed.care\/?s={search_term_string}\"},\"query-input\":{\"@type\":\"PropertyValueSpecification\",\"valueRequired\":true,\"valueName\":\"search_term_string\"}}],\"inLanguage\":\"es\"},{\"@type\":\"Organization\",\"@id\":\"https:\/\/starmed.care\/#organization\",\"name\":\"StarMed Healthcare\",\"url\":\"https:\/\/starmed.care\/\",\"logo\":{\"@type\":\"ImageObject\",\"inLanguage\":\"es\",\"@id\":\"https:\/\/starmed.care\/#\/schema\/logo\/image\/\",\"url\":\"https:\/\/starmed.care\/wp-content\/uploads\/2021\/04\/starmed-navy.png\",\"contentUrl\":\"https:\/\/starmed.care\/wp-content\/uploads\/2021\/04\/starmed-navy.png\",\"width\":350,\"height\":95,\"caption\":\"StarMed Healthcare\"},\"image\":{\"@id\":\"https:\/\/starmed.care\/#\/schema\/logo\/image\/\"},\"sameAs\":[\"https:\/\/www.facebook.com\/StarMedCare\/\",\"https:\/\/x.com\/starmedcare\",\"https:\/\/www.instagram.com\/starmedcare\/\",\"https:\/\/www.youtube.com\/channel\/UClmSeca6AkvUerbHnX0SYkg\"]}]}<\/script>\n<!-- \/ Yoast SEO plugin. -->","yoast_head_json":{"title":"M\u00e9dico de la empresa - StarMed Healthcare","description":"\u00a1\u00danase a la organizaci\u00f3n de atenci\u00f3n m\u00e9dica de m\u00e1s r\u00e1pido crecimiento en Carolina del Norte! \u00a1No podemos esperar para tenerte en nuestro equipo!","robots":{"index":"index","follow":"follow","max-snippet":"max-snippet:-1","max-image-preview":"max-image-preview:large","max-video-preview":"max-video-preview:-1"},"canonical":"https:\/\/starmed.care\/es\/medico-de-la-empresa\/","og_locale":"es_ES","og_type":"article","og_title":"M\u00e9dico de la empresa - StarMed Healthcare","og_description":"\u00a1\u00danase a la organizaci\u00f3n de atenci\u00f3n m\u00e9dica de m\u00e1s r\u00e1pido crecimiento en Carolina del Norte! \u00a1No podemos esperar para tenerte en nuestro equipo!","og_url":"https:\/\/starmed.care\/es\/medico-de-la-empresa\/","og_site_name":"StarMed Healthcare","article_publisher":"https:\/\/www.facebook.com\/StarMedCare\/","og_image":[{"width":350,"height":95,"url":"https:\/\/starmed.care\/wp-content\/uploads\/2021\/04\/starmed-navy.png","type":"image\/png"}],"twitter_card":"summary_large_image","twitter_site":"@starmedcare","schema":{"@context":"https:\/\/schema.org","@graph":[{"@type":"WebPage","@id":"https:\/\/starmed.care\/es\/medico-de-la-empresa\/","url":"https:\/\/starmed.care\/es\/medico-de-la-empresa\/","name":"M\u00e9dico de la empresa - StarMed Healthcare","isPartOf":{"@id":"https:\/\/starmed.care\/#website"},"datePublished":"2022-11-30T19:08:11+00:00","dateModified":"2022-11-30T19:08:11+00:00","description":"\u00a1\u00danase a la organizaci\u00f3n de atenci\u00f3n m\u00e9dica de m\u00e1s r\u00e1pido crecimiento en Carolina del Norte! \u00a1No podemos esperar para tenerte en nuestro equipo!","breadcrumb":{"@id":"https:\/\/starmed.care\/es\/medico-de-la-empresa\/#breadcrumb"},"inLanguage":"es","potentialAction":[{"@type":"ReadAction","target":["https:\/\/starmed.care\/es\/medico-de-la-empresa\/"]}]},{"@type":"BreadcrumbList","@id":"https:\/\/starmed.care\/es\/medico-de-la-empresa\/#breadcrumb","itemListElement":[{"@type":"ListItem","position":1,"name":"Home","item":"https:\/\/starmed.care\/"},{"@type":"ListItem","position":2,"name":"M\u00e9dico de la empresa"}]},{"@type":"WebSite","@id":"https:\/\/starmed.care\/#website","url":"https:\/\/starmed.care\/","name":"StarMed Healthcare","description":"","publisher":{"@id":"https:\/\/starmed.care\/#organization"},"potentialAction":[{"@type":"SearchAction","target":{"@type":"EntryPoint","urlTemplate":"https:\/\/starmed.care\/?s={search_term_string}"},"query-input":{"@type":"PropertyValueSpecification","valueRequired":true,"valueName":"search_term_string"}}],"inLanguage":"es"},{"@type":"Organization","@id":"https:\/\/starmed.care\/#organization","name":"StarMed Healthcare","url":"https:\/\/starmed.care\/","logo":{"@type":"ImageObject","inLanguage":"es","@id":"https:\/\/starmed.care\/#\/schema\/logo\/image\/","url":"https:\/\/starmed.care\/wp-content\/uploads\/2021\/04\/starmed-navy.png","contentUrl":"https:\/\/starmed.care\/wp-content\/uploads\/2021\/04\/starmed-navy.png","width":350,"height":95,"caption":"StarMed Healthcare"},"image":{"@id":"https:\/\/starmed.care\/#\/schema\/logo\/image\/"},"sameAs":["https:\/\/www.facebook.com\/StarMedCare\/","https:\/\/x.com\/starmedcare","https:\/\/www.instagram.com\/starmedcare\/","https:\/\/www.youtube.com\/channel\/UClmSeca6AkvUerbHnX0SYkg"]}]}},"_links":{"self":[{"href":"https:\/\/starmed.care\/es\/wp-json\/wp\/v2\/pages\/11031","targetHints":{"allow":["GET"]}}],"collection":[{"href":"https:\/\/starmed.care\/es\/wp-json\/wp\/v2\/pages"}],"about":[{"href":"https:\/\/starmed.care\/es\/wp-json\/wp\/v2\/types\/page"}],"author":[{"embeddable":true,"href":"https:\/\/starmed.care\/es\/wp-json\/wp\/v2\/users\/1"}],"replies":[{"embeddable":true,"href":"https:\/\/starmed.care\/es\/wp-json\/wp\/v2\/comments?post=11031"}],"version-history":[{"count":0,"href":"https:\/\/starmed.care\/es\/wp-json\/wp\/v2\/pages\/11031\/revisions"}],"wp:attachment":[{"href":"https:\/\/starmed.care\/es\/wp-json\/wp\/v2\/media?parent=11031"}],"wp:term":[{"taxonomy":"folder","embeddable":true,"href":"https:\/\/starmed.care\/es\/wp-json\/wp\/v2\/folder?post=11031"}],"curies":[{"name":"wp","href":"https:\/\/api.w.org\/{rel}","templated":true}]}}